{"id":3,"date":"2022-03-30T09:27:15","date_gmt":"2022-03-30T09:27:15","guid":{"rendered":"http:\/\/puravall.com\/?page_id=3"},"modified":"2023-05-02T08:02:13","modified_gmt":"2023-05-02T08:02:13","slug":"politica-privacitat","status":"publish","type":"page","link":"https:\/\/puravall.com\/ca\/politica-privacitat\/","title":{"rendered":"Pol\u00edtica de privacitat"},"content":{"rendered":"\n<p>A AGENCIA DE VIATGES PURA VALL, S.L. ens preocupem per la seva privacitat i la transpar\u00e8ncia. A continuaci\u00f3, li indiquem en detall els tractaments de dades personals que realitzem, aix\u00ed com tota la informaci\u00f3 relativa als mateixos d\u2019acord amb l\u2019establert pel REGLAMENT (UE) 2016\/679, del 27 d\u2019abril de 2016 del Parlament Europeu, i del Consell relatiu a la Protecci\u00f3 de les persones f\u00edsiques en el que respecta al tractament de les seves dades personals i per la Llei Org\u00e0nica 3\/2018, de 5 de desembre, de Protecci\u00f3 de Dades Personals i garantia dels drets digitals.<\/p>\n<figure class=\"wp-block-table\">\n<table>\n<tbody>\n<tr>\n<td><strong>Informaci\u00f3 b\u00e0sica sobre Protecci\u00f3 de Dades<\/strong><\/td>\n<\/tr>\n<tr>\n<td><strong>Responsable:<\/strong><\/td>\n<td>AGENCIA DE VIATGES PURA VALL, S.L.<\/td>\n<\/tr>\n<tr>\n<td><strong>Finalitat:<\/strong><\/td>\n<td>Realitzar la gesti\u00f3 administrativa, comptable i fiscal, aix\u00ed com enviar-li comunicacions comercials sobre els nostres productes i serveis.<\/td>\n<\/tr>\n<tr>\n<td><strong>Drets:<\/strong><\/td>\n<td>Te dret a accedir, rectificar i suprimir les dades, aix\u00ed com d\u2019altres dret, indicats a la informaci\u00f3 addicional.<\/td>\n<\/tr>\n<tr>\n<td><strong>Proced\u00e8ncia:<\/strong><\/td>\n<td>El propi interessat.<\/td>\n<\/tr>\n<\/tbody>\n<\/table>\n<\/figure>\n<p><strong>INFORMACI\u00d3 COMPLERTA SOBRE PROTECCI\u00d3 DE DADES:<\/strong><\/p>\n<p><strong>1. QUI ES EL RESPONSABLE DEL TRACTAMENT DE LES SEVES DADES?<\/strong><\/p>\n<p>AGENCIA DE VIATGES PURA VALL, S.L.<\/p>\n<p>B05366042<\/p>\n<p>C\/ Puigcerda, n.\u00ba 4, 17534 Ribes de Freser \u2013 Girona<\/p>\n<p>685940370 \u2013 685940375 \u00a0 <a href=\"mailto:info@puravall.com\">info@puravall.com<\/a>\u00a0<\/p>\n<p><strong>2. AMB QUINA FINALITAT TRACTEM LES SEVES DADES PERSONALS?<\/strong><\/p>\n<p>A AGENCIA DE VIATGES PURA VALL, S.L. tractem la informaci\u00f3 que ens faciliten les persones interessades amb la finalitat de fer la gesti\u00f3 administrativa, comptable i fiscal, aix\u00ed com enviar-li comunicacions comercials sobre els nostres productes i\/o serveis.<\/p>\n<p><strong>3. QUANT DE TEMPS CONSERVAREM LES SEVES DADES?<\/strong><\/p>\n<p>Durant 5 anys o quan ja no siguin necessaris per a la finalitat per a la qual es van recollir o mentre l\u2019interessat no sol\u00b7liciti la seva supressi\u00f3.<\/p>\n<p><strong>4. QUINA ES LA LEGITIMACI\u00d3 PEL TRACTAMENT DE LES SEVES DADES?<\/strong><\/p>\n<p>Li indiquem la base legal pel tractament de les seves dades: Llei 34\/2002, de 11 de juliol, de Serveis de la Societat de la Informaci\u00f3 i Comer\u00e7 Electr\u00f2nic; la Llei 56\/2007 de 28 de desembre de Mesures d\u2019Impuls a la Societat de la Informaci\u00f3; el Reial decret legislatiu 1\/2007, de 16 de novembre, pel qual s\u2019aprova el Text Ref\u00f3s de la Llei General de Defensa dels Consumidors i Usuaris.<\/p>\n<p>Consentiment del interessat: REGLAMENT (UE) 2016\/679, del 27 d\u2019abril de 2016 del Parlament Europeu, i del Consell relatiu a la Protecci\u00f3 de les persones f\u00edsiques en el que respecta al tractament de les seves dades personals i per la Llei Org\u00e0nica 3\/2018, de 5 de desembre, de Protecci\u00f3 de Dades Personals i garantia dels drets digitals.<\/p>\n<p><strong>5. A QUINS DESTINATARIS ES COMUNICARAN LES SEVES DADES?<\/strong><\/p>\n<p>No se cediran dades a tercers, excepte obligaci\u00f3 legal.<\/p>\n<p><strong>6. TRANSFER\u00c8NCIES DE DADES A TERCERS PA\u00cfSOS<\/strong><\/p>\n<p>No estan previstes transfer\u00e8ncies de dades a tercers pa\u00efsos.<\/p>\n<p><strong>7. QUINS SON ELS SEUS DRETS QUAN ENS FACILITA LES SEVES DADES?<\/strong><\/p>\n<p>Qualsevol persona te dret a obtenir confirmaci\u00f3 sobre si a AGENCIA DE VIATGES PURA VALL, S.L. estam tractant dades personals que els concerneixin, o no.<\/p>\n<p>Les persones interessades tenen dret a accedir a les seves dades personals, aix\u00ed com a sol\u00b7licitar la rectificaci\u00f3 de les dades inexactes o, en el seu cas, sol\u00b7licitar la seva supressi\u00f3 quan, entre d\u2019altres motius, les dades ja no siguin necess\u00e0ries per les finalitats que varen ser recollides.<\/p>\n<p>En determinades circumstancies, els interessats podran sol\u00b7licitar la limitaci\u00f3 del tractament de les seves dades, cas en el que \u00fanicament els conservarem per l\u2019exercici o la defensa de reclamacions.<\/p>\n<p>En determinades circumstancies i per motius relacionats amb la seva situaci\u00f3 particular, els interessats podran oposar-se al tractament de les seves dades. En aquest cas, AGENCIA DE VIATGES PURA VALL, S.L. deixar\u00e0 de tractar les dades, excepte per motius leg\u00edtims imperiosos, o l\u2019exercici o la defensa de possibles reclamacions.<\/p>\n<p>Si ha atorgat el seu consentiment per alguna finalitat concreta, te dret a retirar el consentiment atorgat en qualsevol moment, sense que aix\u00f2 afecti a la licitud del tractament basat en el consentiment previ a la seva retirada.<\/p>\n<p>Podr\u00e0 exercitar els seus drets enviant correu electr\u00f2nic a <a href=\"mailto:info@puravall.com\">info@puravall.com<\/a> o correu postal a l\u2019adre\u00e7a del responsable, indicada en el punt 1.<\/p>\n<p>En cas de que senti vulnerats els seus drets en el que respecta a la protecci\u00f3 de les seves dades personals, especialment quan no hagi obtingut una resposta satisfact\u00f2ria en l\u2019exercici dels seus, pot presentar una reclamaci\u00f3 davant l\u2019Autoritat de Control en mat\u00e8ria de Protecci\u00f3 de Dades competent a trav\u00e9s del seu lloc web: <a href=\"http:\/\/www.agpd.es\">www.agpd.es<\/a>.<\/p>\n<p><strong>8. COM HEM OBTINGUT LES SEVES DADES?<\/strong><\/p>\n<p>Los dades personals que tractem a AGENCIA DE VIATGES PURA VALL, S.L. provenen del propi interessat.<\/p>\n<p>Las categories de dades que es tracten son:<\/p>\n<ul>\n<li>Direccions postals i electr\u00f2niques<\/li>\n<li>Informaci\u00f3 comercial<\/li>\n<li>Dades identificatives de clients<\/li>\n<\/ul>\n<p>No es tracten categories especials de dades personals (son aquelles dades que revelen l\u2019origen \u00e8tnic o racial, les opinions pol\u00edtiques, les conviccions religioses o filos\u00f2fiques, o la afiliaci\u00f3 sindical, dades gen\u00e8tiques, dades biom\u00e8triques dirigides a identificar de manera un\u00edvoca a una persona f\u00edsica, dades relatives a la salut o dades relatives a la vida sexual o l\u2019orientaci\u00f3 sexual d\u2019una persona f\u00edsica).<\/p>\n","protected":false},"excerpt":{"rendered":"<p>A AGENCIA DE VIATGES PURA VALL, S.L. ens preocupem per la seva privacitat i la transpar\u00e8ncia. A continuaci\u00f3, li indiquem en detall els tractaments de dades personals que realitzem, aix\u00ed &hellip;<\/p>\n","protected":false},"author":1,"featured_media":0,"parent":0,"menu_order":11,"comment_status":"closed","ping_status":"closed","template":"","meta":{"_acf_changed":false,"footnotes":""},"class_list":["post-3","page","type-page","status-publish","hentry"],"acf":[],"yoast_head":"<!-- This site is optimized with the Yoast SEO plugin v23.8 - https:\/\/yoast.com\/wordpress\/plugins\/seo\/ -->\n<title>Pol\u00edtica de privacitat - Pura Vall<\/title>\n<meta name=\"description\" content=\"A AGENCIA DE VIATGES PURA VALL, S.L. ens preocupem per la seva privacitat i la transpar\u00e8ncia. A continuaci\u00f3, li indiquem en detall els tractaments de\" \/>\n<meta name=\"robots\" content=\"index, follow, max-snippet:-1, max-image-preview:large, max-video-preview:-1\" \/>\n<link rel=\"canonical\" href=\"https:\/\/puravall.com\/ca\/politica-privacitat\/\" \/>\n<meta property=\"og:locale\" content=\"ca_ES\" \/>\n<meta property=\"og:type\" content=\"article\" \/>\n<meta property=\"og:title\" content=\"Pol\u00edtica de privacitat - Pura Vall\" \/>\n<meta property=\"og:description\" content=\"A AGENCIA DE VIATGES PURA VALL, S.L. ens preocupem per la seva privacitat i la transpar\u00e8ncia. A continuaci\u00f3, li indiquem en detall els tractaments de\" \/>\n<meta property=\"og:url\" content=\"https:\/\/puravall.com\/ca\/politica-privacitat\/\" \/>\n<meta property=\"og:site_name\" content=\"Pura Vall\" \/>\n<meta property=\"article:modified_time\" content=\"2023-05-02T08:02:13+00:00\" \/>\n<meta name=\"twitter:card\" content=\"summary_large_image\" \/>\n<meta name=\"twitter:label1\" content=\"Temps estimat de lectura\" \/>\n\t<meta name=\"twitter:data1\" content=\"5 minuts\" \/>\n<script type=\"application\/ld+json\" class=\"yoast-schema-graph\">{\"@context\":\"https:\/\/schema.org\",\"@graph\":[{\"@type\":\"WebPage\",\"@id\":\"https:\/\/puravall.com\/ca\/politica-privacitat\/\",\"url\":\"https:\/\/puravall.com\/ca\/politica-privacitat\/\",\"name\":\"Pol\u00edtica de privacitat - Pura Vall\",\"isPartOf\":{\"@id\":\"https:\/\/puravall.com\/ca\/#website\"},\"datePublished\":\"2022-03-30T09:27:15+00:00\",\"dateModified\":\"2023-05-02T08:02:13+00:00\",\"description\":\"A AGENCIA DE VIATGES PURA VALL, S.L. ens preocupem per la seva privacitat i la transpar\u00e8ncia. A continuaci\u00f3, li indiquem en detall els tractaments de\",\"breadcrumb\":{\"@id\":\"https:\/\/puravall.com\/ca\/politica-privacitat\/#breadcrumb\"},\"inLanguage\":\"ca\",\"potentialAction\":[{\"@type\":\"ReadAction\",\"target\":[\"https:\/\/puravall.com\/ca\/politica-privacitat\/\"]}]},{\"@type\":\"BreadcrumbList\",\"@id\":\"https:\/\/puravall.com\/ca\/politica-privacitat\/#breadcrumb\",\"itemListElement\":[{\"@type\":\"ListItem\",\"position\":1,\"name\":\"Portada\",\"item\":\"https:\/\/puravall.com\/ca\/\"},{\"@type\":\"ListItem\",\"position\":2,\"name\":\"Pol\u00edtica de privacitat\"}]},{\"@type\":\"WebSite\",\"@id\":\"https:\/\/puravall.com\/ca\/#website\",\"url\":\"https:\/\/puravall.com\/ca\/\",\"name\":\"Pura Vall\",\"description\":\"Garantim diversitat, comoditat, seguretat i diversi\u00f3 a la teva escapada!\",\"publisher\":{\"@id\":\"https:\/\/puravall.com\/ca\/#organization\"},\"potentialAction\":[{\"@type\":\"SearchAction\",\"target\":{\"@type\":\"EntryPoint\",\"urlTemplate\":\"https:\/\/puravall.com\/ca\/?s={search_term_string}\"},\"query-input\":{\"@type\":\"PropertyValueSpecification\",\"valueRequired\":true,\"valueName\":\"search_term_string\"}}],\"inLanguage\":\"ca\"},{\"@type\":\"Organization\",\"@id\":\"https:\/\/puravall.com\/ca\/#organization\",\"name\":\"Pura Vall\",\"url\":\"https:\/\/puravall.com\/ca\/\",\"logo\":{\"@type\":\"ImageObject\",\"inLanguage\":\"ca\",\"@id\":\"https:\/\/puravall.com\/ca\/#\/schema\/logo\/image\/\",\"url\":\"https:\/\/puravall.com\/wp-content\/uploads\/cropped-logo-positive.png\",\"contentUrl\":\"https:\/\/puravall.com\/wp-content\/uploads\/cropped-logo-positive.png\",\"width\":346,\"height\":409,\"caption\":\"Pura Vall\"},\"image\":{\"@id\":\"https:\/\/puravall.com\/ca\/#\/schema\/logo\/image\/\"}}]}<\/script>\n<!-- \/ Yoast SEO plugin. -->","yoast_head_json":{"title":"Pol\u00edtica de privacitat - Pura Vall","description":"A AGENCIA DE VIATGES PURA VALL, S.L. ens preocupem per la seva privacitat i la transpar\u00e8ncia. A continuaci\u00f3, li indiquem en detall els tractaments de","robots":{"index":"index","follow":"follow","max-snippet":"max-snippet:-1","max-image-preview":"max-image-preview:large","max-video-preview":"max-video-preview:-1"},"canonical":"https:\/\/puravall.com\/ca\/politica-privacitat\/","og_locale":"ca_ES","og_type":"article","og_title":"Pol\u00edtica de privacitat - Pura Vall","og_description":"A AGENCIA DE VIATGES PURA VALL, S.L. ens preocupem per la seva privacitat i la transpar\u00e8ncia. A continuaci\u00f3, li indiquem en detall els tractaments de","og_url":"https:\/\/puravall.com\/ca\/politica-privacitat\/","og_site_name":"Pura Vall","article_modified_time":"2023-05-02T08:02:13+00:00","twitter_card":"summary_large_image","twitter_misc":{"Temps estimat de lectura":"5 minuts"},"schema":{"@context":"https:\/\/schema.org","@graph":[{"@type":"WebPage","@id":"https:\/\/puravall.com\/ca\/politica-privacitat\/","url":"https:\/\/puravall.com\/ca\/politica-privacitat\/","name":"Pol\u00edtica de privacitat - Pura Vall","isPartOf":{"@id":"https:\/\/puravall.com\/ca\/#website"},"datePublished":"2022-03-30T09:27:15+00:00","dateModified":"2023-05-02T08:02:13+00:00","description":"A AGENCIA DE VIATGES PURA VALL, S.L. ens preocupem per la seva privacitat i la transpar\u00e8ncia. A continuaci\u00f3, li indiquem en detall els tractaments de","breadcrumb":{"@id":"https:\/\/puravall.com\/ca\/politica-privacitat\/#breadcrumb"},"inLanguage":"ca","potentialAction":[{"@type":"ReadAction","target":["https:\/\/puravall.com\/ca\/politica-privacitat\/"]}]},{"@type":"BreadcrumbList","@id":"https:\/\/puravall.com\/ca\/politica-privacitat\/#breadcrumb","itemListElement":[{"@type":"ListItem","position":1,"name":"Portada","item":"https:\/\/puravall.com\/ca\/"},{"@type":"ListItem","position":2,"name":"Pol\u00edtica de privacitat"}]},{"@type":"WebSite","@id":"https:\/\/puravall.com\/ca\/#website","url":"https:\/\/puravall.com\/ca\/","name":"Pura Vall","description":"Garantim diversitat, comoditat, seguretat i diversi\u00f3 a la teva escapada!","publisher":{"@id":"https:\/\/puravall.com\/ca\/#organization"},"potentialAction":[{"@type":"SearchAction","target":{"@type":"EntryPoint","urlTemplate":"https:\/\/puravall.com\/ca\/?s={search_term_string}"},"query-input":{"@type":"PropertyValueSpecification","valueRequired":true,"valueName":"search_term_string"}}],"inLanguage":"ca"},{"@type":"Organization","@id":"https:\/\/puravall.com\/ca\/#organization","name":"Pura Vall","url":"https:\/\/puravall.com\/ca\/","logo":{"@type":"ImageObject","inLanguage":"ca","@id":"https:\/\/puravall.com\/ca\/#\/schema\/logo\/image\/","url":"https:\/\/puravall.com\/wp-content\/uploads\/cropped-logo-positive.png","contentUrl":"https:\/\/puravall.com\/wp-content\/uploads\/cropped-logo-positive.png","width":346,"height":409,"caption":"Pura Vall"},"image":{"@id":"https:\/\/puravall.com\/ca\/#\/schema\/logo\/image\/"}}]}},"_links":{"self":[{"href":"https:\/\/puravall.com\/ca\/wp-json\/wp\/v2\/pages\/3","targetHints":{"allow":["GET"]}}],"collection":[{"href":"https:\/\/puravall.com\/ca\/wp-json\/wp\/v2\/pages"}],"about":[{"href":"https:\/\/puravall.com\/ca\/wp-json\/wp\/v2\/types\/page"}],"author":[{"embeddable":true,"href":"https:\/\/puravall.com\/ca\/wp-json\/wp\/v2\/users\/1"}],"replies":[{"embeddable":true,"href":"https:\/\/puravall.com\/ca\/wp-json\/wp\/v2\/comments?post=3"}],"version-history":[{"count":0,"href":"https:\/\/puravall.com\/ca\/wp-json\/wp\/v2\/pages\/3\/revisions"}],"wp:attachment":[{"href":"https:\/\/puravall.com\/ca\/wp-json\/wp\/v2\/media?parent=3"}],"curies":[{"name":"wp","href":"https:\/\/api.w.org\/{rel}","templated":true}]}}