{"id":403,"date":"2023-03-14T08:48:01","date_gmt":"2023-03-14T08:48:01","guid":{"rendered":"http:\/\/puravall.com\/?page_id=403"},"modified":"2023-05-22T11:07:42","modified_gmt":"2023-05-22T11:07:42","slug":"uneix-te-al-canvi","status":"publish","type":"page","link":"https:\/\/puravall.com\/ca\/uneix-te-al-canvi\/","title":{"rendered":"<b><u>Uneix-te<\/b><\/u> al canvi"},"content":{"rendered":"","protected":false},"excerpt":{"rendered":"<p>Benvingut si creus que un altre forma de viure m\u00e9s \u00e8tica, sostenible, honesta i respectuosa, \u00e9s possible&#8230; cal comprometre&#8217;ns i sobretot actuar. <\/p>\n","protected":false},"author":1,"featured_media":0,"parent":0,"menu_order":2,"comment_status":"closed","ping_status":"closed","template":"page-templates\/page-flexible.php","meta":{"_acf_changed":false,"footnotes":""},"class_list":["post-403","page","type-page","status-publish","hentry"],"acf":[],"yoast_head":"<!-- This site is optimized with the Yoast SEO plugin v23.8 - https:\/\/yoast.com\/wordpress\/plugins\/seo\/ -->\n<title>Pura Vall - Manifest per un turisme sostenible i responsable<\/title>\n<meta name=\"description\" content=\"Compromisos Pura Vall per un turisme honest, sostenible, \u00e9tico, responsable i comprom\u00e8s amb el territori. \u00bfEls comparteixes?\" \/>\n<meta name=\"robots\" content=\"index, follow, max-snippet:-1, max-image-preview:large, max-video-preview:-1\" \/>\n<link rel=\"canonical\" href=\"https:\/\/puravall.com\/ca\/uneix-te-al-canvi\/\" \/>\n<meta property=\"og:locale\" content=\"ca_ES\" \/>\n<meta property=\"og:type\" content=\"article\" \/>\n<meta property=\"og:title\" content=\"Pura Vall - Manifest per un turisme sostenible i responsable\" \/>\n<meta property=\"og:description\" content=\"Compromisos Pura Vall per un turisme honest, sostenible, \u00e9tico, responsable i comprom\u00e8s amb el territori. \u00bfEls comparteixes?\" \/>\n<meta property=\"og:url\" content=\"https:\/\/puravall.com\/ca\/uneix-te-al-canvi\/\" \/>\n<meta property=\"og:site_name\" content=\"Pura Vall\" \/>\n<meta property=\"article:modified_time\" content=\"2023-05-22T11:07:42+00:00\" \/>\n<meta name=\"twitter:card\" content=\"summary_large_image\" \/>\n<script type=\"application\/ld+json\" class=\"yoast-schema-graph\">{\"@context\":\"https:\/\/schema.org\",\"@graph\":[{\"@type\":\"WebPage\",\"@id\":\"https:\/\/puravall.com\/ca\/uneix-te-al-canvi\/\",\"url\":\"https:\/\/puravall.com\/ca\/uneix-te-al-canvi\/\",\"name\":\"Pura Vall - Manifest per un turisme sostenible i responsable\",\"isPartOf\":{\"@id\":\"https:\/\/puravall.com\/ca\/#website\"},\"datePublished\":\"2023-03-14T08:48:01+00:00\",\"dateModified\":\"2023-05-22T11:07:42+00:00\",\"description\":\"Compromisos Pura Vall per un turisme honest, sostenible, \u00e9tico, responsable i comprom\u00e8s amb el territori. \u00bfEls comparteixes?\",\"breadcrumb\":{\"@id\":\"https:\/\/puravall.com\/ca\/uneix-te-al-canvi\/#breadcrumb\"},\"inLanguage\":\"ca\",\"potentialAction\":[{\"@type\":\"ReadAction\",\"target\":[\"https:\/\/puravall.com\/ca\/uneix-te-al-canvi\/\"]}]},{\"@type\":\"BreadcrumbList\",\"@id\":\"https:\/\/puravall.com\/ca\/uneix-te-al-canvi\/#breadcrumb\",\"itemListElement\":[{\"@type\":\"ListItem\",\"position\":1,\"name\":\"Portada\",\"item\":\"https:\/\/puravall.com\/ca\/\"},{\"@type\":\"ListItem\",\"position\":2,\"name\":\"Uneix-te al canvi\"}]},{\"@type\":\"WebSite\",\"@id\":\"https:\/\/puravall.com\/ca\/#website\",\"url\":\"https:\/\/puravall.com\/ca\/\",\"name\":\"Pura Vall\",\"description\":\"Garantim diversitat, comoditat, seguretat i diversi\u00f3 a la teva escapada!\",\"publisher\":{\"@id\":\"https:\/\/puravall.com\/ca\/#organization\"},\"potentialAction\":[{\"@type\":\"SearchAction\",\"target\":{\"@type\":\"EntryPoint\",\"urlTemplate\":\"https:\/\/puravall.com\/ca\/?s={search_term_string}\"},\"query-input\":{\"@type\":\"PropertyValueSpecification\",\"valueRequired\":true,\"valueName\":\"search_term_string\"}}],\"inLanguage\":\"ca\"},{\"@type\":\"Organization\",\"@id\":\"https:\/\/puravall.com\/ca\/#organization\",\"name\":\"Pura Vall\",\"url\":\"https:\/\/puravall.com\/ca\/\",\"logo\":{\"@type\":\"ImageObject\",\"inLanguage\":\"ca\",\"@id\":\"https:\/\/puravall.com\/ca\/#\/schema\/logo\/image\/\",\"url\":\"https:\/\/puravall.com\/wp-content\/uploads\/cropped-logo-positive.png\",\"contentUrl\":\"https:\/\/puravall.com\/wp-content\/uploads\/cropped-logo-positive.png\",\"width\":346,\"height\":409,\"caption\":\"Pura Vall\"},\"image\":{\"@id\":\"https:\/\/puravall.com\/ca\/#\/schema\/logo\/image\/\"}}]}<\/script>\n<!-- \/ Yoast SEO plugin. -->","yoast_head_json":{"title":"Pura Vall - Manifest per un turisme sostenible i responsable","description":"Compromisos Pura Vall per un turisme honest, sostenible, \u00e9tico, responsable i comprom\u00e8s amb el territori. \u00bfEls comparteixes?","robots":{"index":"index","follow":"follow","max-snippet":"max-snippet:-1","max-image-preview":"max-image-preview:large","max-video-preview":"max-video-preview:-1"},"canonical":"https:\/\/puravall.com\/ca\/uneix-te-al-canvi\/","og_locale":"ca_ES","og_type":"article","og_title":"Pura Vall - Manifest per un turisme sostenible i responsable","og_description":"Compromisos Pura Vall per un turisme honest, sostenible, \u00e9tico, responsable i comprom\u00e8s amb el territori. \u00bfEls comparteixes?","og_url":"https:\/\/puravall.com\/ca\/uneix-te-al-canvi\/","og_site_name":"Pura Vall","article_modified_time":"2023-05-22T11:07:42+00:00","twitter_card":"summary_large_image","schema":{"@context":"https:\/\/schema.org","@graph":[{"@type":"WebPage","@id":"https:\/\/puravall.com\/ca\/uneix-te-al-canvi\/","url":"https:\/\/puravall.com\/ca\/uneix-te-al-canvi\/","name":"Pura Vall - Manifest per un turisme sostenible i responsable","isPartOf":{"@id":"https:\/\/puravall.com\/ca\/#website"},"datePublished":"2023-03-14T08:48:01+00:00","dateModified":"2023-05-22T11:07:42+00:00","description":"Compromisos Pura Vall per un turisme honest, sostenible, \u00e9tico, responsable i comprom\u00e8s amb el territori. \u00bfEls comparteixes?","breadcrumb":{"@id":"https:\/\/puravall.com\/ca\/uneix-te-al-canvi\/#breadcrumb"},"inLanguage":"ca","potentialAction":[{"@type":"ReadAction","target":["https:\/\/puravall.com\/ca\/uneix-te-al-canvi\/"]}]},{"@type":"BreadcrumbList","@id":"https:\/\/puravall.com\/ca\/uneix-te-al-canvi\/#breadcrumb","itemListElement":[{"@type":"ListItem","position":1,"name":"Portada","item":"https:\/\/puravall.com\/ca\/"},{"@type":"ListItem","position":2,"name":"Uneix-te al canvi"}]},{"@type":"WebSite","@id":"https:\/\/puravall.com\/ca\/#website","url":"https:\/\/puravall.com\/ca\/","name":"Pura Vall","description":"Garantim diversitat, comoditat, seguretat i diversi\u00f3 a la teva escapada!","publisher":{"@id":"https:\/\/puravall.com\/ca\/#organization"},"potentialAction":[{"@type":"SearchAction","target":{"@type":"EntryPoint","urlTemplate":"https:\/\/puravall.com\/ca\/?s={search_term_string}"},"query-input":{"@type":"PropertyValueSpecification","valueRequired":true,"valueName":"search_term_string"}}],"inLanguage":"ca"},{"@type":"Organization","@id":"https:\/\/puravall.com\/ca\/#organization","name":"Pura Vall","url":"https:\/\/puravall.com\/ca\/","logo":{"@type":"ImageObject","inLanguage":"ca","@id":"https:\/\/puravall.com\/ca\/#\/schema\/logo\/image\/","url":"https:\/\/puravall.com\/wp-content\/uploads\/cropped-logo-positive.png","contentUrl":"https:\/\/puravall.com\/wp-content\/uploads\/cropped-logo-positive.png","width":346,"height":409,"caption":"Pura Vall"},"image":{"@id":"https:\/\/puravall.com\/ca\/#\/schema\/logo\/image\/"}}]}},"_links":{"self":[{"href":"https:\/\/puravall.com\/ca\/wp-json\/wp\/v2\/pages\/403","targetHints":{"allow":["GET"]}}],"collection":[{"href":"https:\/\/puravall.com\/ca\/wp-json\/wp\/v2\/pages"}],"about":[{"href":"https:\/\/puravall.com\/ca\/wp-json\/wp\/v2\/types\/page"}],"author":[{"embeddable":true,"href":"https:\/\/puravall.com\/ca\/wp-json\/wp\/v2\/users\/1"}],"replies":[{"embeddable":true,"href":"https:\/\/puravall.com\/ca\/wp-json\/wp\/v2\/comments?post=403"}],"version-history":[{"count":0,"href":"https:\/\/puravall.com\/ca\/wp-json\/wp\/v2\/pages\/403\/revisions"}],"wp:attachment":[{"href":"https:\/\/puravall.com\/ca\/wp-json\/wp\/v2\/media?parent=403"}],"curies":[{"name":"wp","href":"https:\/\/api.w.org\/{rel}","templated":true}]}}