{"id":407,"date":"2023-03-14T08:48:27","date_gmt":"2023-03-14T08:48:27","guid":{"rendered":"http:\/\/puravall.com\/?page_id=407"},"modified":"2023-07-10T13:59:25","modified_gmt":"2023-07-10T13:59:25","slug":"el-nostre-territori","status":"publish","type":"page","link":"https:\/\/puravall.com\/ca\/el-nostre-territori\/","title":{"rendered":"<b>El nostre<\/b> <u>territori<\/u>"},"content":{"rendered":"","protected":false},"excerpt":{"rendered":"<p>Al Ripoll\u00e8s, entre muntanyes de la vessant sud del Pirineu Oriental catal\u00e0 es troben la Vall de Ribes i la Vall de N\u00faria que amagen indrets \u00fanics i singulars que et seduiran i tradicions cultura i gastronomia que et sorprendran.<\/p>\n","protected":false},"author":1,"featured_media":0,"parent":0,"menu_order":3,"comment_status":"closed","ping_status":"closed","template":"page-templates\/page-flexible.php","meta":{"_acf_changed":false,"footnotes":""},"class_list":["post-407","page","type-page","status-publish","hentry"],"acf":[],"yoast_head":"<!-- This site is optimized with the Yoast SEO plugin v23.8 - https:\/\/yoast.com\/wordpress\/plugins\/seo\/ -->\n<title>Compromesos amb les valls de Ribes, N\u00faria i el Ripoll\u00e8s<\/title>\n<meta name=\"description\" content=\"Pura Vall, compromesos amb el territori de la valls de Ribes la vall de N\u00faria i el Ripoll\u00e8s. Vine a descobrir-lo, et sorprendr\u00e0!!!\" \/>\n<meta name=\"robots\" content=\"index, follow, max-snippet:-1, max-image-preview:large, max-video-preview:-1\" \/>\n<link rel=\"canonical\" href=\"https:\/\/puravall.com\/ca\/el-nostre-territori\/\" \/>\n<meta property=\"og:locale\" content=\"ca_ES\" \/>\n<meta property=\"og:type\" content=\"article\" \/>\n<meta property=\"og:title\" content=\"Compromesos amb les valls de Ribes, N\u00faria i el Ripoll\u00e8s\" \/>\n<meta property=\"og:description\" content=\"Pura Vall, compromesos amb el territori de la valls de Ribes la vall de N\u00faria i el Ripoll\u00e8s. Vine a descobrir-lo, et sorprendr\u00e0!!!\" \/>\n<meta property=\"og:url\" content=\"https:\/\/puravall.com\/ca\/el-nostre-territori\/\" \/>\n<meta property=\"og:site_name\" content=\"Pura Vall\" \/>\n<meta property=\"article:modified_time\" content=\"2023-07-10T13:59:25+00:00\" \/>\n<meta name=\"twitter:card\" content=\"summary_large_image\" \/>\n<script type=\"application\/ld+json\" class=\"yoast-schema-graph\">{\"@context\":\"https:\/\/schema.org\",\"@graph\":[{\"@type\":\"WebPage\",\"@id\":\"https:\/\/puravall.com\/ca\/el-nostre-territori\/\",\"url\":\"https:\/\/puravall.com\/ca\/el-nostre-territori\/\",\"name\":\"Compromesos amb les valls de Ribes, N\u00faria i el Ripoll\u00e8s\",\"isPartOf\":{\"@id\":\"https:\/\/puravall.com\/ca\/#website\"},\"datePublished\":\"2023-03-14T08:48:27+00:00\",\"dateModified\":\"2023-07-10T13:59:25+00:00\",\"description\":\"Pura Vall, compromesos amb el territori de la valls de Ribes la vall de N\u00faria i el Ripoll\u00e8s. Vine a descobrir-lo, et sorprendr\u00e0!!!\",\"breadcrumb\":{\"@id\":\"https:\/\/puravall.com\/ca\/el-nostre-territori\/#breadcrumb\"},\"inLanguage\":\"ca\",\"potentialAction\":[{\"@type\":\"ReadAction\",\"target\":[\"https:\/\/puravall.com\/ca\/el-nostre-territori\/\"]}]},{\"@type\":\"BreadcrumbList\",\"@id\":\"https:\/\/puravall.com\/ca\/el-nostre-territori\/#breadcrumb\",\"itemListElement\":[{\"@type\":\"ListItem\",\"position\":1,\"name\":\"Portada\",\"item\":\"https:\/\/puravall.com\/ca\/\"},{\"@type\":\"ListItem\",\"position\":2,\"name\":\"El nostre territori\"}]},{\"@type\":\"WebSite\",\"@id\":\"https:\/\/puravall.com\/ca\/#website\",\"url\":\"https:\/\/puravall.com\/ca\/\",\"name\":\"Pura Vall\",\"description\":\"Garantim diversitat, comoditat, seguretat i diversi\u00f3 a la teva escapada!\",\"publisher\":{\"@id\":\"https:\/\/puravall.com\/ca\/#organization\"},\"potentialAction\":[{\"@type\":\"SearchAction\",\"target\":{\"@type\":\"EntryPoint\",\"urlTemplate\":\"https:\/\/puravall.com\/ca\/?s={search_term_string}\"},\"query-input\":{\"@type\":\"PropertyValueSpecification\",\"valueRequired\":true,\"valueName\":\"search_term_string\"}}],\"inLanguage\":\"ca\"},{\"@type\":\"Organization\",\"@id\":\"https:\/\/puravall.com\/ca\/#organization\",\"name\":\"Pura Vall\",\"url\":\"https:\/\/puravall.com\/ca\/\",\"logo\":{\"@type\":\"ImageObject\",\"inLanguage\":\"ca\",\"@id\":\"https:\/\/puravall.com\/ca\/#\/schema\/logo\/image\/\",\"url\":\"https:\/\/puravall.com\/wp-content\/uploads\/cropped-logo-positive.png\",\"contentUrl\":\"https:\/\/puravall.com\/wp-content\/uploads\/cropped-logo-positive.png\",\"width\":346,\"height\":409,\"caption\":\"Pura Vall\"},\"image\":{\"@id\":\"https:\/\/puravall.com\/ca\/#\/schema\/logo\/image\/\"}}]}<\/script>\n<!-- \/ Yoast SEO plugin. -->","yoast_head_json":{"title":"Compromesos amb les valls de Ribes, N\u00faria i el Ripoll\u00e8s","description":"Pura Vall, compromesos amb el territori de la valls de Ribes la vall de N\u00faria i el Ripoll\u00e8s. Vine a descobrir-lo, et sorprendr\u00e0!!!","robots":{"index":"index","follow":"follow","max-snippet":"max-snippet:-1","max-image-preview":"max-image-preview:large","max-video-preview":"max-video-preview:-1"},"canonical":"https:\/\/puravall.com\/ca\/el-nostre-territori\/","og_locale":"ca_ES","og_type":"article","og_title":"Compromesos amb les valls de Ribes, N\u00faria i el Ripoll\u00e8s","og_description":"Pura Vall, compromesos amb el territori de la valls de Ribes la vall de N\u00faria i el Ripoll\u00e8s. Vine a descobrir-lo, et sorprendr\u00e0!!!","og_url":"https:\/\/puravall.com\/ca\/el-nostre-territori\/","og_site_name":"Pura Vall","article_modified_time":"2023-07-10T13:59:25+00:00","twitter_card":"summary_large_image","schema":{"@context":"https:\/\/schema.org","@graph":[{"@type":"WebPage","@id":"https:\/\/puravall.com\/ca\/el-nostre-territori\/","url":"https:\/\/puravall.com\/ca\/el-nostre-territori\/","name":"Compromesos amb les valls de Ribes, N\u00faria i el Ripoll\u00e8s","isPartOf":{"@id":"https:\/\/puravall.com\/ca\/#website"},"datePublished":"2023-03-14T08:48:27+00:00","dateModified":"2023-07-10T13:59:25+00:00","description":"Pura Vall, compromesos amb el territori de la valls de Ribes la vall de N\u00faria i el Ripoll\u00e8s. Vine a descobrir-lo, et sorprendr\u00e0!!!","breadcrumb":{"@id":"https:\/\/puravall.com\/ca\/el-nostre-territori\/#breadcrumb"},"inLanguage":"ca","potentialAction":[{"@type":"ReadAction","target":["https:\/\/puravall.com\/ca\/el-nostre-territori\/"]}]},{"@type":"BreadcrumbList","@id":"https:\/\/puravall.com\/ca\/el-nostre-territori\/#breadcrumb","itemListElement":[{"@type":"ListItem","position":1,"name":"Portada","item":"https:\/\/puravall.com\/ca\/"},{"@type":"ListItem","position":2,"name":"El nostre territori"}]},{"@type":"WebSite","@id":"https:\/\/puravall.com\/ca\/#website","url":"https:\/\/puravall.com\/ca\/","name":"Pura Vall","description":"Garantim diversitat, comoditat, seguretat i diversi\u00f3 a la teva escapada!","publisher":{"@id":"https:\/\/puravall.com\/ca\/#organization"},"potentialAction":[{"@type":"SearchAction","target":{"@type":"EntryPoint","urlTemplate":"https:\/\/puravall.com\/ca\/?s={search_term_string}"},"query-input":{"@type":"PropertyValueSpecification","valueRequired":true,"valueName":"search_term_string"}}],"inLanguage":"ca"},{"@type":"Organization","@id":"https:\/\/puravall.com\/ca\/#organization","name":"Pura Vall","url":"https:\/\/puravall.com\/ca\/","logo":{"@type":"ImageObject","inLanguage":"ca","@id":"https:\/\/puravall.com\/ca\/#\/schema\/logo\/image\/","url":"https:\/\/puravall.com\/wp-content\/uploads\/cropped-logo-positive.png","contentUrl":"https:\/\/puravall.com\/wp-content\/uploads\/cropped-logo-positive.png","width":346,"height":409,"caption":"Pura Vall"},"image":{"@id":"https:\/\/puravall.com\/ca\/#\/schema\/logo\/image\/"}}]}},"_links":{"self":[{"href":"https:\/\/puravall.com\/ca\/wp-json\/wp\/v2\/pages\/407","targetHints":{"allow":["GET"]}}],"collection":[{"href":"https:\/\/puravall.com\/ca\/wp-json\/wp\/v2\/pages"}],"about":[{"href":"https:\/\/puravall.com\/ca\/wp-json\/wp\/v2\/types\/page"}],"author":[{"embeddable":true,"href":"https:\/\/puravall.com\/ca\/wp-json\/wp\/v2\/users\/1"}],"replies":[{"embeddable":true,"href":"https:\/\/puravall.com\/ca\/wp-json\/wp\/v2\/comments?post=407"}],"version-history":[{"count":0,"href":"https:\/\/puravall.com\/ca\/wp-json\/wp\/v2\/pages\/407\/revisions"}],"wp:attachment":[{"href":"https:\/\/puravall.com\/ca\/wp-json\/wp\/v2\/media?parent=407"}],"curies":[{"name":"wp","href":"https:\/\/api.w.org\/{rel}","templated":true}]}}