{"id":562,"date":"2023-03-14T11:19:37","date_gmt":"2023-03-14T11:19:37","guid":{"rendered":"http:\/\/puravall.com\/?page_id=562"},"modified":"2023-05-02T06:56:16","modified_gmt":"2023-05-02T06:56:16","slug":"avis-legal","status":"publish","type":"page","link":"https:\/\/puravall.com\/ca\/avis-legal\/","title":{"rendered":"Av\u00eds legal"},"content":{"rendered":"\n<p><strong>1. OBJECTE<\/strong><\/p>\n<p>El present av\u00eds legal regula l\u2019\u00fas i la utilitzaci\u00f3 del lloc web\u00a0<a href=\"http:\/\/puravall.com\/\">www.puravall.com<\/a>\u00a0del qual \u00e9s titular\u00a0<strong>AGENCIA DE VIATGES PURA VALL, S.L.<\/strong>\u00a0en endavant (PURA VALL)<\/p>\n<p>La navegaci\u00f3 pel lloc web de PURA VALL atribueix la condici\u00f3 d\u2019usuari del mateix i implica l\u2019acceptaci\u00f3 plena i sense reserves de totes i cadascuna de les disposicions incloses en aquest Av\u00eds Legal, que poden patir modificacions sense av\u00eds previ de PURA VALL cas en el que es procedir\u00e0 a la seva publicaci\u00f3 i avis el mes aviat possible.<\/p>\n<p>Es recomanable llegir detingudament el seu contingut en cas de voler accedir i fes us de la informaci\u00f3 i dels serveis oferts en aquesta web.<\/p>\n<p>L\u2019usuari s\u2019obliga a fer un \u00fas correcte del lloc web de conformitat amb les lleis, la bona fe, l\u2019ordre p\u00fablic, els usos del tr\u00e0fic i el present Av\u00eds Legal. L\u2019usuari respondr\u00e0 davant al PURA VALL o davant de tercers, de qualssevol dany i\/o perjudici que poguessin causar com a conseq\u00fc\u00e8ncia de l\u2019incompliment d\u2019aquesta obligaci\u00f3.<\/p>\n<p>Qualsevol utilitzaci\u00f3 diferent a l\u2019autoritzada queda expressament prohibida, pel qual PURA VALL es reserva el dret de denegar o retirar l\u2019acc\u00e9s i el seu us en qualsevol moment.<\/p>\n<p><strong>2. IDENTIFICACI\u00d3<\/strong><\/p>\n<p>PURA VALL en compliment de la Llei 34\/2002, de 11 de juliol, de serveis de la societat de la informaci\u00f3 i de comer\u00e7 electr\u00f2nic, l\u2019informa del seg\u00fcent:<\/p>\n<ul>\n<li>La seva denominaci\u00f3 social \u00e9s: AGENCIA DE VIATGES PURA VALL, S.L.<\/li>\n<li>B05366042<\/li>\n<li>El seu domicili social es a: C\/ Puigcerda, n.\u00ba 4, 17534 Ribes de Freser \u2013 Girona<\/li>\n<\/ul>\n<p><strong>3. COMUNICACIONS<\/strong><\/p>\n<p>Para comunicar-se amb nosaltres, posem a la seva disposici\u00f3 diferents mitjans de contacte que li detallem a continuaci\u00f3:<\/p>\n<ul>\n<li>Tel\u00e8fon: 685940370 \u2013 685940375\u00a0<\/li>\n<li>Email:\u00a0<a href=\"mailto:info@puravall.com\">info@puravall.com<\/a>\u00a0\u00a0<\/li>\n<\/ul>\n<p>Totes les notificacions i comunicacions entre els usuaris i PURA VALL es consideraran efica\u00e7os, a tots els efectes, quan es realitzin a trav\u00e9s de correu postal o qualsevol altre mitj\u00e0 dels detallats anteriorment.<\/p>\n<p><strong>4. CONDICIONS D\u2019ACC\u00c9S I UTILITZACI\u00d3<\/strong><\/p>\n<p>El lloc web i els seus serveis s\u00f3n d\u2019acc\u00e9s lliure i gratu\u00eft, no obstant aix\u00f2, PURA VALL condiciona la utilitzaci\u00f3 d\u2019alguns dels serveis oferts a la seva web al previ emplenament del corresponent formulari.<\/p>\n<p>L\u2019usuari garanteix l\u2019autenticitat i actualitat de totes aquelles dades que comuniqui a PURA VALL i ser\u00e0 l\u2019\u00fanic responsable de les manifestacions falses o inexactes que realitzi.<\/p>\n<p>L\u2019usuari es compromet expressament a fer un \u00fas adequat dels continguts i serveis de PURA VALL i a no fer-los servir per, entre d\u2019altres:<\/p>\n<p>1. Difondre continguts, delictius, violents, pornogr\u00e0fics, racistes, xen\u00f2fobs, ofensius, d\u2019apologia del terrorisme o, en general, contraris a la llei o a l\u2019ordre p\u00fablic.<\/p>\n<p>2. Introduir en la xarxa virus inform\u00e0tics o realitzar actuacions susceptibles d\u2019alterar, malmetre, interrompre o generar errors o danys en els documents electr\u00f2nics, dades o sistemes f\u00edsics i l\u00f2gics de PURA VALL o de terceres persones, aix\u00ed com obstaculitzar l\u2019acc\u00e9s d\u2019altres usuaris al lloc web i als seus serveis mitjan\u00e7ant el consum massiu dels recursos inform\u00e0tics a trav\u00e9s dels quals PURA VALL presta els seus serveis.<\/p>\n<p>3. Intentar accedir als comptes de correu electr\u00f2nic d\u2019altres usuaris o a \u00e0rees restringides dels sistemes inform\u00e0tics de PURA VALL o de tercers i, en cas de fer-ho, extreure informaci\u00f3.<\/p>\n<p>4. Vulnerar els drets de propietat intel\u00b7lectual o industrial, aix\u00ed com violar la confidencialitat de la informaci\u00f3 de PURA VALL o de tercers.<\/p>\n<p>5. Suplantar la identitat de qualsevol altre usuari o de les administracions p\u00fabliques.<\/p>\n<p>6. Reproduir, copiar, distribuir, posar a disposici\u00f3 o de qualsevol altra forma comunicar p\u00fablicament, transformar o modificar els continguts, llevat que es compti amb l\u2019autoritzaci\u00f3 del titular dels corresponents drets o aix\u00f2 resulti legalment perm\u00e8s.<\/p>\n<p>7. Recollir dades amb finalitat publicit\u00e0ria i de remetre publicitat de qualsevol classe i comunicacions amb finalitats de venda o altres de naturalesa comercial sense sol\u00b7licitud pr\u00e8via o sense consentiment.<\/p>\n<p>Tots els continguts del lloc web, com ara textos, fotografies, gr\u00e0fics, imatges, icones, tecnologia, programari, aix\u00ed com el seu disseny gr\u00e0fic i codis font, constitueixen una obra de la qual la propietat pertany a EL PROPIETARI DE LA WEB, sense que puguin entendre cedits a l\u2019 usuari cap dels drets d\u2019explotaci\u00f3 sobre els mateixos m\u00e9s enll\u00e0 de l\u2019estrictament necessari per al correcte \u00fas del web.<\/p>\n<p>En definitiva, els usuaris que accedeixin a aquest lloc web poden visualitzar els continguts i efectuar, si escau, c\u00f2pies privades autoritzades sempre que els elements reprodu\u00efts no siguin cedits posteriorment a tercers, ni s\u2019instal\u00b7lin a servidors connectats a xarxes, ni siguin objecte de cap tipus d\u2019explotaci\u00f3.<\/p>\n<p>Aix\u00ed mateix, totes les marques, noms comercials o signes distintius de qualsevol classe que apareixen al lloc web s\u00f3n propietat de EL PROPIETARI DE LA WEB, sense que pugui entendre que l\u2019\u00fas o acc\u00e9s al mateix atribueixi a l\u2019usuari dret algun sobre els mateixos.<\/p>\n<p>La distribuci\u00f3, modificaci\u00f3, cessi\u00f3 o comunicaci\u00f3 p\u00fablica dels continguts i qualsevol altre acte que no hagi estat expressament autoritzat pel titular dels drets d\u2019explotaci\u00f3 queden prohibits.<\/p>\n<p>L\u2019establiment d\u2019un hiperenlla\u00e7 no implica en cap cas l\u2019exist\u00e8ncia de relacions entre PURA VALL i el propietari del lloc web en la qual s\u2019estableixi, ni l\u2019acceptaci\u00f3 i aprovaci\u00f3 per part del PURA VALL dels seus continguts o serveis .\u00a0<\/p>\n<p>PURA VALL no es responsabilitza de l\u2019\u00fas que cada usuari li doni als materials posats a disposici\u00f3 en aquest lloc web ni de les actuacions que realitzi en base als mateixos.<\/p>\n<p><strong><em>4.1. EXCLUSI\u00d3 DE GARANTIES I DE RESPONSABILITAT EN L\u2019ACC\u00c9S I LA UTILITZACI\u00d3<\/em><\/strong><\/p>\n<p>El contingut del present lloc web \u00e9s de car\u00e0cter general i t\u00e9 una finalitat merament informativa, sense que es garanteixi plenament l\u2019acc\u00e9s a tots els continguts, ni la seva exhaustivitat, correcci\u00f3, vig\u00e8ncia o actualitat, ni la seva idone\u00eftat o utilitat per a un objectiu espec\u00edfic.<\/p>\n<p>PURA VALL exclou, fins on permet l\u2019ordenament jur\u00eddic, qualsevol responsabilitat pels danys i perjudicis de tota naturalesa derivats de:<\/p>\n<p>1. La impossibilitat d\u2019acc\u00e9s al lloc web o la falta de veracitat, exactitud, exhaustivitat i \/ o actualitat dels continguts, aix\u00ed com l\u2019exist\u00e8ncia de vicis i defectes de tota classe dels continguts transmesos, difosos, emmagatzemats, posats a disposici\u00f3 als quals s\u2019hagi accedit a trav\u00e9s del lloc web o dels serveis que s\u2019ofereixen.<\/p>\n<p>2. La pres\u00e8ncia de virus o d\u2019altres elements en els continguts que puguin produir alteracions en els sistemes inform\u00e0tics, documents electr\u00f2nics o dades dels usuaris.<\/p>\n<p>3. L\u2019incompliment de les lleis, la bona fe, l\u2019ordre p\u00fablic, els usos del tr\u00e0fic i el present av\u00eds legal com a conseq\u00fc\u00e8ncia de l\u2019\u00fas incorrecte del lloc web. En particular, i a tall d\u2019exemple, PURA VALL no es fa responsable de les actuacions de tercers que vulnerin drets de propietat intel\u00b7lectual i industrial, secrets empresarials, drets a l\u2019honor, a la intimitat personal i familiar i a la pr\u00f2pia imatge, aix\u00ed com la normativa en mat\u00e8ria de compet\u00e8ncia deslleial i publicitat il\u00b7l\u00edcita.<\/p>\n<p>Aix\u00ed mateix, PURA VALL declina qualsevol responsabilitat respecte a la informaci\u00f3 que es trobi fora d\u2019aquesta web i no sigui gestionada directament pel nostre web m\u00e0ster. La funci\u00f3 dels links que apareixen en aquesta web \u00e9s exclusivament la d\u2019informar l\u2019usuari sobre l\u2019exist\u00e8ncia d\u2019altres fonts susceptibles d\u2019ampliar els continguts que ofereix aquest lloc web. PURA VALL no pot garantir ni es responsabilitza del funcionament o accessibilitat dels llocs enlla\u00e7ats, ni suggereix, convida o recomana la visita als mateixos, de manera que tampoc ser\u00e0 responsable del resultat obtingut. PURA VALL no es responsabilitza de l\u2019establiment d\u2019hipervincles per part de tercers.<\/p>\n<p><strong><em>4.2. PROCEDIMENT EN CAS DE REALITZACI\u00d3 DE ACTIVITATS DE CAR\u00c0CTER IL\u00b7L\u00cdCIT<\/em><\/strong><\/p>\n<p>En el cas que qualsevol usuari o un tercer consideri que existeixen fets o circumst\u00e0ncies que revelin el car\u00e0cter il\u00b7l\u00edcit de la utilitzaci\u00f3 de qualsevol contingut i\/o de la realitzaci\u00f3 de qualsevol activitat en les p\u00e0gines web incloses o accessibles a trav\u00e9s del lloc web, haur\u00e0 enviar una notificaci\u00f3 a PURA VALL identificant degudament, especificant les suposades infraccions i declarant expressament i sota la seva responsabilitat que la informaci\u00f3 proporcionada en la notificaci\u00f3 \u00e9s exacta.<\/p>\n<p><strong><em>4.3. PUBLICACIONS<\/em><\/strong><\/p>\n<p>La informaci\u00f3 administrativa facilitada a trav\u00e9s del lloc web no substitueix la publicitat legal de les lleis, normatives, plans, disposicions generals i actes que hagin de ser publicats formalment als diaris oficials de les administracions p\u00fabliques, que constitueixen l\u2019\u00fanic instrument que d\u00f3na fe de la seva autenticitat i contingut. La informaci\u00f3 disponible en aquest lloc web s\u2019ha d\u2019entendre com una guia sense prop\u00f2sit de validesa legal.<\/p>\n<p><strong>5. PROPIETAT INTEL\u00b7LECTUAL I INDUSTRIAL<\/strong><\/p>\n<p>PURA VALL per s\u00ed mateixa o com cession\u00e0ria, es titular de tots els drets de propietat intel\u00b7lectual i industrial de la seva p\u00e0gina web, aix\u00ed com dels elements continguts a la mateixa (a t\u00edtol informatiu, imatges, so, \u00e0udio, v\u00eddeo, software o textos; marques o logotipus, combinacions de colors, estructura i disseny, selecci\u00f3 de materials emprats, programes d\u2019ordinador necessaris pel seu funcionament, acc\u00e9s i us, etc.), titularitat de PURA VALL. Seran, per conseq\u00fcent, obres protegides com propietat intel\u00b7lectual pel ordenament jur\u00eddic espanyol, sent aplicables tant la normativa espanyola i comunit\u00e0ria en aquest camp, como els tractats Internacionals relatius a la mat\u00e8ria i subscrits per Espanya.<\/p>\n<p>Tots els drets reservats. En virtut del que disposen els articles 8 y 32.1, par\u00e0graf segon, de la Llei de Propietat Intel\u00b7lectual, queden expressament prohibides la reproducci\u00f3, la distribuci\u00f3 i la comunicaci\u00f3 p\u00fablica, inclosa la seva modalitat de posada a disposici\u00f3, de la totalitat o part dels continguts d\u2019aquesta p\u00e0gina web, amb finalitats comercials, en qualsevol suport i per qualsevol mitja t\u00e8cnic, sense la autoritzaci\u00f3 de PURA VALL.<\/p>\n<p>L\u2019usuari se compromet a respectar els drets de Propietat Intel\u00b7lectual i Industrial titularitat de EL PURA VALL. Podr\u00e0 visualitzar els elements del portal i fins i tot imprimir-los, copiar-los i emmagatzemar-los en el disc duro del seu ordinador o a qualsevol altre suport f\u00edsica sempre i quan sigui, \u00fanica i exclusivament, pel seu us personal i privat. L\u2019usuari haur\u00e0 d\u2019abstenir-se de suprimir, alterar, eludir o manipular qualsevol dispositiu de protecci\u00f3 o sistema de seguretat que estigues instal\u00b7lat en les p\u00e0gines de EL PROPIETARI DE LA WEB.<\/p>\n<p><strong>6. ACCIONS LEGALS, LEGISLACI\u00d3 APLICABLE I JURISDICCI\u00d3\u00a0<\/strong><\/p>\n<p>PURA VALL es reserva, tanmateix, la facultat de presentar les accions civils o penals que consideri oportunes per la utilitzaci\u00f3 indeguda del seu lloc web i els seus continguts, o per l\u2019incompliment de les presents condicions.<\/p>\n<p>La relaci\u00f3 entre l\u2019usuari i el prestador es regir\u00e0 per la normativa vigent i d\u2019aplicaci\u00f3 al territori espanyol. De sorgir qualsevol controv\u00e8rsia les parts podran sotmetre els seus conflictes a arbitratge o rec\u00f3rrer a la jurisdicci\u00f3 ordin\u00e0ria complint amb les normes sobre jurisdicci\u00f3 i compet\u00e8ncia al respecte. PURA VALL te el seu domicili a (GIRONA), Espanya.\u00a0<\/p>\n<p>La llengua utilitzada ser\u00e0 el catal\u00e0.<\/p>\n","protected":false},"excerpt":{"rendered":"<p>1. OBJECTE El present av\u00eds legal regula l\u2019\u00fas i la utilitzaci\u00f3 del lloc web\u00a0www.puravall.com\u00a0del qual \u00e9s titular\u00a0AGENCIA DE VIATGES PURA VALL, S.L.\u00a0en endavant (PURA VALL) La navegaci\u00f3 pel lloc web &hellip;<\/p>\n","protected":false},"author":1,"featured_media":0,"parent":0,"menu_order":10,"comment_status":"closed","ping_status":"closed","template":"","meta":{"_acf_changed":false,"footnotes":""},"class_list":["post-562","page","type-page","status-publish","hentry"],"acf":[],"yoast_head":"<!-- This site is optimized with the Yoast SEO plugin v23.8 - https:\/\/yoast.com\/wordpress\/plugins\/seo\/ -->\n<title>Av\u00eds legal - Pura Vall<\/title>\n<meta name=\"robots\" content=\"index, follow, max-snippet:-1, max-image-preview:large, max-video-preview:-1\" \/>\n<link rel=\"canonical\" href=\"https:\/\/puravall.com\/ca\/avis-legal\/\" \/>\n<meta property=\"og:locale\" content=\"ca_ES\" \/>\n<meta property=\"og:type\" content=\"article\" \/>\n<meta property=\"og:title\" content=\"Av\u00eds legal - Pura Vall\" \/>\n<meta property=\"og:url\" content=\"https:\/\/puravall.com\/ca\/avis-legal\/\" \/>\n<meta property=\"og:site_name\" content=\"Pura Vall\" \/>\n<meta property=\"article:modified_time\" content=\"2023-05-02T06:56:16+00:00\" \/>\n<meta name=\"twitter:card\" content=\"summary_large_image\" \/>\n<meta name=\"twitter:label1\" content=\"Temps estimat de lectura\" \/>\n\t<meta name=\"twitter:data1\" content=\"10 minuts\" \/>\n<script type=\"application\/ld+json\" class=\"yoast-schema-graph\">{\"@context\":\"https:\/\/schema.org\",\"@graph\":[{\"@type\":\"WebPage\",\"@id\":\"https:\/\/puravall.com\/ca\/avis-legal\/\",\"url\":\"https:\/\/puravall.com\/ca\/avis-legal\/\",\"name\":\"Av\u00eds legal - Pura Vall\",\"isPartOf\":{\"@id\":\"https:\/\/puravall.com\/ca\/#website\"},\"datePublished\":\"2023-03-14T11:19:37+00:00\",\"dateModified\":\"2023-05-02T06:56:16+00:00\",\"breadcrumb\":{\"@id\":\"https:\/\/puravall.com\/ca\/avis-legal\/#breadcrumb\"},\"inLanguage\":\"ca\",\"potentialAction\":[{\"@type\":\"ReadAction\",\"target\":[\"https:\/\/puravall.com\/ca\/avis-legal\/\"]}]},{\"@type\":\"BreadcrumbList\",\"@id\":\"https:\/\/puravall.com\/ca\/avis-legal\/#breadcrumb\",\"itemListElement\":[{\"@type\":\"ListItem\",\"position\":1,\"name\":\"Portada\",\"item\":\"https:\/\/puravall.com\/ca\/\"},{\"@type\":\"ListItem\",\"position\":2,\"name\":\"Av\u00eds legal\"}]},{\"@type\":\"WebSite\",\"@id\":\"https:\/\/puravall.com\/ca\/#website\",\"url\":\"https:\/\/puravall.com\/ca\/\",\"name\":\"Pura Vall\",\"description\":\"Garantim diversitat, comoditat, seguretat i diversi\u00f3 a la teva escapada!\",\"publisher\":{\"@id\":\"https:\/\/puravall.com\/ca\/#organization\"},\"potentialAction\":[{\"@type\":\"SearchAction\",\"target\":{\"@type\":\"EntryPoint\",\"urlTemplate\":\"https:\/\/puravall.com\/ca\/?s={search_term_string}\"},\"query-input\":{\"@type\":\"PropertyValueSpecification\",\"valueRequired\":true,\"valueName\":\"search_term_string\"}}],\"inLanguage\":\"ca\"},{\"@type\":\"Organization\",\"@id\":\"https:\/\/puravall.com\/ca\/#organization\",\"name\":\"Pura Vall\",\"url\":\"https:\/\/puravall.com\/ca\/\",\"logo\":{\"@type\":\"ImageObject\",\"inLanguage\":\"ca\",\"@id\":\"https:\/\/puravall.com\/ca\/#\/schema\/logo\/image\/\",\"url\":\"https:\/\/puravall.com\/wp-content\/uploads\/cropped-logo-positive.png\",\"contentUrl\":\"https:\/\/puravall.com\/wp-content\/uploads\/cropped-logo-positive.png\",\"width\":346,\"height\":409,\"caption\":\"Pura Vall\"},\"image\":{\"@id\":\"https:\/\/puravall.com\/ca\/#\/schema\/logo\/image\/\"}}]}<\/script>\n<!-- \/ Yoast SEO plugin. -->","yoast_head_json":{"title":"Av\u00eds legal - Pura Vall","robots":{"index":"index","follow":"follow","max-snippet":"max-snippet:-1","max-image-preview":"max-image-preview:large","max-video-preview":"max-video-preview:-1"},"canonical":"https:\/\/puravall.com\/ca\/avis-legal\/","og_locale":"ca_ES","og_type":"article","og_title":"Av\u00eds legal - Pura Vall","og_url":"https:\/\/puravall.com\/ca\/avis-legal\/","og_site_name":"Pura Vall","article_modified_time":"2023-05-02T06:56:16+00:00","twitter_card":"summary_large_image","twitter_misc":{"Temps estimat de lectura":"10 minuts"},"schema":{"@context":"https:\/\/schema.org","@graph":[{"@type":"WebPage","@id":"https:\/\/puravall.com\/ca\/avis-legal\/","url":"https:\/\/puravall.com\/ca\/avis-legal\/","name":"Av\u00eds legal - Pura Vall","isPartOf":{"@id":"https:\/\/puravall.com\/ca\/#website"},"datePublished":"2023-03-14T11:19:37+00:00","dateModified":"2023-05-02T06:56:16+00:00","breadcrumb":{"@id":"https:\/\/puravall.com\/ca\/avis-legal\/#breadcrumb"},"inLanguage":"ca","potentialAction":[{"@type":"ReadAction","target":["https:\/\/puravall.com\/ca\/avis-legal\/"]}]},{"@type":"BreadcrumbList","@id":"https:\/\/puravall.com\/ca\/avis-legal\/#breadcrumb","itemListElement":[{"@type":"ListItem","position":1,"name":"Portada","item":"https:\/\/puravall.com\/ca\/"},{"@type":"ListItem","position":2,"name":"Av\u00eds legal"}]},{"@type":"WebSite","@id":"https:\/\/puravall.com\/ca\/#website","url":"https:\/\/puravall.com\/ca\/","name":"Pura Vall","description":"Garantim diversitat, comoditat, seguretat i diversi\u00f3 a la teva escapada!","publisher":{"@id":"https:\/\/puravall.com\/ca\/#organization"},"potentialAction":[{"@type":"SearchAction","target":{"@type":"EntryPoint","urlTemplate":"https:\/\/puravall.com\/ca\/?s={search_term_string}"},"query-input":{"@type":"PropertyValueSpecification","valueRequired":true,"valueName":"search_term_string"}}],"inLanguage":"ca"},{"@type":"Organization","@id":"https:\/\/puravall.com\/ca\/#organization","name":"Pura Vall","url":"https:\/\/puravall.com\/ca\/","logo":{"@type":"ImageObject","inLanguage":"ca","@id":"https:\/\/puravall.com\/ca\/#\/schema\/logo\/image\/","url":"https:\/\/puravall.com\/wp-content\/uploads\/cropped-logo-positive.png","contentUrl":"https:\/\/puravall.com\/wp-content\/uploads\/cropped-logo-positive.png","width":346,"height":409,"caption":"Pura Vall"},"image":{"@id":"https:\/\/puravall.com\/ca\/#\/schema\/logo\/image\/"}}]}},"_links":{"self":[{"href":"https:\/\/puravall.com\/ca\/wp-json\/wp\/v2\/pages\/562","targetHints":{"allow":["GET"]}}],"collection":[{"href":"https:\/\/puravall.com\/ca\/wp-json\/wp\/v2\/pages"}],"about":[{"href":"https:\/\/puravall.com\/ca\/wp-json\/wp\/v2\/types\/page"}],"author":[{"embeddable":true,"href":"https:\/\/puravall.com\/ca\/wp-json\/wp\/v2\/users\/1"}],"replies":[{"embeddable":true,"href":"https:\/\/puravall.com\/ca\/wp-json\/wp\/v2\/comments?post=562"}],"version-history":[{"count":0,"href":"https:\/\/puravall.com\/ca\/wp-json\/wp\/v2\/pages\/562\/revisions"}],"wp:attachment":[{"href":"https:\/\/puravall.com\/ca\/wp-json\/wp\/v2\/media?parent=562"}],"curies":[{"name":"wp","href":"https:\/\/api.w.org\/{rel}","templated":true}]}}