{"id":588,"date":"2023-03-14T11:44:57","date_gmt":"2023-03-14T11:44:57","guid":{"rendered":"http:\/\/puravall.com\/?page_id=588"},"modified":"2023-08-29T10:23:27","modified_gmt":"2023-08-29T10:23:27","slug":"pagina-principal-ca","status":"publish","type":"page","link":"https:\/\/puravall.com\/ca\/","title":{"rendered":"P\u00e1gina principal &#8211; CA"},"content":{"rendered":"","protected":false},"excerpt":{"rendered":"","protected":false},"author":1,"featured_media":0,"parent":0,"menu_order":0,"comment_status":"closed","ping_status":"closed","template":"page-templates\/page-home.php","meta":{"_acf_changed":false,"footnotes":""},"class_list":["post-588","page","type-page","status-publish","hentry"],"acf":[],"yoast_head":"<!-- This site is optimized with the Yoast SEO plugin v23.8 - https:\/\/yoast.com\/wordpress\/plugins\/seo\/ -->\n<title>Pura Vall - Turisme sostenible i comprom\u00e8s a la Vall de Ribes<\/title>\n<meta name=\"description\" content=\"Pura Vall ofereix experi\u00e8ncies tur\u00edstiques sostenibles a la Vall de Ribes, la Vall de N\u00faria i el Ripoll\u00e8s per a particulars, empreses i col\u00b7lectius\" \/>\n<meta name=\"robots\" content=\"index, follow, max-snippet:-1, max-image-preview:large, max-video-preview:-1\" \/>\n<link rel=\"canonical\" href=\"https:\/\/puravall.com\/ca\/\" \/>\n<meta property=\"og:locale\" content=\"ca_ES\" \/>\n<meta property=\"og:type\" content=\"article\" \/>\n<meta property=\"og:title\" content=\"Pura Vall - Turisme sostenible i comprom\u00e8s a la Vall de Ribes\" \/>\n<meta property=\"og:description\" content=\"Pura Vall ofereix experi\u00e8ncies tur\u00edstiques sostenibles a la Vall de Ribes, la Vall de N\u00faria i el Ripoll\u00e8s per a particulars, empreses i col\u00b7lectius\" \/>\n<meta property=\"og:url\" content=\"https:\/\/puravall.com\/ca\/\" \/>\n<meta property=\"og:site_name\" content=\"Pura Vall\" \/>\n<meta property=\"article:modified_time\" content=\"2023-08-29T10:23:27+00:00\" \/>\n<meta name=\"twitter:card\" content=\"summary_large_image\" \/>\n<script type=\"application\/ld+json\" class=\"yoast-schema-graph\">{\"@context\":\"https:\/\/schema.org\",\"@graph\":[{\"@type\":\"WebPage\",\"@id\":\"https:\/\/puravall.com\/ca\/\",\"url\":\"https:\/\/puravall.com\/ca\/\",\"name\":\"Pura Vall - Turisme sostenible i comprom\u00e8s a la Vall de Ribes\",\"isPartOf\":{\"@id\":\"https:\/\/puravall.com\/ca\/#website\"},\"datePublished\":\"2023-03-14T11:44:57+00:00\",\"dateModified\":\"2023-08-29T10:23:27+00:00\",\"description\":\"Pura Vall ofereix experi\u00e8ncies tur\u00edstiques sostenibles a la Vall de Ribes, la Vall de N\u00faria i el Ripoll\u00e8s per a particulars, empreses i col\u00b7lectius\",\"breadcrumb\":{\"@id\":\"https:\/\/puravall.com\/ca\/#breadcrumb\"},\"inLanguage\":\"ca\",\"potentialAction\":[{\"@type\":\"ReadAction\",\"target\":[\"https:\/\/puravall.com\/ca\/\"]}]},{\"@type\":\"BreadcrumbList\",\"@id\":\"https:\/\/puravall.com\/ca\/#breadcrumb\",\"itemListElement\":[{\"@type\":\"ListItem\",\"position\":1,\"name\":\"Portada\",\"item\":\"https:\/\/puravall.com\/ca\/\"},{\"@type\":\"ListItem\",\"position\":2,\"name\":\"P\u00e1gina principal &#8211; CA\"}]},{\"@type\":\"WebSite\",\"@id\":\"https:\/\/puravall.com\/ca\/#website\",\"url\":\"https:\/\/puravall.com\/ca\/\",\"name\":\"Pura Vall\",\"description\":\"Garantim diversitat, comoditat, seguretat i diversi\u00f3 a la teva escapada!\",\"publisher\":{\"@id\":\"https:\/\/puravall.com\/ca\/#organization\"},\"potentialAction\":[{\"@type\":\"SearchAction\",\"target\":{\"@type\":\"EntryPoint\",\"urlTemplate\":\"https:\/\/puravall.com\/ca\/?s={search_term_string}\"},\"query-input\":{\"@type\":\"PropertyValueSpecification\",\"valueRequired\":true,\"valueName\":\"search_term_string\"}}],\"inLanguage\":\"ca\"},{\"@type\":\"Organization\",\"@id\":\"https:\/\/puravall.com\/ca\/#organization\",\"name\":\"Pura Vall\",\"url\":\"https:\/\/puravall.com\/ca\/\",\"logo\":{\"@type\":\"ImageObject\",\"inLanguage\":\"ca\",\"@id\":\"https:\/\/puravall.com\/ca\/#\/schema\/logo\/image\/\",\"url\":\"https:\/\/puravall.com\/wp-content\/uploads\/cropped-logo-positive.png\",\"contentUrl\":\"https:\/\/puravall.com\/wp-content\/uploads\/cropped-logo-positive.png\",\"width\":346,\"height\":409,\"caption\":\"Pura Vall\"},\"image\":{\"@id\":\"https:\/\/puravall.com\/ca\/#\/schema\/logo\/image\/\"}}]}<\/script>\n<!-- \/ Yoast SEO plugin. -->","yoast_head_json":{"title":"Pura Vall - Turisme sostenible i comprom\u00e8s a la Vall de Ribes","description":"Pura Vall ofereix experi\u00e8ncies tur\u00edstiques sostenibles a la Vall de Ribes, la Vall de N\u00faria i el Ripoll\u00e8s per a particulars, empreses i col\u00b7lectius","robots":{"index":"index","follow":"follow","max-snippet":"max-snippet:-1","max-image-preview":"max-image-preview:large","max-video-preview":"max-video-preview:-1"},"canonical":"https:\/\/puravall.com\/ca\/","og_locale":"ca_ES","og_type":"article","og_title":"Pura Vall - Turisme sostenible i comprom\u00e8s a la Vall de Ribes","og_description":"Pura Vall ofereix experi\u00e8ncies tur\u00edstiques sostenibles a la Vall de Ribes, la Vall de N\u00faria i el Ripoll\u00e8s per a particulars, empreses i col\u00b7lectius","og_url":"https:\/\/puravall.com\/ca\/","og_site_name":"Pura Vall","article_modified_time":"2023-08-29T10:23:27+00:00","twitter_card":"summary_large_image","schema":{"@context":"https:\/\/schema.org","@graph":[{"@type":"WebPage","@id":"https:\/\/puravall.com\/ca\/","url":"https:\/\/puravall.com\/ca\/","name":"Pura Vall - Turisme sostenible i comprom\u00e8s a la Vall de Ribes","isPartOf":{"@id":"https:\/\/puravall.com\/ca\/#website"},"datePublished":"2023-03-14T11:44:57+00:00","dateModified":"2023-08-29T10:23:27+00:00","description":"Pura Vall ofereix experi\u00e8ncies tur\u00edstiques sostenibles a la Vall de Ribes, la Vall de N\u00faria i el Ripoll\u00e8s per a particulars, empreses i col\u00b7lectius","breadcrumb":{"@id":"https:\/\/puravall.com\/ca\/#breadcrumb"},"inLanguage":"ca","potentialAction":[{"@type":"ReadAction","target":["https:\/\/puravall.com\/ca\/"]}]},{"@type":"BreadcrumbList","@id":"https:\/\/puravall.com\/ca\/#breadcrumb","itemListElement":[{"@type":"ListItem","position":1,"name":"Portada","item":"https:\/\/puravall.com\/ca\/"},{"@type":"ListItem","position":2,"name":"P\u00e1gina principal &#8211; CA"}]},{"@type":"WebSite","@id":"https:\/\/puravall.com\/ca\/#website","url":"https:\/\/puravall.com\/ca\/","name":"Pura Vall","description":"Garantim diversitat, comoditat, seguretat i diversi\u00f3 a la teva escapada!","publisher":{"@id":"https:\/\/puravall.com\/ca\/#organization"},"potentialAction":[{"@type":"SearchAction","target":{"@type":"EntryPoint","urlTemplate":"https:\/\/puravall.com\/ca\/?s={search_term_string}"},"query-input":{"@type":"PropertyValueSpecification","valueRequired":true,"valueName":"search_term_string"}}],"inLanguage":"ca"},{"@type":"Organization","@id":"https:\/\/puravall.com\/ca\/#organization","name":"Pura Vall","url":"https:\/\/puravall.com\/ca\/","logo":{"@type":"ImageObject","inLanguage":"ca","@id":"https:\/\/puravall.com\/ca\/#\/schema\/logo\/image\/","url":"https:\/\/puravall.com\/wp-content\/uploads\/cropped-logo-positive.png","contentUrl":"https:\/\/puravall.com\/wp-content\/uploads\/cropped-logo-positive.png","width":346,"height":409,"caption":"Pura Vall"},"image":{"@id":"https:\/\/puravall.com\/ca\/#\/schema\/logo\/image\/"}}]}},"_links":{"self":[{"href":"https:\/\/puravall.com\/ca\/wp-json\/wp\/v2\/pages\/588","targetHints":{"allow":["GET"]}}],"collection":[{"href":"https:\/\/puravall.com\/ca\/wp-json\/wp\/v2\/pages"}],"about":[{"href":"https:\/\/puravall.com\/ca\/wp-json\/wp\/v2\/types\/page"}],"author":[{"embeddable":true,"href":"https:\/\/puravall.com\/ca\/wp-json\/wp\/v2\/users\/1"}],"replies":[{"embeddable":true,"href":"https:\/\/puravall.com\/ca\/wp-json\/wp\/v2\/comments?post=588"}],"version-history":[{"count":6,"href":"https:\/\/puravall.com\/ca\/wp-json\/wp\/v2\/pages\/588\/revisions"}],"predecessor-version":[{"id":2551,"href":"https:\/\/puravall.com\/ca\/wp-json\/wp\/v2\/pages\/588\/revisions\/2551"}],"wp:attachment":[{"href":"https:\/\/puravall.com\/ca\/wp-json\/wp\/v2\/media?parent=588"}],"curies":[{"name":"wp","href":"https:\/\/api.w.org\/{rel}","templated":true}]}}