{"id":1778,"date":"2023-03-14T08:48:27","date_gmt":"2023-03-14T08:48:27","guid":{"rendered":"http:\/\/puravall.com\/el-nostre-territori\/"},"modified":"2023-07-12T14:20:08","modified_gmt":"2023-07-12T14:20:08","slug":"our-territory","status":"publish","type":"page","link":"https:\/\/puravall.com\/en\/our-territory\/","title":{"rendered":"<b>Our<\/b> <u>territory<\/u>"},"content":{"rendered":"","protected":false},"excerpt":{"rendered":"<p>In Ripoll\u00e8s, between mountains on the southern slopes of the Catalan Eastern Pyrenees are the Ribes Valley and the N\u00faria Valley which hide unique and singular places along with traditions culture and gastronomy that will surprise you.<\/p>\n","protected":false},"author":1,"featured_media":0,"parent":0,"menu_order":3,"comment_status":"closed","ping_status":"closed","template":"page-templates\/page-flexible.php","meta":{"_acf_changed":false,"footnotes":""},"class_list":["post-1778","page","type-page","status-publish","hentry"],"acf":[],"yoast_head":"<!-- This site is optimized with the Yoast SEO plugin v23.8 - https:\/\/yoast.com\/wordpress\/plugins\/seo\/ -->\n<title>Committed to the valleys of Ribes, N\u00faria and Ripoll\u00e8s<\/title>\n<meta name=\"description\" content=\"Pura Vall, committed to the territory of the Ribes valleys, the N\u00faria valley and the Ripoll\u00e8s. Come and discover it, you will be surprised!!!\" \/>\n<meta name=\"robots\" content=\"index, follow, max-snippet:-1, max-image-preview:large, max-video-preview:-1\" \/>\n<link rel=\"canonical\" href=\"https:\/\/puravall.com\/en\/our-territory\/\" \/>\n<meta property=\"og:locale\" content=\"en_US\" \/>\n<meta property=\"og:type\" content=\"article\" \/>\n<meta property=\"og:title\" content=\"Committed to the valleys of Ribes, N\u00faria and Ripoll\u00e8s\" \/>\n<meta property=\"og:description\" content=\"Pura Vall, committed to the territory of the Ribes valleys, the N\u00faria valley and the Ripoll\u00e8s. Come and discover it, you will be surprised!!!\" \/>\n<meta property=\"og:url\" content=\"https:\/\/puravall.com\/en\/our-territory\/\" \/>\n<meta property=\"og:site_name\" content=\"Pura Vall\" \/>\n<meta property=\"article:modified_time\" content=\"2023-07-12T14:20:08+00:00\" \/>\n<meta name=\"twitter:card\" content=\"summary_large_image\" \/>\n<script type=\"application\/ld+json\" class=\"yoast-schema-graph\">{\"@context\":\"https:\/\/schema.org\",\"@graph\":[{\"@type\":\"WebPage\",\"@id\":\"https:\/\/puravall.com\/en\/our-territory\/\",\"url\":\"https:\/\/puravall.com\/en\/our-territory\/\",\"name\":\"Committed to the valleys of Ribes, N\u00faria and Ripoll\u00e8s\",\"isPartOf\":{\"@id\":\"https:\/\/puravall.com\/en\/#website\"},\"datePublished\":\"2023-03-14T08:48:27+00:00\",\"dateModified\":\"2023-07-12T14:20:08+00:00\",\"description\":\"Pura Vall, committed to the territory of the Ribes valleys, the N\u00faria valley and the Ripoll\u00e8s. Come and discover it, you will be surprised!!!\",\"breadcrumb\":{\"@id\":\"https:\/\/puravall.com\/en\/our-territory\/#breadcrumb\"},\"inLanguage\":\"en-US\",\"potentialAction\":[{\"@type\":\"ReadAction\",\"target\":[\"https:\/\/puravall.com\/en\/our-territory\/\"]}]},{\"@type\":\"BreadcrumbList\",\"@id\":\"https:\/\/puravall.com\/en\/our-territory\/#breadcrumb\",\"itemListElement\":[{\"@type\":\"ListItem\",\"position\":1,\"name\":\"Portada\",\"item\":\"https:\/\/puravall.com\/en\/\"},{\"@type\":\"ListItem\",\"position\":2,\"name\":\"Our territory\"}]},{\"@type\":\"WebSite\",\"@id\":\"https:\/\/puravall.com\/en\/#website\",\"url\":\"https:\/\/puravall.com\/en\/\",\"name\":\"Pura Vall\",\"description\":\"Garantim diversitat, comoditat, seguretat i diversi\u00f3 a la teva escapada!\",\"publisher\":{\"@id\":\"https:\/\/puravall.com\/en\/#organization\"},\"potentialAction\":[{\"@type\":\"SearchAction\",\"target\":{\"@type\":\"EntryPoint\",\"urlTemplate\":\"https:\/\/puravall.com\/en\/?s={search_term_string}\"},\"query-input\":{\"@type\":\"PropertyValueSpecification\",\"valueRequired\":true,\"valueName\":\"search_term_string\"}}],\"inLanguage\":\"en-US\"},{\"@type\":\"Organization\",\"@id\":\"https:\/\/puravall.com\/en\/#organization\",\"name\":\"Pura Vall\",\"url\":\"https:\/\/puravall.com\/en\/\",\"logo\":{\"@type\":\"ImageObject\",\"inLanguage\":\"en-US\",\"@id\":\"https:\/\/puravall.com\/en\/#\/schema\/logo\/image\/\",\"url\":\"https:\/\/puravall.com\/wp-content\/uploads\/cropped-logo-positive.png\",\"contentUrl\":\"https:\/\/puravall.com\/wp-content\/uploads\/cropped-logo-positive.png\",\"width\":346,\"height\":409,\"caption\":\"Pura Vall\"},\"image\":{\"@id\":\"https:\/\/puravall.com\/en\/#\/schema\/logo\/image\/\"}}]}<\/script>\n<!-- \/ Yoast SEO plugin. -->","yoast_head_json":{"title":"Committed to the valleys of Ribes, N\u00faria and Ripoll\u00e8s","description":"Pura Vall, committed to the territory of the Ribes valleys, the N\u00faria valley and the Ripoll\u00e8s. Come and discover it, you will be surprised!!!","robots":{"index":"index","follow":"follow","max-snippet":"max-snippet:-1","max-image-preview":"max-image-preview:large","max-video-preview":"max-video-preview:-1"},"canonical":"https:\/\/puravall.com\/en\/our-territory\/","og_locale":"en_US","og_type":"article","og_title":"Committed to the valleys of Ribes, N\u00faria and Ripoll\u00e8s","og_description":"Pura Vall, committed to the territory of the Ribes valleys, the N\u00faria valley and the Ripoll\u00e8s. Come and discover it, you will be surprised!!!","og_url":"https:\/\/puravall.com\/en\/our-territory\/","og_site_name":"Pura Vall","article_modified_time":"2023-07-12T14:20:08+00:00","twitter_card":"summary_large_image","schema":{"@context":"https:\/\/schema.org","@graph":[{"@type":"WebPage","@id":"https:\/\/puravall.com\/en\/our-territory\/","url":"https:\/\/puravall.com\/en\/our-territory\/","name":"Committed to the valleys of Ribes, N\u00faria and Ripoll\u00e8s","isPartOf":{"@id":"https:\/\/puravall.com\/en\/#website"},"datePublished":"2023-03-14T08:48:27+00:00","dateModified":"2023-07-12T14:20:08+00:00","description":"Pura Vall, committed to the territory of the Ribes valleys, the N\u00faria valley and the Ripoll\u00e8s. Come and discover it, you will be surprised!!!","breadcrumb":{"@id":"https:\/\/puravall.com\/en\/our-territory\/#breadcrumb"},"inLanguage":"en-US","potentialAction":[{"@type":"ReadAction","target":["https:\/\/puravall.com\/en\/our-territory\/"]}]},{"@type":"BreadcrumbList","@id":"https:\/\/puravall.com\/en\/our-territory\/#breadcrumb","itemListElement":[{"@type":"ListItem","position":1,"name":"Portada","item":"https:\/\/puravall.com\/en\/"},{"@type":"ListItem","position":2,"name":"Our territory"}]},{"@type":"WebSite","@id":"https:\/\/puravall.com\/en\/#website","url":"https:\/\/puravall.com\/en\/","name":"Pura Vall","description":"Garantim diversitat, comoditat, seguretat i diversi\u00f3 a la teva escapada!","publisher":{"@id":"https:\/\/puravall.com\/en\/#organization"},"potentialAction":[{"@type":"SearchAction","target":{"@type":"EntryPoint","urlTemplate":"https:\/\/puravall.com\/en\/?s={search_term_string}"},"query-input":{"@type":"PropertyValueSpecification","valueRequired":true,"valueName":"search_term_string"}}],"inLanguage":"en-US"},{"@type":"Organization","@id":"https:\/\/puravall.com\/en\/#organization","name":"Pura Vall","url":"https:\/\/puravall.com\/en\/","logo":{"@type":"ImageObject","inLanguage":"en-US","@id":"https:\/\/puravall.com\/en\/#\/schema\/logo\/image\/","url":"https:\/\/puravall.com\/wp-content\/uploads\/cropped-logo-positive.png","contentUrl":"https:\/\/puravall.com\/wp-content\/uploads\/cropped-logo-positive.png","width":346,"height":409,"caption":"Pura Vall"},"image":{"@id":"https:\/\/puravall.com\/en\/#\/schema\/logo\/image\/"}}]}},"_links":{"self":[{"href":"https:\/\/puravall.com\/en\/wp-json\/wp\/v2\/pages\/1778","targetHints":{"allow":["GET"]}}],"collection":[{"href":"https:\/\/puravall.com\/en\/wp-json\/wp\/v2\/pages"}],"about":[{"href":"https:\/\/puravall.com\/en\/wp-json\/wp\/v2\/types\/page"}],"author":[{"embeddable":true,"href":"https:\/\/puravall.com\/en\/wp-json\/wp\/v2\/users\/1"}],"replies":[{"embeddable":true,"href":"https:\/\/puravall.com\/en\/wp-json\/wp\/v2\/comments?post=1778"}],"version-history":[{"count":0,"href":"https:\/\/puravall.com\/en\/wp-json\/wp\/v2\/pages\/1778\/revisions"}],"wp:attachment":[{"href":"https:\/\/puravall.com\/en\/wp-json\/wp\/v2\/media?parent=1778"}],"curies":[{"name":"wp","href":"https:\/\/api.w.org\/{rel}","templated":true}]}}