{"id":1214,"date":"2023-03-14T11:44:57","date_gmt":"2023-03-14T11:44:57","guid":{"rendered":"http:\/\/puravall.com\/pagina-principal-ca\/"},"modified":"2023-08-29T10:47:12","modified_gmt":"2023-08-29T10:47:12","slug":"pagina-principal","status":"publish","type":"page","link":"https:\/\/puravall.com\/es\/","title":{"rendered":"P\u00e1gina principal &#8211; ES"},"content":{"rendered":"","protected":false},"excerpt":{"rendered":"","protected":false},"author":1,"featured_media":0,"parent":0,"menu_order":0,"comment_status":"closed","ping_status":"closed","template":"page-templates\/page-home.php","meta":{"_acf_changed":false,"footnotes":""},"class_list":["post-1214","page","type-page","status-publish","hentry"],"acf":[],"yoast_head":"<!-- This site is optimized with the Yoast SEO plugin v23.8 - https:\/\/yoast.com\/wordpress\/plugins\/seo\/ -->\n<title>Pura Vall - Turismo sostenible y comprometido en la Vall de Ribes<\/title>\n<meta name=\"description\" content=\"Pura Vall ofrece experiencias tur\u00edsticas sostenibles en Vall de Ribes, Vall de N\u00faria y Ripoll\u00e8s para particulares, empresas y colectivos\" \/>\n<meta name=\"robots\" content=\"index, follow, max-snippet:-1, max-image-preview:large, max-video-preview:-1\" \/>\n<link rel=\"canonical\" href=\"https:\/\/puravall.com\/es\/\" \/>\n<meta property=\"og:locale\" content=\"es_ES\" \/>\n<meta property=\"og:type\" content=\"article\" \/>\n<meta property=\"og:title\" content=\"Pura Vall - Turismo sostenible y comprometido en la Vall de Ribes\" \/>\n<meta property=\"og:description\" content=\"Pura Vall ofrece experiencias tur\u00edsticas sostenibles en Vall de Ribes, Vall de N\u00faria y Ripoll\u00e8s para particulares, empresas y colectivos\" \/>\n<meta property=\"og:url\" content=\"https:\/\/puravall.com\/es\/\" \/>\n<meta property=\"og:site_name\" content=\"Pura Vall\" \/>\n<meta property=\"article:modified_time\" content=\"2023-08-29T10:47:12+00:00\" \/>\n<meta name=\"twitter:card\" content=\"summary_large_image\" \/>\n<script type=\"application\/ld+json\" class=\"yoast-schema-graph\">{\"@context\":\"https:\/\/schema.org\",\"@graph\":[{\"@type\":\"WebPage\",\"@id\":\"https:\/\/puravall.com\/es\/\",\"url\":\"https:\/\/puravall.com\/es\/\",\"name\":\"Pura Vall - Turismo sostenible y comprometido en la Vall de Ribes\",\"isPartOf\":{\"@id\":\"https:\/\/puravall.com\/es\/#website\"},\"datePublished\":\"2023-03-14T11:44:57+00:00\",\"dateModified\":\"2023-08-29T10:47:12+00:00\",\"description\":\"Pura Vall ofrece experiencias tur\u00edsticas sostenibles en Vall de Ribes, Vall de N\u00faria y Ripoll\u00e8s para particulares, empresas y colectivos\",\"breadcrumb\":{\"@id\":\"https:\/\/puravall.com\/es\/#breadcrumb\"},\"inLanguage\":\"es\",\"potentialAction\":[{\"@type\":\"ReadAction\",\"target\":[\"https:\/\/puravall.com\/es\/\"]}]},{\"@type\":\"BreadcrumbList\",\"@id\":\"https:\/\/puravall.com\/es\/#breadcrumb\",\"itemListElement\":[{\"@type\":\"ListItem\",\"position\":1,\"name\":\"Portada\",\"item\":\"https:\/\/puravall.com\/es\/\"},{\"@type\":\"ListItem\",\"position\":2,\"name\":\"P\u00e1gina principal &#8211; ES\"}]},{\"@type\":\"WebSite\",\"@id\":\"https:\/\/puravall.com\/es\/#website\",\"url\":\"https:\/\/puravall.com\/es\/\",\"name\":\"Pura Vall\",\"description\":\"Garantim diversitat, comoditat, seguretat i diversi\u00f3 a la teva escapada!\",\"publisher\":{\"@id\":\"https:\/\/puravall.com\/es\/#organization\"},\"potentialAction\":[{\"@type\":\"SearchAction\",\"target\":{\"@type\":\"EntryPoint\",\"urlTemplate\":\"https:\/\/puravall.com\/es\/?s={search_term_string}\"},\"query-input\":{\"@type\":\"PropertyValueSpecification\",\"valueRequired\":true,\"valueName\":\"search_term_string\"}}],\"inLanguage\":\"es\"},{\"@type\":\"Organization\",\"@id\":\"https:\/\/puravall.com\/es\/#organization\",\"name\":\"Pura Vall\",\"url\":\"https:\/\/puravall.com\/es\/\",\"logo\":{\"@type\":\"ImageObject\",\"inLanguage\":\"es\",\"@id\":\"https:\/\/puravall.com\/es\/#\/schema\/logo\/image\/\",\"url\":\"https:\/\/puravall.com\/wp-content\/uploads\/cropped-logo-positive.png\",\"contentUrl\":\"https:\/\/puravall.com\/wp-content\/uploads\/cropped-logo-positive.png\",\"width\":346,\"height\":409,\"caption\":\"Pura Vall\"},\"image\":{\"@id\":\"https:\/\/puravall.com\/es\/#\/schema\/logo\/image\/\"}}]}<\/script>\n<!-- \/ Yoast SEO plugin. -->","yoast_head_json":{"title":"Pura Vall - Turismo sostenible y comprometido en la Vall de Ribes","description":"Pura Vall ofrece experiencias tur\u00edsticas sostenibles en Vall de Ribes, Vall de N\u00faria y Ripoll\u00e8s para particulares, empresas y colectivos","robots":{"index":"index","follow":"follow","max-snippet":"max-snippet:-1","max-image-preview":"max-image-preview:large","max-video-preview":"max-video-preview:-1"},"canonical":"https:\/\/puravall.com\/es\/","og_locale":"es_ES","og_type":"article","og_title":"Pura Vall - Turismo sostenible y comprometido en la Vall de Ribes","og_description":"Pura Vall ofrece experiencias tur\u00edsticas sostenibles en Vall de Ribes, Vall de N\u00faria y Ripoll\u00e8s para particulares, empresas y colectivos","og_url":"https:\/\/puravall.com\/es\/","og_site_name":"Pura Vall","article_modified_time":"2023-08-29T10:47:12+00:00","twitter_card":"summary_large_image","schema":{"@context":"https:\/\/schema.org","@graph":[{"@type":"WebPage","@id":"https:\/\/puravall.com\/es\/","url":"https:\/\/puravall.com\/es\/","name":"Pura Vall - Turismo sostenible y comprometido en la Vall de Ribes","isPartOf":{"@id":"https:\/\/puravall.com\/es\/#website"},"datePublished":"2023-03-14T11:44:57+00:00","dateModified":"2023-08-29T10:47:12+00:00","description":"Pura Vall ofrece experiencias tur\u00edsticas sostenibles en Vall de Ribes, Vall de N\u00faria y Ripoll\u00e8s para particulares, empresas y colectivos","breadcrumb":{"@id":"https:\/\/puravall.com\/es\/#breadcrumb"},"inLanguage":"es","potentialAction":[{"@type":"ReadAction","target":["https:\/\/puravall.com\/es\/"]}]},{"@type":"BreadcrumbList","@id":"https:\/\/puravall.com\/es\/#breadcrumb","itemListElement":[{"@type":"ListItem","position":1,"name":"Portada","item":"https:\/\/puravall.com\/es\/"},{"@type":"ListItem","position":2,"name":"P\u00e1gina principal &#8211; ES"}]},{"@type":"WebSite","@id":"https:\/\/puravall.com\/es\/#website","url":"https:\/\/puravall.com\/es\/","name":"Pura Vall","description":"Garantim diversitat, comoditat, seguretat i diversi\u00f3 a la teva escapada!","publisher":{"@id":"https:\/\/puravall.com\/es\/#organization"},"potentialAction":[{"@type":"SearchAction","target":{"@type":"EntryPoint","urlTemplate":"https:\/\/puravall.com\/es\/?s={search_term_string}"},"query-input":{"@type":"PropertyValueSpecification","valueRequired":true,"valueName":"search_term_string"}}],"inLanguage":"es"},{"@type":"Organization","@id":"https:\/\/puravall.com\/es\/#organization","name":"Pura Vall","url":"https:\/\/puravall.com\/es\/","logo":{"@type":"ImageObject","inLanguage":"es","@id":"https:\/\/puravall.com\/es\/#\/schema\/logo\/image\/","url":"https:\/\/puravall.com\/wp-content\/uploads\/cropped-logo-positive.png","contentUrl":"https:\/\/puravall.com\/wp-content\/uploads\/cropped-logo-positive.png","width":346,"height":409,"caption":"Pura Vall"},"image":{"@id":"https:\/\/puravall.com\/es\/#\/schema\/logo\/image\/"}}]}},"_links":{"self":[{"href":"https:\/\/puravall.com\/es\/wp-json\/wp\/v2\/pages\/1214","targetHints":{"allow":["GET"]}}],"collection":[{"href":"https:\/\/puravall.com\/es\/wp-json\/wp\/v2\/pages"}],"about":[{"href":"https:\/\/puravall.com\/es\/wp-json\/wp\/v2\/types\/page"}],"author":[{"embeddable":true,"href":"https:\/\/puravall.com\/es\/wp-json\/wp\/v2\/users\/1"}],"replies":[{"embeddable":true,"href":"https:\/\/puravall.com\/es\/wp-json\/wp\/v2\/comments?post=1214"}],"version-history":[{"count":3,"href":"https:\/\/puravall.com\/es\/wp-json\/wp\/v2\/pages\/1214\/revisions"}],"predecessor-version":[{"id":2568,"href":"https:\/\/puravall.com\/es\/wp-json\/wp\/v2\/pages\/1214\/revisions\/2568"}],"wp:attachment":[{"href":"https:\/\/puravall.com\/es\/wp-json\/wp\/v2\/media?parent=1214"}],"curies":[{"name":"wp","href":"https:\/\/api.w.org\/{rel}","templated":true}]}}