{"id":1579,"date":"2023-03-14T08:48:15","date_gmt":"2023-03-14T08:48:15","guid":{"rendered":"http:\/\/puravall.com\/experiencies\/"},"modified":"2023-07-18T09:21:33","modified_gmt":"2023-07-18T09:21:33","slug":"experiencias","status":"publish","type":"page","link":"https:\/\/puravall.com\/es\/experiencias\/","title":{"rendered":"<u>Experiencias<\/u>"},"content":{"rendered":"","protected":false},"excerpt":{"rendered":"<p>Experiencias, a tu medida, inspiradoras y consecuentes con tu forma, honesta y respetuosa, de entender la vida. Descubrimientos de naturaleza y ecolog\u00eda, tradiciones, cultura y gastronom\u00eda, deporte y aventura, convivencia y espiritualidad, en lugares y espacios singulares en Vall de Ribes, Vall de N\u00faria y Ripoll\u00e8s<\/p>\n","protected":false},"author":1,"featured_media":0,"parent":0,"menu_order":4,"comment_status":"closed","ping_status":"closed","template":"page-templates\/page-experiences.php","meta":{"_acf_changed":false,"footnotes":""},"class_list":["post-1579","page","type-page","status-publish","hentry"],"acf":[],"yoast_head":"<!-- This site is optimized with the Yoast SEO plugin v23.8 - https:\/\/yoast.com\/wordpress\/plugins\/seo\/ -->\n<title>Pura Vall - Experiencias tur\u00edsticas \u00fanicas para gente comprometida<\/title>\n<meta name=\"description\" content=\"Pura Vall ofrece experiencias tur\u00edsticas \u00fanicas en el Valle de Ribes, el Valle de N\u00faria y el Ripoll\u00e8s para gente comprometida. \u00a1Con\u00f3cenos y ven a vivirlas!\" \/>\n<meta name=\"robots\" content=\"index, follow, max-snippet:-1, max-image-preview:large, max-video-preview:-1\" \/>\n<link rel=\"canonical\" href=\"https:\/\/puravall.com\/es\/experiencias\/\" \/>\n<meta property=\"og:locale\" content=\"es_ES\" \/>\n<meta property=\"og:type\" content=\"article\" \/>\n<meta property=\"og:title\" content=\"Pura Vall - Experiencias tur\u00edsticas \u00fanicas para gente comprometida\" \/>\n<meta property=\"og:description\" content=\"Pura Vall ofrece experiencias tur\u00edsticas \u00fanicas en el Valle de Ribes, el Valle de N\u00faria y el Ripoll\u00e8s para gente comprometida. \u00a1Con\u00f3cenos y ven a vivirlas!\" \/>\n<meta property=\"og:url\" content=\"https:\/\/puravall.com\/es\/experiencias\/\" \/>\n<meta property=\"og:site_name\" content=\"Pura Vall\" \/>\n<meta property=\"article:modified_time\" content=\"2023-07-18T09:21:33+00:00\" \/>\n<meta name=\"twitter:card\" content=\"summary_large_image\" \/>\n<script type=\"application\/ld+json\" class=\"yoast-schema-graph\">{\"@context\":\"https:\/\/schema.org\",\"@graph\":[{\"@type\":\"WebPage\",\"@id\":\"https:\/\/puravall.com\/es\/experiencias\/\",\"url\":\"https:\/\/puravall.com\/es\/experiencias\/\",\"name\":\"Pura Vall - Experiencias tur\u00edsticas \u00fanicas para gente comprometida\",\"isPartOf\":{\"@id\":\"https:\/\/puravall.com\/es\/#website\"},\"datePublished\":\"2023-03-14T08:48:15+00:00\",\"dateModified\":\"2023-07-18T09:21:33+00:00\",\"description\":\"Pura Vall ofrece experiencias tur\u00edsticas \u00fanicas en el Valle de Ribes, el Valle de N\u00faria y el Ripoll\u00e8s para gente comprometida. \u00a1Con\u00f3cenos y ven a vivirlas!\",\"breadcrumb\":{\"@id\":\"https:\/\/puravall.com\/es\/experiencias\/#breadcrumb\"},\"inLanguage\":\"es\",\"potentialAction\":[{\"@type\":\"ReadAction\",\"target\":[\"https:\/\/puravall.com\/es\/experiencias\/\"]}]},{\"@type\":\"BreadcrumbList\",\"@id\":\"https:\/\/puravall.com\/es\/experiencias\/#breadcrumb\",\"itemListElement\":[{\"@type\":\"ListItem\",\"position\":1,\"name\":\"Portada\",\"item\":\"https:\/\/puravall.com\/es\/\"},{\"@type\":\"ListItem\",\"position\":2,\"name\":\"Experiencias\"}]},{\"@type\":\"WebSite\",\"@id\":\"https:\/\/puravall.com\/es\/#website\",\"url\":\"https:\/\/puravall.com\/es\/\",\"name\":\"Pura Vall\",\"description\":\"Garantim diversitat, comoditat, seguretat i diversi\u00f3 a la teva escapada!\",\"publisher\":{\"@id\":\"https:\/\/puravall.com\/es\/#organization\"},\"potentialAction\":[{\"@type\":\"SearchAction\",\"target\":{\"@type\":\"EntryPoint\",\"urlTemplate\":\"https:\/\/puravall.com\/es\/?s={search_term_string}\"},\"query-input\":{\"@type\":\"PropertyValueSpecification\",\"valueRequired\":true,\"valueName\":\"search_term_string\"}}],\"inLanguage\":\"es\"},{\"@type\":\"Organization\",\"@id\":\"https:\/\/puravall.com\/es\/#organization\",\"name\":\"Pura Vall\",\"url\":\"https:\/\/puravall.com\/es\/\",\"logo\":{\"@type\":\"ImageObject\",\"inLanguage\":\"es\",\"@id\":\"https:\/\/puravall.com\/es\/#\/schema\/logo\/image\/\",\"url\":\"https:\/\/puravall.com\/wp-content\/uploads\/cropped-logo-positive.png\",\"contentUrl\":\"https:\/\/puravall.com\/wp-content\/uploads\/cropped-logo-positive.png\",\"width\":346,\"height\":409,\"caption\":\"Pura Vall\"},\"image\":{\"@id\":\"https:\/\/puravall.com\/es\/#\/schema\/logo\/image\/\"}}]}<\/script>\n<!-- \/ Yoast SEO plugin. -->","yoast_head_json":{"title":"Pura Vall - Experiencias tur\u00edsticas \u00fanicas para gente comprometida","description":"Pura Vall ofrece experiencias tur\u00edsticas \u00fanicas en el Valle de Ribes, el Valle de N\u00faria y el Ripoll\u00e8s para gente comprometida. \u00a1Con\u00f3cenos y ven a vivirlas!","robots":{"index":"index","follow":"follow","max-snippet":"max-snippet:-1","max-image-preview":"max-image-preview:large","max-video-preview":"max-video-preview:-1"},"canonical":"https:\/\/puravall.com\/es\/experiencias\/","og_locale":"es_ES","og_type":"article","og_title":"Pura Vall - Experiencias tur\u00edsticas \u00fanicas para gente comprometida","og_description":"Pura Vall ofrece experiencias tur\u00edsticas \u00fanicas en el Valle de Ribes, el Valle de N\u00faria y el Ripoll\u00e8s para gente comprometida. \u00a1Con\u00f3cenos y ven a vivirlas!","og_url":"https:\/\/puravall.com\/es\/experiencias\/","og_site_name":"Pura Vall","article_modified_time":"2023-07-18T09:21:33+00:00","twitter_card":"summary_large_image","schema":{"@context":"https:\/\/schema.org","@graph":[{"@type":"WebPage","@id":"https:\/\/puravall.com\/es\/experiencias\/","url":"https:\/\/puravall.com\/es\/experiencias\/","name":"Pura Vall - Experiencias tur\u00edsticas \u00fanicas para gente comprometida","isPartOf":{"@id":"https:\/\/puravall.com\/es\/#website"},"datePublished":"2023-03-14T08:48:15+00:00","dateModified":"2023-07-18T09:21:33+00:00","description":"Pura Vall ofrece experiencias tur\u00edsticas \u00fanicas en el Valle de Ribes, el Valle de N\u00faria y el Ripoll\u00e8s para gente comprometida. \u00a1Con\u00f3cenos y ven a vivirlas!","breadcrumb":{"@id":"https:\/\/puravall.com\/es\/experiencias\/#breadcrumb"},"inLanguage":"es","potentialAction":[{"@type":"ReadAction","target":["https:\/\/puravall.com\/es\/experiencias\/"]}]},{"@type":"BreadcrumbList","@id":"https:\/\/puravall.com\/es\/experiencias\/#breadcrumb","itemListElement":[{"@type":"ListItem","position":1,"name":"Portada","item":"https:\/\/puravall.com\/es\/"},{"@type":"ListItem","position":2,"name":"Experiencias"}]},{"@type":"WebSite","@id":"https:\/\/puravall.com\/es\/#website","url":"https:\/\/puravall.com\/es\/","name":"Pura Vall","description":"Garantim diversitat, comoditat, seguretat i diversi\u00f3 a la teva escapada!","publisher":{"@id":"https:\/\/puravall.com\/es\/#organization"},"potentialAction":[{"@type":"SearchAction","target":{"@type":"EntryPoint","urlTemplate":"https:\/\/puravall.com\/es\/?s={search_term_string}"},"query-input":{"@type":"PropertyValueSpecification","valueRequired":true,"valueName":"search_term_string"}}],"inLanguage":"es"},{"@type":"Organization","@id":"https:\/\/puravall.com\/es\/#organization","name":"Pura Vall","url":"https:\/\/puravall.com\/es\/","logo":{"@type":"ImageObject","inLanguage":"es","@id":"https:\/\/puravall.com\/es\/#\/schema\/logo\/image\/","url":"https:\/\/puravall.com\/wp-content\/uploads\/cropped-logo-positive.png","contentUrl":"https:\/\/puravall.com\/wp-content\/uploads\/cropped-logo-positive.png","width":346,"height":409,"caption":"Pura Vall"},"image":{"@id":"https:\/\/puravall.com\/es\/#\/schema\/logo\/image\/"}}]}},"_links":{"self":[{"href":"https:\/\/puravall.com\/es\/wp-json\/wp\/v2\/pages\/1579","targetHints":{"allow":["GET"]}}],"collection":[{"href":"https:\/\/puravall.com\/es\/wp-json\/wp\/v2\/pages"}],"about":[{"href":"https:\/\/puravall.com\/es\/wp-json\/wp\/v2\/types\/page"}],"author":[{"embeddable":true,"href":"https:\/\/puravall.com\/es\/wp-json\/wp\/v2\/users\/1"}],"replies":[{"embeddable":true,"href":"https:\/\/puravall.com\/es\/wp-json\/wp\/v2\/comments?post=1579"}],"version-history":[{"count":0,"href":"https:\/\/puravall.com\/es\/wp-json\/wp\/v2\/pages\/1579\/revisions"}],"wp:attachment":[{"href":"https:\/\/puravall.com\/es\/wp-json\/wp\/v2\/media?parent=1579"}],"curies":[{"name":"wp","href":"https:\/\/api.w.org\/{rel}","templated":true}]}}