{"id":1850,"date":"2023-03-14T11:19:37","date_gmt":"2023-03-14T11:19:37","guid":{"rendered":"http:\/\/puravall.com\/avis-legal\/"},"modified":"2023-05-02T07:30:04","modified_gmt":"2023-05-02T07:30:04","slug":"aviso-legal","status":"publish","type":"page","link":"https:\/\/puravall.com\/es\/aviso-legal\/","title":{"rendered":"Aviso legal"},"content":{"rendered":"\n<p><strong>1. OBJETO<\/strong><\/p>\n<p>El presente aviso legal regula el uso y la utilizaci\u00f3n del sitio web\u00a0<a href=\"http:\/\/puravall.com\/\">www.puravall.com<\/a>\u00a0del que es titular\u00a0<strong> AGENCIA DE VIAJES PURA VALL, S.L.<\/strong>\u00a0en adelante (PURA VALL)<\/p>\n<p>La navegaci\u00f3n por el sitio web de PURA VALL atribuye la condici\u00f3n de usuario del mismo e implica la aceptaci\u00f3n plena y sin reservas de todas y cada una de las disposiciones incluidas en este Aviso Legal, que pueden sufrir modificaciones sin previo aviso de PURA VALLE caso en el que se proceder\u00e1 a su publicaci\u00f3n y abuelos lo antes posible.<\/p>\n<p>Es recomendable leer detenidamente su contenido en caso de querer acceder y utilizar la informaci\u00f3n y los servicios ofrecidos en esta web.<\/p>\n<p>El usuario se obliga a hacer un uso correcto del sitio web de conformidad con las leyes, la buena fe, el orden p\u00fablico, los usos del tr\u00e1fico y el presente Aviso Legal. El usuario responder\u00e1 ante el PURA VALL o frente a terceros, de cualesquiera da\u00f1os y\/o perjuicios que pudieran causar como consecuencia del incumplimiento de esta obligaci\u00f3n.<\/p>\n<p>Cualquier utilizaci\u00f3n diferente a la autorizada queda expresamente prohibida, por lo que PURA VALL se reserva el derecho de denegar o retirar el acceso y su uso en cualquier momento.<\/p>\n<p><strong>2. IDENTIFICACI\u00d3N<\/strong><\/p>\n<p>PURA VALL en cumplimiento de la Ley 34\/2002, de 11 de julio, de servicios de la sociedad de la informaci\u00f3n y de comercio electr\u00f3nico, le informa de lo siguiente:<\/p>\n<ul>\n<li>Su denominaci\u00f3n social es: AGENCIA DE VIAJES PURA VALL, S.L.<\/li>\n<li>B05366042<\/li>\n<li>Su domicilio social se encuentra en: C\/ Puigcerda, n.\u00ba 4, 17534 Ribes de Freser \u2013 Girona<\/li>\n<\/ul>\n<p><strong>3. COMUNICACIONES<\/strong><\/p>\n<p>Para comunicarse con nosotros, ponemos a su disposici\u00f3n diferentes medios de contacto que le detallamos a continuaci\u00f3n:<\/p>\n<ul>\n<li>Tel\u00e9fono: 685940370 \u2013 685940375\u00a0<\/li>\n<li>Email:\u00a0<a href=\"mailto:info@puravall.com\">info@puravall.com<\/a>\u00a0\u00a0<\/li>\n<\/ul>\n<p>Todas las notificaciones y comunicaciones entre los usuarios y PURA VALL se considerar\u00e1n eficaces, a todos los efectos, cuando se realicen a trav\u00e9s de correo postal o cualquier otro medio de los detallados anteriormente.<\/p>\n<p><strong>4. CONDICIONES DE ACCESO Y UTILIZACI\u00d3N<\/strong><\/p>\n<p>El sitio web y sus servicios son de acceso libre y gratuito, sin embargo, PURA VALL condiciona la utilizaci\u00f3n de algunos de los servicios ofrecidos en su web a la previa cumplimentaci\u00f3n del correspondiente formulario.<\/p>\n<p>El usuario garantiza la autenticidad y actualidad de todos aquellos datos que comunique a PURA VALL y ser\u00e1 el \u00fanico responsable de las manifestaciones falsas o inexactas que realice.<\/p>\n<p>El usuario se compromete expresamente a hacer un uso adecuado de los contenidos y servicios de PURA VALL ya no utilizarlos para, entre otros:<\/p>\n<p>1. Difundir contenidos, delictivos, violentos, pornogr\u00e1ficos, racistas, xen\u00f3fobos, ofensivos, de apolog\u00eda del terrorismo o, en general, contrarios a la ley o al orden p\u00fablico.<\/p>\n<p>2. Introducir en la red virus inform\u00e1ticos o realizar actuaciones susceptibles de alterar, estropear, interrumpir o generar errores o da\u00f1os en los documentos electr\u00f3nicos, datos o sistemas f\u00edsicos y l\u00f3gicos de PURA VALL o de terceras personas, as\u00ed como obstaculizar el acceso de otros usuarios en el sitio web y en sus servicios mediante el consumo masivo de los recursos inform\u00e1ticos a trav\u00e9s de los cuales PURA VALL presta sus servicios.<\/p>\n<p>3. Intentar acceder a las cuentas de correo electr\u00f3nico de otros usuarios oa \u00e1reas restringidas de los sistemas inform\u00e1ticos de PURA VALL o de terceros y, en caso de hacerlo, extraer informaci\u00f3n.<\/p>\n<p>4. Vulnerar los derechos de propiedad intelectual o industrial, as\u00ed como violar la confidencialidad de la informaci\u00f3n de PURA VALL o de terceros.<\/p>\n<p>5. Suplantar la identidad de cualquier otro usuario o de las administraciones p\u00fablicas.<\/p>\n<p>6. Reproducir, copiar, distribuir, poner a disposici\u00f3n o de cualquier otra forma comunicar p\u00fablicamente, transformar o modificar los contenidos, salvo que se cuente con la autorizaci\u00f3n del titular de los correspondientes derechos o ello resulte legalmente permitido.<\/p>\n<p>7. Recoger datos con finalidad publicitaria y de remitir publicidad de cualquier clase y comunicaciones con fines de venta u otros de naturaleza comercial sin previa solicitud o sin consentimiento.<\/p>\n<p>Todos los contenidos del sitio web, tales como textos, fotograf\u00edas, gr\u00e1ficos, im\u00e1genes, iconos, tecnolog\u00eda, software, as\u00ed como su dise\u00f1o gr\u00e1fico y c\u00f3digos fuente, constituyen una obra de la que la propiedad pertenece a EL PROPIETARIO DE LA WEB, sin que puedan entender cedidos al usuario ninguno de los derechos de explotaci\u00f3n sobre los mismos m\u00e1s all\u00e1 de lo estrictamente necesario para el correcto uso de la web.<\/p>\n<p>En definitiva, los usuarios que accedan a este sitio web pueden visualizar los contenidos y efectuar, en su caso, copias privadas autorizadas siempre que los elementos reproducidos no sean cedidos posteriormente a terceros, ni se instalen en servidores conectados a redes , ni sean objeto de ning\u00fan tipo de explotaci\u00f3n.<\/p>\n<p>Asimismo, todas las marcas, nombres comerciales o signos distintivos de cualquier clase que aparecen en el sitio web son propiedad de EL PROPIETARIO DE LA WEB, sin que pueda entenderse que el uso o acceso al mismo atribuya al usuario derecho alguno sobre los mismos.<\/p>\n<p>La distribuci\u00f3n, modificaci\u00f3n, cesi\u00f3n o comunicaci\u00f3n p\u00fablica de los contenidos y cualquier otro acto que no haya sido expresamente autorizado por el titular de los derechos de explotaci\u00f3n quedan prohibidos.<\/p>\n<p>El establecimiento de un hiperenlace no implica en ning\u00fan caso la existencia de relaciones entre PURA VALL y el propietario del sitio web en la que se establezca, ni la aceptaci\u00f3n y aprobaci\u00f3n por parte del PURA VALL de sus contenidos o servicios.<\/p>\n<p>PURA VALL no se responsabiliza del uso que cada usuario le d\u00e9 a los materiales puestos a disposici\u00f3n en este sitio web ni de las actuaciones que realice en base a los mismos.<\/p>\n<p><strong><em>4.1. EXCLUSI\u00d3N DE GARANT\u00cdAS Y DE RESPONSABILIDAD EN EL ACCESO Y LA UTILIZACI\u00d3N<\/em><\/strong><\/p>\n<p>El contenido del presente sitio web es de car\u00e1cter general y tiene una finalidad meramente informativa, sin que se garantice plenamente el acceso a todos los contenidos, ni su exhaustividad, correcci\u00f3n, vigencia o actualidad, ni su idoneidad o utilidad para un objetivo espec\u00edfico.<\/p>\n<p>PURA VALL excluye, hasta donde permite el ordenamiento jur\u00eddico, cualquier responsabilidad por los da\u00f1os y perjuicios de toda naturaleza derivados de:<\/p>\n<p>1. La imposibilidad de acceso al sitio web o la falta de veracidad, exactitud, exhaustividad y\/o actualidad de los contenidos, as\u00ed como la existencia de vicios y defectos de toda clase de los contenidos transmitidos, difundidos, almacenados, puestos a disposici\u00f3n a los que se haya accedido a trav\u00e9s del sitio web o de los servicios que se ofrecen.<\/p>\n<p>2. La presencia de virus u otros elementos en los contenidos que puedan producir alteraciones en los sistemas inform\u00e1ticos, documentos electr\u00f3nicos o datos de los usuarios.<\/p>\n<p>3. El incumplimiento de las leyes, la buena fe, el orden p\u00fablico, los usos del tr\u00e1fico y el presente aviso legal como consecuencia del uso incorrecto del sitio web. En particular, ya modo de ejemplo, PURA VALL no se hace responsable de las actuaciones de terceros que vulneren derechos de propiedad intelectual e industrial, secretos empresariales, derechos al honor, a la intimidad personal y familiar ya la propia imagen , as\u00ed como la normativa en materia de competencia desleal y publicidad il\u00edcita.<\/p>\n<p>Asimismo, PURA VALL declina cualquier responsabilidad respecto a la informaci\u00f3n que se encuentre fuera de esta web y no sea gestionada directamente por nuestra web m\u00e1ster. La funci\u00f3n de los links que aparecen en esta web es exclusivamente la de informar al usuario sobre la existencia de otras fuentes susceptibles de ampliar los contenidos que ofrece este sitio web. PURA VALL no puede garantizar ni se responsabiliza del funcionamiento o accesibilidad de los sitios enlazados, ni sugiere, invita o recomienda la visita a los mismos, por lo que tampoco ser\u00e1 responsable del resultado obtenido. PURA VALL no se responsabiliza del establecimiento de hiperv\u00ednculos por parte de terceros.<\/p>\n<p><strong><em>4.2. PROCEDIMIENTO EN CASO DE REALIZACI\u00d3N DE ACTIVIDADES DE CAR\u00c1CTER IL\u00cdCITO<\/em><\/strong><\/p>\n<p>En caso de que cualquier usuario o un tercero considere que existen hechos o circunstancias que revelen el car\u00e1cter il\u00edcito de la utilizaci\u00f3n de cualquier contenido y\/o de la realizaci\u00f3n de cualquier actividad en las p\u00e1ginas web incluidas o accesibles a trav\u00e9s del sitio web, deber\u00e1 enviar una notificaci\u00f3n a PURA VALL identificando debidamente, especificando las supuestas infracciones y declarando expresamente y bajo su responsabilidad que la informaci\u00f3n proporcionada en la notificaci\u00f3n es exacta.<\/p>\n<p><strong><em>4.3. PUBLICACIONES<\/em><\/strong><\/p>\n<p>La informaci\u00f3n administrativa facilitada a trav\u00e9s del sitio web no sustituye a la publicidad legal de las leyes, normativas, planes, disposiciones generales y actas que deban ser publicados formalmente en los diarios oficiales de las administraciones p\u00fablicas, que constituyen el \u00fanico instrumento que da fe de su autenticidad y contenido. La informaci\u00f3n disponible en este sitio web debe entenderse como una gu\u00eda sin prop\u00f3sito de validez legal.<\/p>\n<p><strong>5. PROPIEDAD INTELECTUAL E INDUSTRIAL<\/strong><\/p>\n<p>PURA VALL por s\u00ed misma o como cesionaria, es titular de todos los derechos de propiedad intelectual e industrial de su p\u00e1gina web, as\u00ed como de los elementos contenidos en la misma (a t\u00edtulo informativo, im\u00e1genes, sonido, audio, v\u00eddeo, software o textos, marcas o logotipos, combinaciones de colores, estructura y dise\u00f1o, selecci\u00f3n de materiales empleados, programas de ordenador necesarios para su funcionamiento, acceso y uso, etc.), titularidad de PURA VALL. Ser\u00e1n, por consiguiente, obras protegidas como propiedad intelectual por el ordenamiento jur\u00eddico espa\u00f1ol, siendo de aplicaci\u00f3n tanto la normativa espa\u00f1ola y comunitaria en este campo, como los tratados Internacionales relativos a la materia y suscritos por Espa\u00f1a.<\/p>\n<p>Todos los derechos reservados. En virtud de lo dispuesto en los art\u00edculos 8 y 32.1, p\u00e1rrafo segundo, de la Ley de Propiedad Intelectual, quedan expresamente prohibidas la reproducci\u00f3n, distribuci\u00f3n y comunicaci\u00f3n p\u00fablica, incluida su modalidad de puesta a disposici\u00f3n, de la totalidad o parte de los contenidos de esta p\u00e1gina web, con fines comerciales, en cualquier soporte y por cualquier medio t\u00e9cnico, sin la autorizaci\u00f3n de PURA VALL.<\/p>\n<p>El usuario se compromete a respetar los derechos de Propiedad Intelectual e Industrial titularidad de EL PURA VALL. Podr\u00e1 visualizar los elementos del portal e incluso imprimirlos, copiarlos y almacenarlos en el disco duro de su ordenador o en cualquier otro soporte f\u00edsico siempre y cuando sea, \u00fanica y exclusivamente, por su uso personal y privado. El usuario deber\u00e1 abstenerse de suprimir, alterar, eludir o manipular cualquier dispositivo de protecci\u00f3n o sistema de seguridad que est\u00e9 instalado en las p\u00e1ginas de EL PROPIETARIO DE LA WEB.<\/p>\n<p><strong>6. ACCIONES LEGALES, LEGISLACI\u00d3N APLICABLE Y JURISDICCI\u00d3N\u00a0<\/strong><\/p>\n<p>PURA VALL se reserva, sin embargo, la facultad de presentar las acciones civiles o penales que considere oportunas por la utilizaci\u00f3n indebida de su sitio web y sus contenidos, o por el incumplimiento de las presentes condiciones.<\/p>\n<p>La relaci\u00f3n entre el usuario y el prestamista se regir\u00e1 por la normativa vigente y de aplicaci\u00f3n en territorio espa\u00f1ol. De surgir cualquier controversia las partes podr\u00e1n someter sus conflictos a arbitraje o recurrir a la jurisdicci\u00f3n ordinaria cumpliendo con las normas sobre jurisdicci\u00f3n y competencia al respecto. PURA VALL tiene su domicilio en (GIRONA), Espa\u00f1a.<\/p>\n","protected":false},"excerpt":{"rendered":"<p>1. OBJETO El presente aviso legal regula el uso y la utilizaci\u00f3n del sitio web\u00a0www.puravall.com\u00a0del que es titular\u00a0 AGENCIA DE VIAJES PURA VALL, S.L.\u00a0en adelante (PURA VALL) La navegaci\u00f3n por &hellip;<\/p>\n","protected":false},"author":1,"featured_media":0,"parent":0,"menu_order":10,"comment_status":"closed","ping_status":"closed","template":"","meta":{"_acf_changed":false,"footnotes":""},"class_list":["post-1850","page","type-page","status-publish","hentry"],"acf":[],"yoast_head":"<!-- This site is optimized with the Yoast SEO plugin v23.8 - https:\/\/yoast.com\/wordpress\/plugins\/seo\/ -->\n<title>Aviso legal - Pura Vall<\/title>\n<meta name=\"robots\" content=\"index, follow, max-snippet:-1, max-image-preview:large, max-video-preview:-1\" \/>\n<link rel=\"canonical\" href=\"https:\/\/puravall.com\/es\/aviso-legal\/\" \/>\n<meta property=\"og:locale\" content=\"es_ES\" \/>\n<meta property=\"og:type\" content=\"article\" \/>\n<meta property=\"og:title\" content=\"Aviso legal - Pura Vall\" \/>\n<meta property=\"og:url\" content=\"https:\/\/puravall.com\/es\/aviso-legal\/\" \/>\n<meta property=\"og:site_name\" content=\"Pura Vall\" \/>\n<meta property=\"article:modified_time\" content=\"2023-05-02T07:30:04+00:00\" \/>\n<meta name=\"twitter:card\" content=\"summary_large_image\" \/>\n<meta name=\"twitter:label1\" content=\"Tiempo de lectura\" \/>\n\t<meta name=\"twitter:data1\" content=\"10 minutos\" \/>\n<script type=\"application\/ld+json\" class=\"yoast-schema-graph\">{\"@context\":\"https:\/\/schema.org\",\"@graph\":[{\"@type\":\"WebPage\",\"@id\":\"https:\/\/puravall.com\/es\/aviso-legal\/\",\"url\":\"https:\/\/puravall.com\/es\/aviso-legal\/\",\"name\":\"Aviso legal - Pura Vall\",\"isPartOf\":{\"@id\":\"https:\/\/puravall.com\/es\/#website\"},\"datePublished\":\"2023-03-14T11:19:37+00:00\",\"dateModified\":\"2023-05-02T07:30:04+00:00\",\"breadcrumb\":{\"@id\":\"https:\/\/puravall.com\/es\/aviso-legal\/#breadcrumb\"},\"inLanguage\":\"es\",\"potentialAction\":[{\"@type\":\"ReadAction\",\"target\":[\"https:\/\/puravall.com\/es\/aviso-legal\/\"]}]},{\"@type\":\"BreadcrumbList\",\"@id\":\"https:\/\/puravall.com\/es\/aviso-legal\/#breadcrumb\",\"itemListElement\":[{\"@type\":\"ListItem\",\"position\":1,\"name\":\"Portada\",\"item\":\"https:\/\/puravall.com\/es\/\"},{\"@type\":\"ListItem\",\"position\":2,\"name\":\"Aviso legal\"}]},{\"@type\":\"WebSite\",\"@id\":\"https:\/\/puravall.com\/es\/#website\",\"url\":\"https:\/\/puravall.com\/es\/\",\"name\":\"Pura Vall\",\"description\":\"Garantim diversitat, comoditat, seguretat i diversi\u00f3 a la teva escapada!\",\"publisher\":{\"@id\":\"https:\/\/puravall.com\/es\/#organization\"},\"potentialAction\":[{\"@type\":\"SearchAction\",\"target\":{\"@type\":\"EntryPoint\",\"urlTemplate\":\"https:\/\/puravall.com\/es\/?s={search_term_string}\"},\"query-input\":{\"@type\":\"PropertyValueSpecification\",\"valueRequired\":true,\"valueName\":\"search_term_string\"}}],\"inLanguage\":\"es\"},{\"@type\":\"Organization\",\"@id\":\"https:\/\/puravall.com\/es\/#organization\",\"name\":\"Pura Vall\",\"url\":\"https:\/\/puravall.com\/es\/\",\"logo\":{\"@type\":\"ImageObject\",\"inLanguage\":\"es\",\"@id\":\"https:\/\/puravall.com\/es\/#\/schema\/logo\/image\/\",\"url\":\"https:\/\/puravall.com\/wp-content\/uploads\/cropped-logo-positive.png\",\"contentUrl\":\"https:\/\/puravall.com\/wp-content\/uploads\/cropped-logo-positive.png\",\"width\":346,\"height\":409,\"caption\":\"Pura Vall\"},\"image\":{\"@id\":\"https:\/\/puravall.com\/es\/#\/schema\/logo\/image\/\"}}]}<\/script>\n<!-- \/ Yoast SEO plugin. -->","yoast_head_json":{"title":"Aviso legal - Pura Vall","robots":{"index":"index","follow":"follow","max-snippet":"max-snippet:-1","max-image-preview":"max-image-preview:large","max-video-preview":"max-video-preview:-1"},"canonical":"https:\/\/puravall.com\/es\/aviso-legal\/","og_locale":"es_ES","og_type":"article","og_title":"Aviso legal - Pura Vall","og_url":"https:\/\/puravall.com\/es\/aviso-legal\/","og_site_name":"Pura Vall","article_modified_time":"2023-05-02T07:30:04+00:00","twitter_card":"summary_large_image","twitter_misc":{"Tiempo de lectura":"10 minutos"},"schema":{"@context":"https:\/\/schema.org","@graph":[{"@type":"WebPage","@id":"https:\/\/puravall.com\/es\/aviso-legal\/","url":"https:\/\/puravall.com\/es\/aviso-legal\/","name":"Aviso legal - Pura Vall","isPartOf":{"@id":"https:\/\/puravall.com\/es\/#website"},"datePublished":"2023-03-14T11:19:37+00:00","dateModified":"2023-05-02T07:30:04+00:00","breadcrumb":{"@id":"https:\/\/puravall.com\/es\/aviso-legal\/#breadcrumb"},"inLanguage":"es","potentialAction":[{"@type":"ReadAction","target":["https:\/\/puravall.com\/es\/aviso-legal\/"]}]},{"@type":"BreadcrumbList","@id":"https:\/\/puravall.com\/es\/aviso-legal\/#breadcrumb","itemListElement":[{"@type":"ListItem","position":1,"name":"Portada","item":"https:\/\/puravall.com\/es\/"},{"@type":"ListItem","position":2,"name":"Aviso legal"}]},{"@type":"WebSite","@id":"https:\/\/puravall.com\/es\/#website","url":"https:\/\/puravall.com\/es\/","name":"Pura Vall","description":"Garantim diversitat, comoditat, seguretat i diversi\u00f3 a la teva escapada!","publisher":{"@id":"https:\/\/puravall.com\/es\/#organization"},"potentialAction":[{"@type":"SearchAction","target":{"@type":"EntryPoint","urlTemplate":"https:\/\/puravall.com\/es\/?s={search_term_string}"},"query-input":{"@type":"PropertyValueSpecification","valueRequired":true,"valueName":"search_term_string"}}],"inLanguage":"es"},{"@type":"Organization","@id":"https:\/\/puravall.com\/es\/#organization","name":"Pura Vall","url":"https:\/\/puravall.com\/es\/","logo":{"@type":"ImageObject","inLanguage":"es","@id":"https:\/\/puravall.com\/es\/#\/schema\/logo\/image\/","url":"https:\/\/puravall.com\/wp-content\/uploads\/cropped-logo-positive.png","contentUrl":"https:\/\/puravall.com\/wp-content\/uploads\/cropped-logo-positive.png","width":346,"height":409,"caption":"Pura Vall"},"image":{"@id":"https:\/\/puravall.com\/es\/#\/schema\/logo\/image\/"}}]}},"_links":{"self":[{"href":"https:\/\/puravall.com\/es\/wp-json\/wp\/v2\/pages\/1850","targetHints":{"allow":["GET"]}}],"collection":[{"href":"https:\/\/puravall.com\/es\/wp-json\/wp\/v2\/pages"}],"about":[{"href":"https:\/\/puravall.com\/es\/wp-json\/wp\/v2\/types\/page"}],"author":[{"embeddable":true,"href":"https:\/\/puravall.com\/es\/wp-json\/wp\/v2\/users\/1"}],"replies":[{"embeddable":true,"href":"https:\/\/puravall.com\/es\/wp-json\/wp\/v2\/comments?post=1850"}],"version-history":[{"count":0,"href":"https:\/\/puravall.com\/es\/wp-json\/wp\/v2\/pages\/1850\/revisions"}],"wp:attachment":[{"href":"https:\/\/puravall.com\/es\/wp-json\/wp\/v2\/media?parent=1850"}],"curies":[{"name":"wp","href":"https:\/\/api.w.org\/{rel}","templated":true}]}}