{"id":1861,"date":"2022-03-30T09:27:15","date_gmt":"2022-03-30T09:27:15","guid":{"rendered":"http:\/\/puravall.com\/politica-privacitat\/"},"modified":"2023-05-02T08:16:55","modified_gmt":"2023-05-02T08:16:55","slug":"politica-de-privacidad","status":"publish","type":"page","link":"https:\/\/puravall.com\/es\/politica-de-privacidad\/","title":{"rendered":"Pol\u00edtica de privacidad"},"content":{"rendered":"\n<p>A AGENCIA DE VIAJES PURA VALL, S.L. nos preocupamos por su privacidad y la transparencia. A continuaci\u00f3n, le indicamos en detalle los tratamientos de datos personales que realizamos, as\u00ed como toda la informaci\u00f3n relativa a los mismos de acuerdo con lo establecido por el REGLAMENTO (UE) 2016\/679, de 27 de abril de 2016 del Parlamento Europeo, y del Consejo relativo a la Protecci\u00f3n de las personas f\u00edsicas en lo que respecta al tratamiento de sus datos personales y por la Ley Org\u00e1nica 3\/2018, de 5 de diciembre, de Protecci\u00f3n de Datos Personales y garant\u00eda de los derechos digitales.<\/p>\n<figure class=\"wp-block-table\">\n<table>\n<tbody>\n<tr>\n<td><strong>Informaci\u00f3n b\u00e1sica sobre Protecci\u00f3n de Datos<\/strong><\/td>\n<\/tr>\n<tr>\n<td><strong>Responsable:<\/strong><\/td>\n<td>AGENCIA DE VIAJES PURA VALL, S.L.<\/td>\n<\/tr>\n<tr>\n<td><strong>Finalidad:<\/strong><\/td>\n<td>Realizar la gesti\u00f3n administrativa, contable y fiscal, as\u00ed como enviarle comunicaciones comerciales sobre nuestros productos y servicios.<\/td>\n<\/tr>\n<tr>\n<td><strong>Derechos:<\/strong><\/td>\n<td>Tiene derecho a acceder, rectificar y suprimir los datos, as\u00ed como otros derecho, indicados en la informaci\u00f3n adicional.<\/td>\n<\/tr>\n<tr>\n<td><strong>Procedencia:<\/strong><\/td>\n<td>El propio interesado.<\/td>\n<\/tr>\n<\/tbody>\n<\/table>\n<\/figure>\n<p><strong>INFORMACI\u00d3N CUMPLIDA SOBRE PROTECCI\u00d3N DE DATOS:<\/strong><\/p>\n<p><strong>1. \u00bfQUI\u00c9N ES EL RESPONSABLE DEL TRATAMIENTO DE SUS DATOS?<\/strong><\/p>\n<p>AGENCIA DE VIAJES PURA VALL, S.L.<\/p>\n<p>B05366042<\/p>\n<p>C\/ Puigcerda, n.\u00ba 4, 17534 Ribes de Freser \u2013 Girona<\/p>\n<p>685940370 \u2013 685940375 \u00a0 <a href=\"mailto:info@puravall.com\">info@puravall.com<\/a>\u00a0<\/p>\n<p><strong>2. \u00bfCON QU\u00c9 FINALIDAD TRATAMOS SUS DATOS PERSONALES?<\/strong><\/p>\n<p>A AGENCIA DE VIAJES PURA VALL, S.L. tratamos la informaci\u00f3n que nos facilitan las personas interesadas con el fin de realizar la gesti\u00f3n administrativa, contable y fiscal, as\u00ed como enviarle comunicaciones comerciales sobre nuestros productos y\/o servicios.<\/p>\n<p><strong>3. \u00bfCU\u00c1NTO DE TIEMPO CONSERVARE SUS DATOS?<\/strong><\/p>\n<p>Durante 5 a\u00f1os o cuando ya no sean necesarios para la finalidad para la que se recogieron o mientras el interesado no solicite su supresi\u00f3n.<\/p>\n<p><strong>4. \u00bfCU\u00c1L ES LA LEGITIMACI\u00d3N POR EL TRATAMIENTO DE SUS DATOS?<\/strong><\/p>\n<p>Le indicamos la base legal para el tratamiento de sus datos: Ley 34\/2002, de 11 de julio, de Servicios de la Sociedad de la Informaci\u00f3n y Comercio Electr\u00f3nico; la Ley 56\/2007 de 28 de diciembre de Medidas de Impulso a la Sociedad de la Informaci\u00f3n; el Real decreto legislativo 1\/2007, de 16 de noviembre, por el que se aprueba el Texto Refundido de la Ley General de Defensa de los Consumidores y Usuarios.<\/p>\n<p>Consentimiento del interesado: REGLAMENTO (UE) 2016\/679, de 27 de abril de 2016 del Parlamento Europeo, y del Consejo relativo a la Protecci\u00f3n de las personas f\u00edsicas en lo que respecta al tratamiento de sus datos personales y por la Ley Org\u00e1nica 3\/2018, de 5 de diciembre, de Protecci\u00f3n de Datos Personales y garant\u00eda de los derechos digitales.<\/p>\n<p><strong>5. \u00bfA QU\u00c9 DESTINATARIOS SE COMUNICAR\u00c1N SUS DATOS?<\/strong><\/p>\n<p>No se ceder\u00e1n datos a terceros, salvo obligaci\u00f3n legal.<\/p>\n<p><strong>6. TRANSFERENCIAS DE DATOS EN TERCEROS PA\u00cdSES<\/strong><\/p>\n<p>No est\u00e1n previstas transferencias de datos a terceros pa\u00edses.<\/p>\n<p><strong>7. \u00bfCU\u00c1LES SON SUS DERECHOS CUANDO NOS FACILITA SUS DATOS?<\/strong><\/p>\n<p>Cualquier persona tiene derecho a obtener confirmaci\u00f3n sobre si en AGENCIA DE VIAJES PURA VALL, S.L. estamos tratando datos personales que les conciernan, o no.<\/p>\n<p>Las personas interesadas tienen derecho a acceder a sus datos personales, as\u00ed como a solicitar la rectificaci\u00f3n de los datos inexactos o, en su caso, solicitar su supresi\u00f3n cuando, entre otros motivos, los datos ya no sean necesarios para las finalidades que fueron recogidas.<\/p>\n<p>En determinadas circunstancias, los interesados podr\u00e1n solicitar la limitaci\u00f3n del tratamiento de sus datos, en cuyo caso \u00fanicamente los conservaremos por el ejercicio o la defensa de reclamaciones.<\/p>\n<p>En determinadas circunstancias y por motivos relacionados con su situaci\u00f3n particular, los interesados podr\u00e1n oponerse al tratamiento de sus datos. En este caso, AGENCIA DE VIAJES PURA VALL, S.L. dejar\u00e1 de tratar los datos, salvo por motivos imperiosos leg\u00edtimos, o el ejercicio o la defensa de posibles reclamaciones.<\/p>\n<p>Si ha otorgado su consentimiento por alguna finalidad concreta, tiene derecho a retirar el consentimiento otorgado en cualquier momento, sin que ello afecte a la licitud del tratamiento basado en el consentimiento previo a su retirada.<\/p>\n<p>Podr\u00e1 ejercitar sus derechos enviando correo electr\u00f3nico a <a href=\"mailto:info@puravall.com\">info@puravall.com<\/a> o correo postal a la direcci\u00f3n del responsable, indicada en el punto 1 .<\/p>\n<p>En caso de que sienta vulnerados sus derechos en lo que respecta a la protecci\u00f3n de sus datos personales, especialmente cuando no haya obtenido una respuesta satisfactoria en el ejercicio de los suyos, puede presentar una reclamaci\u00f3n ante la Autoridad de Control en materia de Protecci\u00f3n de Datos competente a trav\u00e9s de su sitio web: <a href=\"http:\/\/www.agpd.es\">www.agpd.es<\/a>.<\/p>\n<p><strong>8. \u00bfC\u00d3MO HEMOS OBTENIDO SUS DATOS?<\/strong><\/p>\n<p>Los datos personales que tratamos en AGENCIA DE VIAJES PURA VALL, S.L. provienen del propio interesado.<\/p>\n<p>Las categor\u00edas de datos que se tratan son:<\/p>\n<ul>\n<li>Direcciones postales y electr\u00f3nicas<\/li>\n<li>Informaci\u00f3n comercial<\/li>\n<li>Datos identificativos de clientes<\/li>\n<\/ul>\n<p>No se tratan categor\u00edas especiales de datos personales (son aquellos datos que revelan el origen \u00e9tnico o racial, las opiniones pol\u00edticas, las convicciones religiosas o filos\u00f3ficas, o la afiliaci\u00f3n sindical, datos gen\u00e9ticos, datos biom\u00e9tricos dirigidos a identificar de forma un\u00edvoca a una persona f\u00edsica, datos relativos a la salud o datos relativos a la vida sexual o la orientaci\u00f3n sexual de una persona f\u00edsica).<\/p>\n","protected":false},"excerpt":{"rendered":"<p>A AGENCIA DE VIAJES PURA VALL, S.L. nos preocupamos por su privacidad y la transparencia. A continuaci\u00f3n, le indicamos en detalle los tratamientos de datos personales que realizamos, as\u00ed como &hellip;<\/p>\n","protected":false},"author":1,"featured_media":0,"parent":0,"menu_order":11,"comment_status":"closed","ping_status":"closed","template":"","meta":{"_acf_changed":false,"footnotes":""},"class_list":["post-1861","page","type-page","status-publish","hentry"],"acf":[],"yoast_head":"<!-- This site is optimized with the Yoast SEO plugin v23.8 - https:\/\/yoast.com\/wordpress\/plugins\/seo\/ -->\n<title>Pol\u00edtica de privacidad - Pura Vall<\/title>\n<meta name=\"description\" content=\"A AGENCIA DE VIAJES PURA VALL, S.L. nos preocupamos por su privacidad y la transparencia. A continuaci\u00f3n, le indicamos en detalle los tratamientos de\" \/>\n<meta name=\"robots\" content=\"index, follow, max-snippet:-1, max-image-preview:large, max-video-preview:-1\" \/>\n<link rel=\"canonical\" href=\"https:\/\/puravall.com\/es\/politica-de-privacidad\/\" \/>\n<meta property=\"og:locale\" content=\"es_ES\" \/>\n<meta property=\"og:type\" content=\"article\" \/>\n<meta property=\"og:title\" content=\"Pol\u00edtica de privacidad - Pura Vall\" \/>\n<meta property=\"og:description\" content=\"A AGENCIA DE VIAJES PURA VALL, S.L. nos preocupamos por su privacidad y la transparencia. A continuaci\u00f3n, le indicamos en detalle los tratamientos de\" \/>\n<meta property=\"og:url\" content=\"https:\/\/puravall.com\/es\/politica-de-privacidad\/\" \/>\n<meta property=\"og:site_name\" content=\"Pura Vall\" \/>\n<meta property=\"article:modified_time\" content=\"2023-05-02T08:16:55+00:00\" \/>\n<meta name=\"twitter:card\" content=\"summary_large_image\" \/>\n<meta name=\"twitter:label1\" content=\"Tiempo de lectura\" \/>\n\t<meta name=\"twitter:data1\" content=\"5 minutos\" \/>\n<script type=\"application\/ld+json\" class=\"yoast-schema-graph\">{\"@context\":\"https:\/\/schema.org\",\"@graph\":[{\"@type\":\"WebPage\",\"@id\":\"https:\/\/puravall.com\/es\/politica-de-privacidad\/\",\"url\":\"https:\/\/puravall.com\/es\/politica-de-privacidad\/\",\"name\":\"Pol\u00edtica de privacidad - Pura Vall\",\"isPartOf\":{\"@id\":\"https:\/\/puravall.com\/es\/#website\"},\"datePublished\":\"2022-03-30T09:27:15+00:00\",\"dateModified\":\"2023-05-02T08:16:55+00:00\",\"description\":\"A AGENCIA DE VIAJES PURA VALL, S.L. nos preocupamos por su privacidad y la transparencia. A continuaci\u00f3n, le indicamos en detalle los tratamientos de\",\"breadcrumb\":{\"@id\":\"https:\/\/puravall.com\/es\/politica-de-privacidad\/#breadcrumb\"},\"inLanguage\":\"es\",\"potentialAction\":[{\"@type\":\"ReadAction\",\"target\":[\"https:\/\/puravall.com\/es\/politica-de-privacidad\/\"]}]},{\"@type\":\"BreadcrumbList\",\"@id\":\"https:\/\/puravall.com\/es\/politica-de-privacidad\/#breadcrumb\",\"itemListElement\":[{\"@type\":\"ListItem\",\"position\":1,\"name\":\"Portada\",\"item\":\"https:\/\/puravall.com\/es\/\"},{\"@type\":\"ListItem\",\"position\":2,\"name\":\"Pol\u00edtica de privacidad\"}]},{\"@type\":\"WebSite\",\"@id\":\"https:\/\/puravall.com\/es\/#website\",\"url\":\"https:\/\/puravall.com\/es\/\",\"name\":\"Pura Vall\",\"description\":\"Garantim diversitat, comoditat, seguretat i diversi\u00f3 a la teva escapada!\",\"publisher\":{\"@id\":\"https:\/\/puravall.com\/es\/#organization\"},\"potentialAction\":[{\"@type\":\"SearchAction\",\"target\":{\"@type\":\"EntryPoint\",\"urlTemplate\":\"https:\/\/puravall.com\/es\/?s={search_term_string}\"},\"query-input\":{\"@type\":\"PropertyValueSpecification\",\"valueRequired\":true,\"valueName\":\"search_term_string\"}}],\"inLanguage\":\"es\"},{\"@type\":\"Organization\",\"@id\":\"https:\/\/puravall.com\/es\/#organization\",\"name\":\"Pura Vall\",\"url\":\"https:\/\/puravall.com\/es\/\",\"logo\":{\"@type\":\"ImageObject\",\"inLanguage\":\"es\",\"@id\":\"https:\/\/puravall.com\/es\/#\/schema\/logo\/image\/\",\"url\":\"https:\/\/puravall.com\/wp-content\/uploads\/cropped-logo-positive.png\",\"contentUrl\":\"https:\/\/puravall.com\/wp-content\/uploads\/cropped-logo-positive.png\",\"width\":346,\"height\":409,\"caption\":\"Pura Vall\"},\"image\":{\"@id\":\"https:\/\/puravall.com\/es\/#\/schema\/logo\/image\/\"}}]}<\/script>\n<!-- \/ Yoast SEO plugin. -->","yoast_head_json":{"title":"Pol\u00edtica de privacidad - Pura Vall","description":"A AGENCIA DE VIAJES PURA VALL, S.L. nos preocupamos por su privacidad y la transparencia. A continuaci\u00f3n, le indicamos en detalle los tratamientos de","robots":{"index":"index","follow":"follow","max-snippet":"max-snippet:-1","max-image-preview":"max-image-preview:large","max-video-preview":"max-video-preview:-1"},"canonical":"https:\/\/puravall.com\/es\/politica-de-privacidad\/","og_locale":"es_ES","og_type":"article","og_title":"Pol\u00edtica de privacidad - Pura Vall","og_description":"A AGENCIA DE VIAJES PURA VALL, S.L. nos preocupamos por su privacidad y la transparencia. A continuaci\u00f3n, le indicamos en detalle los tratamientos de","og_url":"https:\/\/puravall.com\/es\/politica-de-privacidad\/","og_site_name":"Pura Vall","article_modified_time":"2023-05-02T08:16:55+00:00","twitter_card":"summary_large_image","twitter_misc":{"Tiempo de lectura":"5 minutos"},"schema":{"@context":"https:\/\/schema.org","@graph":[{"@type":"WebPage","@id":"https:\/\/puravall.com\/es\/politica-de-privacidad\/","url":"https:\/\/puravall.com\/es\/politica-de-privacidad\/","name":"Pol\u00edtica de privacidad - Pura Vall","isPartOf":{"@id":"https:\/\/puravall.com\/es\/#website"},"datePublished":"2022-03-30T09:27:15+00:00","dateModified":"2023-05-02T08:16:55+00:00","description":"A AGENCIA DE VIAJES PURA VALL, S.L. nos preocupamos por su privacidad y la transparencia. A continuaci\u00f3n, le indicamos en detalle los tratamientos de","breadcrumb":{"@id":"https:\/\/puravall.com\/es\/politica-de-privacidad\/#breadcrumb"},"inLanguage":"es","potentialAction":[{"@type":"ReadAction","target":["https:\/\/puravall.com\/es\/politica-de-privacidad\/"]}]},{"@type":"BreadcrumbList","@id":"https:\/\/puravall.com\/es\/politica-de-privacidad\/#breadcrumb","itemListElement":[{"@type":"ListItem","position":1,"name":"Portada","item":"https:\/\/puravall.com\/es\/"},{"@type":"ListItem","position":2,"name":"Pol\u00edtica de privacidad"}]},{"@type":"WebSite","@id":"https:\/\/puravall.com\/es\/#website","url":"https:\/\/puravall.com\/es\/","name":"Pura Vall","description":"Garantim diversitat, comoditat, seguretat i diversi\u00f3 a la teva escapada!","publisher":{"@id":"https:\/\/puravall.com\/es\/#organization"},"potentialAction":[{"@type":"SearchAction","target":{"@type":"EntryPoint","urlTemplate":"https:\/\/puravall.com\/es\/?s={search_term_string}"},"query-input":{"@type":"PropertyValueSpecification","valueRequired":true,"valueName":"search_term_string"}}],"inLanguage":"es"},{"@type":"Organization","@id":"https:\/\/puravall.com\/es\/#organization","name":"Pura Vall","url":"https:\/\/puravall.com\/es\/","logo":{"@type":"ImageObject","inLanguage":"es","@id":"https:\/\/puravall.com\/es\/#\/schema\/logo\/image\/","url":"https:\/\/puravall.com\/wp-content\/uploads\/cropped-logo-positive.png","contentUrl":"https:\/\/puravall.com\/wp-content\/uploads\/cropped-logo-positive.png","width":346,"height":409,"caption":"Pura Vall"},"image":{"@id":"https:\/\/puravall.com\/es\/#\/schema\/logo\/image\/"}}]}},"_links":{"self":[{"href":"https:\/\/puravall.com\/es\/wp-json\/wp\/v2\/pages\/1861","targetHints":{"allow":["GET"]}}],"collection":[{"href":"https:\/\/puravall.com\/es\/wp-json\/wp\/v2\/pages"}],"about":[{"href":"https:\/\/puravall.com\/es\/wp-json\/wp\/v2\/types\/page"}],"author":[{"embeddable":true,"href":"https:\/\/puravall.com\/es\/wp-json\/wp\/v2\/users\/1"}],"replies":[{"embeddable":true,"href":"https:\/\/puravall.com\/es\/wp-json\/wp\/v2\/comments?post=1861"}],"version-history":[{"count":0,"href":"https:\/\/puravall.com\/es\/wp-json\/wp\/v2\/pages\/1861\/revisions"}],"wp:attachment":[{"href":"https:\/\/puravall.com\/es\/wp-json\/wp\/v2\/media?parent=1861"}],"curies":[{"name":"wp","href":"https:\/\/api.w.org\/{rel}","templated":true}]}}