{"id":1877,"date":"2023-03-14T11:19:43","date_gmt":"2023-03-14T11:19:43","guid":{"rendered":"http:\/\/puravall.com\/politica-de-cookies\/"},"modified":"2023-06-22T10:47:54","modified_gmt":"2023-06-22T10:47:54","slug":"politica-de-cookies","status":"publish","type":"page","link":"https:\/\/puravall.com\/es\/politica-de-cookies\/","title":{"rendered":"Pol\u00edtica de cookies"},"content":{"rendered":"\n<p><strong>\u00bfQu\u00e9 son las cookies?<\/strong><\/p>\n<p>Una cookie es un archivo que se descarga en su ordenador al acceder a determinadas p\u00e1ginas web. Las cookies permiten a una p\u00e1gina web, entre otras cosas, almacenar y recuperar informaci\u00f3n sobre h\u00e1bitos de navegaci\u00f3n de un usuario o de su equipo y, dependiendo de la informaci\u00f3n que contengan y de la forma que utilice su equipo, pueden utilizarse para reconocer al usuario.<\/p>\n<p><strong>\u00bfPara qu\u00e9 utiliza las cookies esta p\u00e1gina web y cu\u00e1les son?<\/strong><\/p>\n<p>Esta p\u00e1gina web utiliza las cookies para una serie de finalidades, incluidas:<\/p>\n<ul>\n<li>An\u00e1lisis: son aquellas cookies que bien, tratadas por nosotros o por terceros, nos permiten cuantificar el n\u00famero de usuarios y as\u00ed realizar la medici\u00f3n y an\u00e1lisis estad\u00edstico de la utilizaci\u00f3n que realizan los usuarios del servicio. Para ello se analiza su navegaci\u00f3n en nuestra p\u00e1gina web con el fin de mejorar la experiencia del usuario.<\/li>\n<\/ul>\n<p>El detalle de las cookies utilizadas en esta p\u00e1gina web es el siguiente:<\/p>\n<figure class=\"wp-block-table\">\n<table>\n<tbody>\n<tr>\n<td><strong>Cookies<\/strong><\/td>\n<td><strong>Nombre<\/strong><\/td>\n<td><strong>Tipos<\/strong><\/td>\n<td><strong>Prop\u00f3sito<\/strong><\/td>\n<td><strong>M\u00e1s informaci\u00f3n<\/strong><\/td>\n<\/tr>\n<tr>\n<td>__utma __utmb __utmc __utmz _ga _gat<\/td>\n<td>Google Analytics<\/td>\n<td>De terceros<\/td>\n<td>Recoger informaci\u00f3n sobre la navegaci\u00f3n de los usuarios por el sitio con el fin de conocer el origen de las visitas y otros datos similares a nivel estad\u00edstico. No obtiene datos de los nombres o apellidos de los usuarios ni de la direcci\u00f3n postal concreta desde la que se conectan<\/td>\n<td>Google Analytics Centro de privacidad de Google: http:\/\/www.google.com\/intl\/es\/policies\/privacy\/<\/td>\n<\/tr>\n<\/tbody>\n<\/table>\n<\/figure>\n<p>Nota: Las cookies de tipo &#8216;Propias&#8217; son utilizadas s\u00f3lo por el propietario de esta web y las cookies &#8216;De terceros&#8217; son utilizadas, por el prestador del servicio que est\u00e1 detallado en el cuadro anterior.<\/p>\n<p><strong>\u00bfC\u00f3mo puedo desactivar o eliminar estas cookies?<\/strong><\/p>\n<p>Puede usted permitir, bloquear o eliminar las cookies instaladas en su equipo mediante la configuraci\u00f3n de las opciones del navegador instalado en su ordenador:<\/p>\n<p><strong>Firefox:\u00a0<\/strong>http:\/\/support.mozilla.org\/es\/kb\/habilitar-y-deshabilitar-cookies-que-los-sitios-we<\/p>\n<p><strong>Chrome:\u00a0<\/strong>http:\/\/support.google.com\/chrome\/bin\/answer.py?hl=es&amp;answer=95647<\/p>\n<p><strong>Explorer:\u00a0<\/strong>http:\/\/windows.microsoft.com\/es-es\/windows7\/how-to-manage-cookies-in-internet-explorer-9<\/p>\n<p><strong>Safari:\u00a0<\/strong>http:\/\/support.apple.com\/kb\/ph5042<\/p>\n<p><strong>Opera:\u00a0<\/strong>http:\/\/help.opera.com\/Windows\/11.50\/es-ES\/cookies.html<\/p>\n<p><strong>Otros navegadores<\/strong><\/p>\n<p>Consulte la documentaci\u00f3n del navegador que tenga instalado.<\/p>\n<p><strong>Complemento de inhabilitaci\u00f3n para navegadores de Google Analytics<\/strong><\/p>\n<p>Si desea rechazar las cookies anal\u00edticas de Google Analytics en todos los navegadores, de modo que no se env\u00ede su informaci\u00f3n a Google Analytics, puede descargar un complemento que realiza esta funci\u00f3n desde este enlace:<\/p>\n<figure class=\"wp-block-embed\">\n<div class=\"wp-block-embed__wrapper\">https:\/\/tools.google.com\/dlpage\/gaoptout.<\/div>\n<\/figure>\n<p><strong>Ejercicio de derechos<\/strong><\/p>\n<p>Puede conocer y ejercer sus derechos en materia de protecci\u00f3n de datos accediendo a nuestra Pol\u00edtica de Privacidad.<\/p>\n<div><a id=\"wt-cli-settings-btn\" tabindex=\"0\" role='button' style=\"border-bottom:1px solid; text-decoration:none;\" class=\"wt-cli-element cli_settings_button\"  >CONFIGURA LAS COOKIE<\/a><\/div>\n","protected":false},"excerpt":{"rendered":"<p>\u00bfQu\u00e9 son las cookies? Una cookie es un archivo que se descarga en su ordenador al acceder a determinadas p\u00e1ginas web. Las cookies permiten a una p\u00e1gina web, entre otras &hellip;<\/p>\n","protected":false},"author":1,"featured_media":0,"parent":0,"menu_order":6,"comment_status":"closed","ping_status":"closed","template":"","meta":{"_acf_changed":false,"footnotes":""},"class_list":["post-1877","page","type-page","status-publish","hentry"],"acf":[],"yoast_head":"<!-- This site is optimized with the Yoast SEO plugin v23.8 - https:\/\/yoast.com\/wordpress\/plugins\/seo\/ -->\n<title>Pol\u00edtica de cookies - Pura Vall<\/title>\n<meta name=\"description\" content=\"\u00bfQu\u00e9 son las cookies? Una cookie es un archivo que se descarga en su ordenador al acceder a determinadas p\u00e1ginas web. Las cookies permiten a una p\u00e1gina\" \/>\n<meta name=\"robots\" content=\"index, follow, max-snippet:-1, max-image-preview:large, max-video-preview:-1\" \/>\n<link rel=\"canonical\" href=\"https:\/\/puravall.com\/es\/politica-de-cookies\/\" \/>\n<meta property=\"og:locale\" content=\"es_ES\" \/>\n<meta property=\"og:type\" content=\"article\" \/>\n<meta property=\"og:title\" content=\"Pol\u00edtica de cookies - Pura Vall\" \/>\n<meta property=\"og:description\" content=\"\u00bfQu\u00e9 son las cookies? Una cookie es un archivo que se descarga en su ordenador al acceder a determinadas p\u00e1ginas web. Las cookies permiten a una p\u00e1gina\" \/>\n<meta property=\"og:url\" content=\"https:\/\/puravall.com\/es\/politica-de-cookies\/\" \/>\n<meta property=\"og:site_name\" content=\"Pura Vall\" \/>\n<meta property=\"article:modified_time\" content=\"2023-06-22T10:47:54+00:00\" \/>\n<meta name=\"twitter:card\" content=\"summary_large_image\" \/>\n<meta name=\"twitter:label1\" content=\"Tiempo de lectura\" \/>\n\t<meta name=\"twitter:data1\" content=\"2 minutos\" \/>\n<script type=\"application\/ld+json\" class=\"yoast-schema-graph\">{\"@context\":\"https:\/\/schema.org\",\"@graph\":[{\"@type\":\"WebPage\",\"@id\":\"https:\/\/puravall.com\/es\/politica-de-cookies\/\",\"url\":\"https:\/\/puravall.com\/es\/politica-de-cookies\/\",\"name\":\"Pol\u00edtica de cookies - Pura Vall\",\"isPartOf\":{\"@id\":\"https:\/\/puravall.com\/es\/#website\"},\"datePublished\":\"2023-03-14T11:19:43+00:00\",\"dateModified\":\"2023-06-22T10:47:54+00:00\",\"description\":\"\u00bfQu\u00e9 son las cookies? Una cookie es un archivo que se descarga en su ordenador al acceder a determinadas p\u00e1ginas web. Las cookies permiten a una p\u00e1gina\",\"breadcrumb\":{\"@id\":\"https:\/\/puravall.com\/es\/politica-de-cookies\/#breadcrumb\"},\"inLanguage\":\"es\",\"potentialAction\":[{\"@type\":\"ReadAction\",\"target\":[\"https:\/\/puravall.com\/es\/politica-de-cookies\/\"]}]},{\"@type\":\"BreadcrumbList\",\"@id\":\"https:\/\/puravall.com\/es\/politica-de-cookies\/#breadcrumb\",\"itemListElement\":[{\"@type\":\"ListItem\",\"position\":1,\"name\":\"Portada\",\"item\":\"https:\/\/puravall.com\/es\/\"},{\"@type\":\"ListItem\",\"position\":2,\"name\":\"Pol\u00edtica de cookies\"}]},{\"@type\":\"WebSite\",\"@id\":\"https:\/\/puravall.com\/es\/#website\",\"url\":\"https:\/\/puravall.com\/es\/\",\"name\":\"Pura Vall\",\"description\":\"Garantim diversitat, comoditat, seguretat i diversi\u00f3 a la teva escapada!\",\"publisher\":{\"@id\":\"https:\/\/puravall.com\/es\/#organization\"},\"potentialAction\":[{\"@type\":\"SearchAction\",\"target\":{\"@type\":\"EntryPoint\",\"urlTemplate\":\"https:\/\/puravall.com\/es\/?s={search_term_string}\"},\"query-input\":{\"@type\":\"PropertyValueSpecification\",\"valueRequired\":true,\"valueName\":\"search_term_string\"}}],\"inLanguage\":\"es\"},{\"@type\":\"Organization\",\"@id\":\"https:\/\/puravall.com\/es\/#organization\",\"name\":\"Pura Vall\",\"url\":\"https:\/\/puravall.com\/es\/\",\"logo\":{\"@type\":\"ImageObject\",\"inLanguage\":\"es\",\"@id\":\"https:\/\/puravall.com\/es\/#\/schema\/logo\/image\/\",\"url\":\"https:\/\/puravall.com\/wp-content\/uploads\/cropped-logo-positive.png\",\"contentUrl\":\"https:\/\/puravall.com\/wp-content\/uploads\/cropped-logo-positive.png\",\"width\":346,\"height\":409,\"caption\":\"Pura Vall\"},\"image\":{\"@id\":\"https:\/\/puravall.com\/es\/#\/schema\/logo\/image\/\"}}]}<\/script>\n<!-- \/ Yoast SEO plugin. -->","yoast_head_json":{"title":"Pol\u00edtica de cookies - Pura Vall","description":"\u00bfQu\u00e9 son las cookies? Una cookie es un archivo que se descarga en su ordenador al acceder a determinadas p\u00e1ginas web. Las cookies permiten a una p\u00e1gina","robots":{"index":"index","follow":"follow","max-snippet":"max-snippet:-1","max-image-preview":"max-image-preview:large","max-video-preview":"max-video-preview:-1"},"canonical":"https:\/\/puravall.com\/es\/politica-de-cookies\/","og_locale":"es_ES","og_type":"article","og_title":"Pol\u00edtica de cookies - Pura Vall","og_description":"\u00bfQu\u00e9 son las cookies? Una cookie es un archivo que se descarga en su ordenador al acceder a determinadas p\u00e1ginas web. Las cookies permiten a una p\u00e1gina","og_url":"https:\/\/puravall.com\/es\/politica-de-cookies\/","og_site_name":"Pura Vall","article_modified_time":"2023-06-22T10:47:54+00:00","twitter_card":"summary_large_image","twitter_misc":{"Tiempo de lectura":"2 minutos"},"schema":{"@context":"https:\/\/schema.org","@graph":[{"@type":"WebPage","@id":"https:\/\/puravall.com\/es\/politica-de-cookies\/","url":"https:\/\/puravall.com\/es\/politica-de-cookies\/","name":"Pol\u00edtica de cookies - Pura Vall","isPartOf":{"@id":"https:\/\/puravall.com\/es\/#website"},"datePublished":"2023-03-14T11:19:43+00:00","dateModified":"2023-06-22T10:47:54+00:00","description":"\u00bfQu\u00e9 son las cookies? Una cookie es un archivo que se descarga en su ordenador al acceder a determinadas p\u00e1ginas web. Las cookies permiten a una p\u00e1gina","breadcrumb":{"@id":"https:\/\/puravall.com\/es\/politica-de-cookies\/#breadcrumb"},"inLanguage":"es","potentialAction":[{"@type":"ReadAction","target":["https:\/\/puravall.com\/es\/politica-de-cookies\/"]}]},{"@type":"BreadcrumbList","@id":"https:\/\/puravall.com\/es\/politica-de-cookies\/#breadcrumb","itemListElement":[{"@type":"ListItem","position":1,"name":"Portada","item":"https:\/\/puravall.com\/es\/"},{"@type":"ListItem","position":2,"name":"Pol\u00edtica de cookies"}]},{"@type":"WebSite","@id":"https:\/\/puravall.com\/es\/#website","url":"https:\/\/puravall.com\/es\/","name":"Pura Vall","description":"Garantim diversitat, comoditat, seguretat i diversi\u00f3 a la teva escapada!","publisher":{"@id":"https:\/\/puravall.com\/es\/#organization"},"potentialAction":[{"@type":"SearchAction","target":{"@type":"EntryPoint","urlTemplate":"https:\/\/puravall.com\/es\/?s={search_term_string}"},"query-input":{"@type":"PropertyValueSpecification","valueRequired":true,"valueName":"search_term_string"}}],"inLanguage":"es"},{"@type":"Organization","@id":"https:\/\/puravall.com\/es\/#organization","name":"Pura Vall","url":"https:\/\/puravall.com\/es\/","logo":{"@type":"ImageObject","inLanguage":"es","@id":"https:\/\/puravall.com\/es\/#\/schema\/logo\/image\/","url":"https:\/\/puravall.com\/wp-content\/uploads\/cropped-logo-positive.png","contentUrl":"https:\/\/puravall.com\/wp-content\/uploads\/cropped-logo-positive.png","width":346,"height":409,"caption":"Pura Vall"},"image":{"@id":"https:\/\/puravall.com\/es\/#\/schema\/logo\/image\/"}}]}},"_links":{"self":[{"href":"https:\/\/puravall.com\/es\/wp-json\/wp\/v2\/pages\/1877","targetHints":{"allow":["GET"]}}],"collection":[{"href":"https:\/\/puravall.com\/es\/wp-json\/wp\/v2\/pages"}],"about":[{"href":"https:\/\/puravall.com\/es\/wp-json\/wp\/v2\/types\/page"}],"author":[{"embeddable":true,"href":"https:\/\/puravall.com\/es\/wp-json\/wp\/v2\/users\/1"}],"replies":[{"embeddable":true,"href":"https:\/\/puravall.com\/es\/wp-json\/wp\/v2\/comments?post=1877"}],"version-history":[{"count":0,"href":"https:\/\/puravall.com\/es\/wp-json\/wp\/v2\/pages\/1877\/revisions"}],"wp:attachment":[{"href":"https:\/\/puravall.com\/es\/wp-json\/wp\/v2\/media?parent=1877"}],"curies":[{"name":"wp","href":"https:\/\/api.w.org\/{rel}","templated":true}]}}