{"id":1735,"date":"2023-03-14T08:48:15","date_gmt":"2023-03-14T08:48:15","guid":{"rendered":"http:\/\/puravall.com\/experiencies\/"},"modified":"2023-07-18T09:21:26","modified_gmt":"2023-07-18T09:21:26","slug":"experiencies","status":"publish","type":"page","link":"https:\/\/puravall.com\/fr\/experiencies\/","title":{"rendered":"<u>Exp\u00e9riences<\/u>"},"content":{"rendered":"","protected":false},"excerpt":{"rendered":"<p>Exp\u00e9riences, \u00e0 votre mesure, inspirantes et cons\u00e9quentes avec votre fa\u00e7on, honn\u00eate et respectueuse de  comprendre la vie. D\u00e9couvertes de la nature et d\u2019\u00e9cologie, des traditions, de la culture et de la gastronomie, du sport et de l&#8217;aventure, de la convivialit\u00e9 et de la spiritualit\u00e9, dans des lieux et des espaces uniques \u00e0 Vall de Ribes, Vall de N\u00faria et Ripoll\u00e8s<\/p>\n","protected":false},"author":1,"featured_media":0,"parent":0,"menu_order":4,"comment_status":"closed","ping_status":"closed","template":"page-templates\/page-experiences.php","meta":{"_acf_changed":false,"footnotes":""},"class_list":["post-1735","page","type-page","status-publish","hentry"],"acf":[],"yoast_head":"<!-- This site is optimized with the Yoast SEO plugin v23.8 - https:\/\/yoast.com\/wordpress\/plugins\/seo\/ -->\n<title>Exp\u00e9riences - Pura Vall<\/title>\n<meta name=\"description\" content=\"Exp\u00e9riences, \u00e0 votre mesure, inspirantes et cons\u00e9quentes avec votre fa\u00e7on, honn\u00eate et respectueuse de comprendre la vie. D\u00e9couvertes de la nature et d\u2019\u00e9cologie, des traditions, de la culture et de la gastronomie, du sport et de l&#039;aventure, de la convivialit\u00e9 et de la spiritualit\u00e9, dans des lieux et des espaces uniques \u00e0 Vall de Ribes, Vall de N\u00faria et Ripoll\u00e8s\" \/>\n<meta name=\"robots\" content=\"index, follow, max-snippet:-1, max-image-preview:large, max-video-preview:-1\" \/>\n<link rel=\"canonical\" href=\"https:\/\/puravall.com\/fr\/experiencies\/\" \/>\n<meta property=\"og:locale\" content=\"fr_FR\" \/>\n<meta property=\"og:type\" content=\"article\" \/>\n<meta property=\"og:title\" content=\"Exp\u00e9riences - Pura Vall\" \/>\n<meta property=\"og:description\" content=\"Exp\u00e9riences, \u00e0 votre mesure, inspirantes et cons\u00e9quentes avec votre fa\u00e7on, honn\u00eate et respectueuse de comprendre la vie. D\u00e9couvertes de la nature et d\u2019\u00e9cologie, des traditions, de la culture et de la gastronomie, du sport et de l&#039;aventure, de la convivialit\u00e9 et de la spiritualit\u00e9, dans des lieux et des espaces uniques \u00e0 Vall de Ribes, Vall de N\u00faria et Ripoll\u00e8s\" \/>\n<meta property=\"og:url\" content=\"https:\/\/puravall.com\/fr\/experiencies\/\" \/>\n<meta property=\"og:site_name\" content=\"Pura Vall\" \/>\n<meta property=\"article:modified_time\" content=\"2023-07-18T09:21:26+00:00\" \/>\n<meta name=\"twitter:card\" content=\"summary_large_image\" \/>\n<script type=\"application\/ld+json\" class=\"yoast-schema-graph\">{\"@context\":\"https:\/\/schema.org\",\"@graph\":[{\"@type\":\"WebPage\",\"@id\":\"https:\/\/puravall.com\/fr\/experiencies\/\",\"url\":\"https:\/\/puravall.com\/fr\/experiencies\/\",\"name\":\"Exp\u00e9riences - Pura Vall\",\"isPartOf\":{\"@id\":\"https:\/\/puravall.com\/fr\/#website\"},\"datePublished\":\"2023-03-14T08:48:15+00:00\",\"dateModified\":\"2023-07-18T09:21:26+00:00\",\"description\":\"Exp\u00e9riences, \u00e0 votre mesure, inspirantes et cons\u00e9quentes avec votre fa\u00e7on, honn\u00eate et respectueuse de comprendre la vie. D\u00e9couvertes de la nature et d\u2019\u00e9cologie, des traditions, de la culture et de la gastronomie, du sport et de l'aventure, de la convivialit\u00e9 et de la spiritualit\u00e9, dans des lieux et des espaces uniques \u00e0 Vall de Ribes, Vall de N\u00faria et Ripoll\u00e8s\",\"breadcrumb\":{\"@id\":\"https:\/\/puravall.com\/fr\/experiencies\/#breadcrumb\"},\"inLanguage\":\"fr-FR\",\"potentialAction\":[{\"@type\":\"ReadAction\",\"target\":[\"https:\/\/puravall.com\/fr\/experiencies\/\"]}]},{\"@type\":\"BreadcrumbList\",\"@id\":\"https:\/\/puravall.com\/fr\/experiencies\/#breadcrumb\",\"itemListElement\":[{\"@type\":\"ListItem\",\"position\":1,\"name\":\"Portada\",\"item\":\"https:\/\/puravall.com\/fr\/\"},{\"@type\":\"ListItem\",\"position\":2,\"name\":\"Exp\u00e9riences\"}]},{\"@type\":\"WebSite\",\"@id\":\"https:\/\/puravall.com\/fr\/#website\",\"url\":\"https:\/\/puravall.com\/fr\/\",\"name\":\"Pura Vall\",\"description\":\"Garantim diversitat, comoditat, seguretat i diversi\u00f3 a la teva escapada!\",\"publisher\":{\"@id\":\"https:\/\/puravall.com\/fr\/#organization\"},\"potentialAction\":[{\"@type\":\"SearchAction\",\"target\":{\"@type\":\"EntryPoint\",\"urlTemplate\":\"https:\/\/puravall.com\/fr\/?s={search_term_string}\"},\"query-input\":{\"@type\":\"PropertyValueSpecification\",\"valueRequired\":true,\"valueName\":\"search_term_string\"}}],\"inLanguage\":\"fr-FR\"},{\"@type\":\"Organization\",\"@id\":\"https:\/\/puravall.com\/fr\/#organization\",\"name\":\"Pura Vall\",\"url\":\"https:\/\/puravall.com\/fr\/\",\"logo\":{\"@type\":\"ImageObject\",\"inLanguage\":\"fr-FR\",\"@id\":\"https:\/\/puravall.com\/fr\/#\/schema\/logo\/image\/\",\"url\":\"https:\/\/puravall.com\/wp-content\/uploads\/cropped-logo-positive.png\",\"contentUrl\":\"https:\/\/puravall.com\/wp-content\/uploads\/cropped-logo-positive.png\",\"width\":346,\"height\":409,\"caption\":\"Pura Vall\"},\"image\":{\"@id\":\"https:\/\/puravall.com\/fr\/#\/schema\/logo\/image\/\"}}]}<\/script>\n<!-- \/ Yoast SEO plugin. -->","yoast_head_json":{"title":"Exp\u00e9riences - Pura Vall","description":"Exp\u00e9riences, \u00e0 votre mesure, inspirantes et cons\u00e9quentes avec votre fa\u00e7on, honn\u00eate et respectueuse de comprendre la vie. D\u00e9couvertes de la nature et d\u2019\u00e9cologie, des traditions, de la culture et de la gastronomie, du sport et de l'aventure, de la convivialit\u00e9 et de la spiritualit\u00e9, dans des lieux et des espaces uniques \u00e0 Vall de Ribes, Vall de N\u00faria et Ripoll\u00e8s","robots":{"index":"index","follow":"follow","max-snippet":"max-snippet:-1","max-image-preview":"max-image-preview:large","max-video-preview":"max-video-preview:-1"},"canonical":"https:\/\/puravall.com\/fr\/experiencies\/","og_locale":"fr_FR","og_type":"article","og_title":"Exp\u00e9riences - Pura Vall","og_description":"Exp\u00e9riences, \u00e0 votre mesure, inspirantes et cons\u00e9quentes avec votre fa\u00e7on, honn\u00eate et respectueuse de comprendre la vie. D\u00e9couvertes de la nature et d\u2019\u00e9cologie, des traditions, de la culture et de la gastronomie, du sport et de l'aventure, de la convivialit\u00e9 et de la spiritualit\u00e9, dans des lieux et des espaces uniques \u00e0 Vall de Ribes, Vall de N\u00faria et Ripoll\u00e8s","og_url":"https:\/\/puravall.com\/fr\/experiencies\/","og_site_name":"Pura Vall","article_modified_time":"2023-07-18T09:21:26+00:00","twitter_card":"summary_large_image","schema":{"@context":"https:\/\/schema.org","@graph":[{"@type":"WebPage","@id":"https:\/\/puravall.com\/fr\/experiencies\/","url":"https:\/\/puravall.com\/fr\/experiencies\/","name":"Exp\u00e9riences - Pura Vall","isPartOf":{"@id":"https:\/\/puravall.com\/fr\/#website"},"datePublished":"2023-03-14T08:48:15+00:00","dateModified":"2023-07-18T09:21:26+00:00","description":"Exp\u00e9riences, \u00e0 votre mesure, inspirantes et cons\u00e9quentes avec votre fa\u00e7on, honn\u00eate et respectueuse de comprendre la vie. D\u00e9couvertes de la nature et d\u2019\u00e9cologie, des traditions, de la culture et de la gastronomie, du sport et de l'aventure, de la convivialit\u00e9 et de la spiritualit\u00e9, dans des lieux et des espaces uniques \u00e0 Vall de Ribes, Vall de N\u00faria et Ripoll\u00e8s","breadcrumb":{"@id":"https:\/\/puravall.com\/fr\/experiencies\/#breadcrumb"},"inLanguage":"fr-FR","potentialAction":[{"@type":"ReadAction","target":["https:\/\/puravall.com\/fr\/experiencies\/"]}]},{"@type":"BreadcrumbList","@id":"https:\/\/puravall.com\/fr\/experiencies\/#breadcrumb","itemListElement":[{"@type":"ListItem","position":1,"name":"Portada","item":"https:\/\/puravall.com\/fr\/"},{"@type":"ListItem","position":2,"name":"Exp\u00e9riences"}]},{"@type":"WebSite","@id":"https:\/\/puravall.com\/fr\/#website","url":"https:\/\/puravall.com\/fr\/","name":"Pura Vall","description":"Garantim diversitat, comoditat, seguretat i diversi\u00f3 a la teva escapada!","publisher":{"@id":"https:\/\/puravall.com\/fr\/#organization"},"potentialAction":[{"@type":"SearchAction","target":{"@type":"EntryPoint","urlTemplate":"https:\/\/puravall.com\/fr\/?s={search_term_string}"},"query-input":{"@type":"PropertyValueSpecification","valueRequired":true,"valueName":"search_term_string"}}],"inLanguage":"fr-FR"},{"@type":"Organization","@id":"https:\/\/puravall.com\/fr\/#organization","name":"Pura Vall","url":"https:\/\/puravall.com\/fr\/","logo":{"@type":"ImageObject","inLanguage":"fr-FR","@id":"https:\/\/puravall.com\/fr\/#\/schema\/logo\/image\/","url":"https:\/\/puravall.com\/wp-content\/uploads\/cropped-logo-positive.png","contentUrl":"https:\/\/puravall.com\/wp-content\/uploads\/cropped-logo-positive.png","width":346,"height":409,"caption":"Pura Vall"},"image":{"@id":"https:\/\/puravall.com\/fr\/#\/schema\/logo\/image\/"}}]}},"_links":{"self":[{"href":"https:\/\/puravall.com\/fr\/wp-json\/wp\/v2\/pages\/1735","targetHints":{"allow":["GET"]}}],"collection":[{"href":"https:\/\/puravall.com\/fr\/wp-json\/wp\/v2\/pages"}],"about":[{"href":"https:\/\/puravall.com\/fr\/wp-json\/wp\/v2\/types\/page"}],"author":[{"embeddable":true,"href":"https:\/\/puravall.com\/fr\/wp-json\/wp\/v2\/users\/1"}],"replies":[{"embeddable":true,"href":"https:\/\/puravall.com\/fr\/wp-json\/wp\/v2\/comments?post=1735"}],"version-history":[{"count":0,"href":"https:\/\/puravall.com\/fr\/wp-json\/wp\/v2\/pages\/1735\/revisions"}],"wp:attachment":[{"href":"https:\/\/puravall.com\/fr\/wp-json\/wp\/v2\/media?parent=1735"}],"curies":[{"name":"wp","href":"https:\/\/api.w.org\/{rel}","templated":true}]}}