{"id":1744,"date":"2023-03-14T11:50:13","date_gmt":"2023-03-14T11:50:13","guid":{"rendered":"http:\/\/puravall.com\/qui-som\/"},"modified":"2023-08-24T07:51:51","modified_gmt":"2023-08-24T07:51:51","slug":"qui-sommes-nous","status":"publish","type":"page","link":"https:\/\/puravall.com\/fr\/qui-sommes-nous\/","title":{"rendered":"<u>Pura Vall<\/u>"},"content":{"rendered":"","protected":false},"excerpt":{"rendered":"<p>Pura Vall est une agence de voyages r\u00e9ceptivesitu\u00e9e \u00e0 Ribes de Freser. Avec une \u00e9quipe engag\u00e9e, attentive et amoureuse d&#8217;un territoire, Vall de Ribes, Vall de N\u00faria et Ripoll\u00e8s, que nous connaissons comme personne et que nous voulons partager avec vous.<\/p>\n","protected":false},"author":1,"featured_media":0,"parent":0,"menu_order":1,"comment_status":"closed","ping_status":"closed","template":"page-templates\/page-flexible.php","meta":{"_acf_changed":false,"footnotes":""},"class_list":["post-1744","page","type-page","status-publish","hentry"],"acf":[],"yoast_head":"<!-- This site is optimized with the Yoast SEO plugin v23.8 - https:\/\/yoast.com\/wordpress\/plugins\/seo\/ -->\n<title>Tourisme durable dans Vall de Ribes, Vall de N\u00faria et Ripoll\u00e8s<\/title>\n<meta name=\"description\" content=\"Pura Vall offre des exp\u00e9riences touristiques avec des crit\u00e8res de responsabilit\u00e9 sociale et avec le territoire \u00e0 la Vall de Ribes, la Vall de N\u00faria et Ripoll\u00e8s.\" \/>\n<meta name=\"robots\" content=\"index, follow, max-snippet:-1, max-image-preview:large, max-video-preview:-1\" \/>\n<link rel=\"canonical\" href=\"https:\/\/puravall.com\/fr\/qui-sommes-nous\/\" \/>\n<meta property=\"og:locale\" content=\"fr_FR\" \/>\n<meta property=\"og:type\" content=\"article\" \/>\n<meta property=\"og:title\" content=\"Tourisme durable dans Vall de Ribes, Vall de N\u00faria et Ripoll\u00e8s\" \/>\n<meta property=\"og:description\" content=\"Pura Vall offre des exp\u00e9riences touristiques avec des crit\u00e8res de responsabilit\u00e9 sociale et avec le territoire \u00e0 la Vall de Ribes, la Vall de N\u00faria et Ripoll\u00e8s.\" \/>\n<meta property=\"og:url\" content=\"https:\/\/puravall.com\/fr\/qui-sommes-nous\/\" \/>\n<meta property=\"og:site_name\" content=\"Pura Vall\" \/>\n<meta property=\"article:modified_time\" content=\"2023-08-24T07:51:51+00:00\" \/>\n<meta name=\"twitter:card\" content=\"summary_large_image\" \/>\n<script type=\"application\/ld+json\" class=\"yoast-schema-graph\">{\"@context\":\"https:\/\/schema.org\",\"@graph\":[{\"@type\":\"WebPage\",\"@id\":\"https:\/\/puravall.com\/fr\/qui-sommes-nous\/\",\"url\":\"https:\/\/puravall.com\/fr\/qui-sommes-nous\/\",\"name\":\"Tourisme durable dans Vall de Ribes, Vall de N\u00faria et Ripoll\u00e8s\",\"isPartOf\":{\"@id\":\"https:\/\/puravall.com\/fr\/#website\"},\"datePublished\":\"2023-03-14T11:50:13+00:00\",\"dateModified\":\"2023-08-24T07:51:51+00:00\",\"description\":\"Pura Vall offre des exp\u00e9riences touristiques avec des crit\u00e8res de responsabilit\u00e9 sociale et avec le territoire \u00e0 la Vall de Ribes, la Vall de N\u00faria et Ripoll\u00e8s.\",\"breadcrumb\":{\"@id\":\"https:\/\/puravall.com\/fr\/qui-sommes-nous\/#breadcrumb\"},\"inLanguage\":\"fr-FR\",\"potentialAction\":[{\"@type\":\"ReadAction\",\"target\":[\"https:\/\/puravall.com\/fr\/qui-sommes-nous\/\"]}]},{\"@type\":\"BreadcrumbList\",\"@id\":\"https:\/\/puravall.com\/fr\/qui-sommes-nous\/#breadcrumb\",\"itemListElement\":[{\"@type\":\"ListItem\",\"position\":1,\"name\":\"Portada\",\"item\":\"https:\/\/puravall.com\/fr\/\"},{\"@type\":\"ListItem\",\"position\":2,\"name\":\"Pura Vall\"}]},{\"@type\":\"WebSite\",\"@id\":\"https:\/\/puravall.com\/fr\/#website\",\"url\":\"https:\/\/puravall.com\/fr\/\",\"name\":\"Pura Vall\",\"description\":\"Garantim diversitat, comoditat, seguretat i diversi\u00f3 a la teva escapada!\",\"publisher\":{\"@id\":\"https:\/\/puravall.com\/fr\/#organization\"},\"potentialAction\":[{\"@type\":\"SearchAction\",\"target\":{\"@type\":\"EntryPoint\",\"urlTemplate\":\"https:\/\/puravall.com\/fr\/?s={search_term_string}\"},\"query-input\":{\"@type\":\"PropertyValueSpecification\",\"valueRequired\":true,\"valueName\":\"search_term_string\"}}],\"inLanguage\":\"fr-FR\"},{\"@type\":\"Organization\",\"@id\":\"https:\/\/puravall.com\/fr\/#organization\",\"name\":\"Pura Vall\",\"url\":\"https:\/\/puravall.com\/fr\/\",\"logo\":{\"@type\":\"ImageObject\",\"inLanguage\":\"fr-FR\",\"@id\":\"https:\/\/puravall.com\/fr\/#\/schema\/logo\/image\/\",\"url\":\"https:\/\/puravall.com\/wp-content\/uploads\/cropped-logo-positive.png\",\"contentUrl\":\"https:\/\/puravall.com\/wp-content\/uploads\/cropped-logo-positive.png\",\"width\":346,\"height\":409,\"caption\":\"Pura Vall\"},\"image\":{\"@id\":\"https:\/\/puravall.com\/fr\/#\/schema\/logo\/image\/\"}}]}<\/script>\n<!-- \/ Yoast SEO plugin. -->","yoast_head_json":{"title":"Tourisme durable dans Vall de Ribes, Vall de N\u00faria et Ripoll\u00e8s","description":"Pura Vall offre des exp\u00e9riences touristiques avec des crit\u00e8res de responsabilit\u00e9 sociale et avec le territoire \u00e0 la Vall de Ribes, la Vall de N\u00faria et Ripoll\u00e8s.","robots":{"index":"index","follow":"follow","max-snippet":"max-snippet:-1","max-image-preview":"max-image-preview:large","max-video-preview":"max-video-preview:-1"},"canonical":"https:\/\/puravall.com\/fr\/qui-sommes-nous\/","og_locale":"fr_FR","og_type":"article","og_title":"Tourisme durable dans Vall de Ribes, Vall de N\u00faria et Ripoll\u00e8s","og_description":"Pura Vall offre des exp\u00e9riences touristiques avec des crit\u00e8res de responsabilit\u00e9 sociale et avec le territoire \u00e0 la Vall de Ribes, la Vall de N\u00faria et Ripoll\u00e8s.","og_url":"https:\/\/puravall.com\/fr\/qui-sommes-nous\/","og_site_name":"Pura Vall","article_modified_time":"2023-08-24T07:51:51+00:00","twitter_card":"summary_large_image","schema":{"@context":"https:\/\/schema.org","@graph":[{"@type":"WebPage","@id":"https:\/\/puravall.com\/fr\/qui-sommes-nous\/","url":"https:\/\/puravall.com\/fr\/qui-sommes-nous\/","name":"Tourisme durable dans Vall de Ribes, Vall de N\u00faria et Ripoll\u00e8s","isPartOf":{"@id":"https:\/\/puravall.com\/fr\/#website"},"datePublished":"2023-03-14T11:50:13+00:00","dateModified":"2023-08-24T07:51:51+00:00","description":"Pura Vall offre des exp\u00e9riences touristiques avec des crit\u00e8res de responsabilit\u00e9 sociale et avec le territoire \u00e0 la Vall de Ribes, la Vall de N\u00faria et Ripoll\u00e8s.","breadcrumb":{"@id":"https:\/\/puravall.com\/fr\/qui-sommes-nous\/#breadcrumb"},"inLanguage":"fr-FR","potentialAction":[{"@type":"ReadAction","target":["https:\/\/puravall.com\/fr\/qui-sommes-nous\/"]}]},{"@type":"BreadcrumbList","@id":"https:\/\/puravall.com\/fr\/qui-sommes-nous\/#breadcrumb","itemListElement":[{"@type":"ListItem","position":1,"name":"Portada","item":"https:\/\/puravall.com\/fr\/"},{"@type":"ListItem","position":2,"name":"Pura Vall"}]},{"@type":"WebSite","@id":"https:\/\/puravall.com\/fr\/#website","url":"https:\/\/puravall.com\/fr\/","name":"Pura Vall","description":"Garantim diversitat, comoditat, seguretat i diversi\u00f3 a la teva escapada!","publisher":{"@id":"https:\/\/puravall.com\/fr\/#organization"},"potentialAction":[{"@type":"SearchAction","target":{"@type":"EntryPoint","urlTemplate":"https:\/\/puravall.com\/fr\/?s={search_term_string}"},"query-input":{"@type":"PropertyValueSpecification","valueRequired":true,"valueName":"search_term_string"}}],"inLanguage":"fr-FR"},{"@type":"Organization","@id":"https:\/\/puravall.com\/fr\/#organization","name":"Pura Vall","url":"https:\/\/puravall.com\/fr\/","logo":{"@type":"ImageObject","inLanguage":"fr-FR","@id":"https:\/\/puravall.com\/fr\/#\/schema\/logo\/image\/","url":"https:\/\/puravall.com\/wp-content\/uploads\/cropped-logo-positive.png","contentUrl":"https:\/\/puravall.com\/wp-content\/uploads\/cropped-logo-positive.png","width":346,"height":409,"caption":"Pura Vall"},"image":{"@id":"https:\/\/puravall.com\/fr\/#\/schema\/logo\/image\/"}}]}},"_links":{"self":[{"href":"https:\/\/puravall.com\/fr\/wp-json\/wp\/v2\/pages\/1744","targetHints":{"allow":["GET"]}}],"collection":[{"href":"https:\/\/puravall.com\/fr\/wp-json\/wp\/v2\/pages"}],"about":[{"href":"https:\/\/puravall.com\/fr\/wp-json\/wp\/v2\/types\/page"}],"author":[{"embeddable":true,"href":"https:\/\/puravall.com\/fr\/wp-json\/wp\/v2\/users\/1"}],"replies":[{"embeddable":true,"href":"https:\/\/puravall.com\/fr\/wp-json\/wp\/v2\/comments?post=1744"}],"version-history":[{"count":2,"href":"https:\/\/puravall.com\/fr\/wp-json\/wp\/v2\/pages\/1744\/revisions"}],"predecessor-version":[{"id":2498,"href":"https:\/\/puravall.com\/fr\/wp-json\/wp\/v2\/pages\/1744\/revisions\/2498"}],"wp:attachment":[{"href":"https:\/\/puravall.com\/fr\/wp-json\/wp\/v2\/media?parent=1744"}],"curies":[{"name":"wp","href":"https:\/\/api.w.org\/{rel}","templated":true}]}}