{"id":1766,"date":"2023-03-14T08:48:01","date_gmt":"2023-03-14T08:48:01","guid":{"rendered":"http:\/\/puravall.com\/uneix-te-al-canvi\/"},"modified":"2023-04-28T10:27:36","modified_gmt":"2023-04-28T10:27:36","slug":"rejoignez-le-changement","status":"publish","type":"page","link":"https:\/\/puravall.com\/fr\/rejoignez-le-changement\/","title":{"rendered":"<b><u>Rejoignez<\/u><\/b> le changement"},"content":{"rendered":"","protected":false},"excerpt":{"rendered":"<p>Bienvenue si vous croyez qu&#8217;une autre fa\u00e7on de vivre, plus \u00e9thique, durable, honn\u00eate et respectueuse est possible&#8230; il faut s&#8217;engager et surtout agir.<\/p>\n","protected":false},"author":1,"featured_media":0,"parent":0,"menu_order":2,"comment_status":"closed","ping_status":"closed","template":"page-templates\/page-flexible.php","meta":{"_acf_changed":false,"footnotes":""},"class_list":["post-1766","page","type-page","status-publish","hentry"],"acf":[],"yoast_head":"<!-- This site is optimized with the Yoast SEO plugin v23.8 - https:\/\/yoast.com\/wordpress\/plugins\/seo\/ -->\n<title>Pura Vall - Manifeste pour un tourisme durable et responsable<\/title>\n<meta name=\"description\" content=\"Les engagements de Pura Vall pour un tourisme honn\u00eate, durable, \u00e9thique, responsable et engag\u00e9 avec le territoire. Les partagez-vous ?\" \/>\n<meta name=\"robots\" content=\"index, follow, max-snippet:-1, max-image-preview:large, max-video-preview:-1\" \/>\n<link rel=\"canonical\" href=\"https:\/\/puravall.com\/fr\/rejoignez-le-changement\/\" \/>\n<meta property=\"og:locale\" content=\"fr_FR\" \/>\n<meta property=\"og:type\" content=\"article\" \/>\n<meta property=\"og:title\" content=\"Pura Vall - Manifeste pour un tourisme durable et responsable\" \/>\n<meta property=\"og:description\" content=\"Les engagements de Pura Vall pour un tourisme honn\u00eate, durable, \u00e9thique, responsable et engag\u00e9 avec le territoire. Les partagez-vous ?\" \/>\n<meta property=\"og:url\" content=\"https:\/\/puravall.com\/fr\/rejoignez-le-changement\/\" \/>\n<meta property=\"og:site_name\" content=\"Pura Vall\" \/>\n<meta property=\"article:modified_time\" content=\"2023-04-28T10:27:36+00:00\" \/>\n<meta name=\"twitter:card\" content=\"summary_large_image\" \/>\n<script type=\"application\/ld+json\" class=\"yoast-schema-graph\">{\"@context\":\"https:\/\/schema.org\",\"@graph\":[{\"@type\":\"WebPage\",\"@id\":\"https:\/\/puravall.com\/fr\/rejoignez-le-changement\/\",\"url\":\"https:\/\/puravall.com\/fr\/rejoignez-le-changement\/\",\"name\":\"Pura Vall - Manifeste pour un tourisme durable et responsable\",\"isPartOf\":{\"@id\":\"https:\/\/puravall.com\/fr\/#website\"},\"datePublished\":\"2023-03-14T08:48:01+00:00\",\"dateModified\":\"2023-04-28T10:27:36+00:00\",\"description\":\"Les engagements de Pura Vall pour un tourisme honn\u00eate, durable, \u00e9thique, responsable et engag\u00e9 avec le territoire. Les partagez-vous ?\",\"breadcrumb\":{\"@id\":\"https:\/\/puravall.com\/fr\/rejoignez-le-changement\/#breadcrumb\"},\"inLanguage\":\"fr-FR\",\"potentialAction\":[{\"@type\":\"ReadAction\",\"target\":[\"https:\/\/puravall.com\/fr\/rejoignez-le-changement\/\"]}]},{\"@type\":\"BreadcrumbList\",\"@id\":\"https:\/\/puravall.com\/fr\/rejoignez-le-changement\/#breadcrumb\",\"itemListElement\":[{\"@type\":\"ListItem\",\"position\":1,\"name\":\"Portada\",\"item\":\"https:\/\/puravall.com\/fr\/\"},{\"@type\":\"ListItem\",\"position\":2,\"name\":\"Rejoignez le changement\"}]},{\"@type\":\"WebSite\",\"@id\":\"https:\/\/puravall.com\/fr\/#website\",\"url\":\"https:\/\/puravall.com\/fr\/\",\"name\":\"Pura Vall\",\"description\":\"Garantim diversitat, comoditat, seguretat i diversi\u00f3 a la teva escapada!\",\"publisher\":{\"@id\":\"https:\/\/puravall.com\/fr\/#organization\"},\"potentialAction\":[{\"@type\":\"SearchAction\",\"target\":{\"@type\":\"EntryPoint\",\"urlTemplate\":\"https:\/\/puravall.com\/fr\/?s={search_term_string}\"},\"query-input\":{\"@type\":\"PropertyValueSpecification\",\"valueRequired\":true,\"valueName\":\"search_term_string\"}}],\"inLanguage\":\"fr-FR\"},{\"@type\":\"Organization\",\"@id\":\"https:\/\/puravall.com\/fr\/#organization\",\"name\":\"Pura Vall\",\"url\":\"https:\/\/puravall.com\/fr\/\",\"logo\":{\"@type\":\"ImageObject\",\"inLanguage\":\"fr-FR\",\"@id\":\"https:\/\/puravall.com\/fr\/#\/schema\/logo\/image\/\",\"url\":\"https:\/\/puravall.com\/wp-content\/uploads\/cropped-logo-positive.png\",\"contentUrl\":\"https:\/\/puravall.com\/wp-content\/uploads\/cropped-logo-positive.png\",\"width\":346,\"height\":409,\"caption\":\"Pura Vall\"},\"image\":{\"@id\":\"https:\/\/puravall.com\/fr\/#\/schema\/logo\/image\/\"}}]}<\/script>\n<!-- \/ Yoast SEO plugin. -->","yoast_head_json":{"title":"Pura Vall - Manifeste pour un tourisme durable et responsable","description":"Les engagements de Pura Vall pour un tourisme honn\u00eate, durable, \u00e9thique, responsable et engag\u00e9 avec le territoire. Les partagez-vous ?","robots":{"index":"index","follow":"follow","max-snippet":"max-snippet:-1","max-image-preview":"max-image-preview:large","max-video-preview":"max-video-preview:-1"},"canonical":"https:\/\/puravall.com\/fr\/rejoignez-le-changement\/","og_locale":"fr_FR","og_type":"article","og_title":"Pura Vall - Manifeste pour un tourisme durable et responsable","og_description":"Les engagements de Pura Vall pour un tourisme honn\u00eate, durable, \u00e9thique, responsable et engag\u00e9 avec le territoire. Les partagez-vous ?","og_url":"https:\/\/puravall.com\/fr\/rejoignez-le-changement\/","og_site_name":"Pura Vall","article_modified_time":"2023-04-28T10:27:36+00:00","twitter_card":"summary_large_image","schema":{"@context":"https:\/\/schema.org","@graph":[{"@type":"WebPage","@id":"https:\/\/puravall.com\/fr\/rejoignez-le-changement\/","url":"https:\/\/puravall.com\/fr\/rejoignez-le-changement\/","name":"Pura Vall - Manifeste pour un tourisme durable et responsable","isPartOf":{"@id":"https:\/\/puravall.com\/fr\/#website"},"datePublished":"2023-03-14T08:48:01+00:00","dateModified":"2023-04-28T10:27:36+00:00","description":"Les engagements de Pura Vall pour un tourisme honn\u00eate, durable, \u00e9thique, responsable et engag\u00e9 avec le territoire. Les partagez-vous ?","breadcrumb":{"@id":"https:\/\/puravall.com\/fr\/rejoignez-le-changement\/#breadcrumb"},"inLanguage":"fr-FR","potentialAction":[{"@type":"ReadAction","target":["https:\/\/puravall.com\/fr\/rejoignez-le-changement\/"]}]},{"@type":"BreadcrumbList","@id":"https:\/\/puravall.com\/fr\/rejoignez-le-changement\/#breadcrumb","itemListElement":[{"@type":"ListItem","position":1,"name":"Portada","item":"https:\/\/puravall.com\/fr\/"},{"@type":"ListItem","position":2,"name":"Rejoignez le changement"}]},{"@type":"WebSite","@id":"https:\/\/puravall.com\/fr\/#website","url":"https:\/\/puravall.com\/fr\/","name":"Pura Vall","description":"Garantim diversitat, comoditat, seguretat i diversi\u00f3 a la teva escapada!","publisher":{"@id":"https:\/\/puravall.com\/fr\/#organization"},"potentialAction":[{"@type":"SearchAction","target":{"@type":"EntryPoint","urlTemplate":"https:\/\/puravall.com\/fr\/?s={search_term_string}"},"query-input":{"@type":"PropertyValueSpecification","valueRequired":true,"valueName":"search_term_string"}}],"inLanguage":"fr-FR"},{"@type":"Organization","@id":"https:\/\/puravall.com\/fr\/#organization","name":"Pura Vall","url":"https:\/\/puravall.com\/fr\/","logo":{"@type":"ImageObject","inLanguage":"fr-FR","@id":"https:\/\/puravall.com\/fr\/#\/schema\/logo\/image\/","url":"https:\/\/puravall.com\/wp-content\/uploads\/cropped-logo-positive.png","contentUrl":"https:\/\/puravall.com\/wp-content\/uploads\/cropped-logo-positive.png","width":346,"height":409,"caption":"Pura Vall"},"image":{"@id":"https:\/\/puravall.com\/fr\/#\/schema\/logo\/image\/"}}]}},"_links":{"self":[{"href":"https:\/\/puravall.com\/fr\/wp-json\/wp\/v2\/pages\/1766","targetHints":{"allow":["GET"]}}],"collection":[{"href":"https:\/\/puravall.com\/fr\/wp-json\/wp\/v2\/pages"}],"about":[{"href":"https:\/\/puravall.com\/fr\/wp-json\/wp\/v2\/types\/page"}],"author":[{"embeddable":true,"href":"https:\/\/puravall.com\/fr\/wp-json\/wp\/v2\/users\/1"}],"replies":[{"embeddable":true,"href":"https:\/\/puravall.com\/fr\/wp-json\/wp\/v2\/comments?post=1766"}],"version-history":[{"count":0,"href":"https:\/\/puravall.com\/fr\/wp-json\/wp\/v2\/pages\/1766\/revisions"}],"wp:attachment":[{"href":"https:\/\/puravall.com\/fr\/wp-json\/wp\/v2\/media?parent=1766"}],"curies":[{"name":"wp","href":"https:\/\/api.w.org\/{rel}","templated":true}]}}