{"id":1779,"date":"2023-03-14T08:48:27","date_gmt":"2023-03-14T08:48:27","guid":{"rendered":"http:\/\/puravall.com\/el-nostre-territori\/"},"modified":"2023-07-12T14:19:45","modified_gmt":"2023-07-12T14:19:45","slug":"notre-territoire","status":"publish","type":"page","link":"https:\/\/puravall.com\/fr\/notre-territoire\/","title":{"rendered":"<b>Notre<\/b> <u>territoire<\/u>"},"content":{"rendered":"","protected":false},"excerpt":{"rendered":"<p>\u00c0 Ripoll\u00e8s, entre les montagnes du versant sud des Pyr\u00e9n\u00e9es orientales catalans se trouvent Vall de Ribes et  Vall de N\u00faria qui cachent des endroits uniques qui vous s\u00e9duiront et des traditions une culture et une gastronomie qui vous surprendront.<\/p>\n","protected":false},"author":1,"featured_media":0,"parent":0,"menu_order":3,"comment_status":"closed","ping_status":"closed","template":"page-templates\/page-flexible.php","meta":{"_acf_changed":false,"footnotes":""},"class_list":["post-1779","page","type-page","status-publish","hentry"],"acf":[],"yoast_head":"<!-- This site is optimized with the Yoast SEO plugin v23.8 - https:\/\/yoast.com\/wordpress\/plugins\/seo\/ -->\n<title>Engag\u00e9s avec Vall de Ribes,Vall de N\u00faria et Ripoll\u00e8s<\/title>\n<meta name=\"description\" content=\"Pura Vall, engag\u00e9s avec le territoire de Vall de Ribes, Vall de N\u00faria et Ripoll\u00e8s. Venez le d\u00e9couvrir, vous serez surpris !!!\" \/>\n<meta name=\"robots\" content=\"index, follow, max-snippet:-1, max-image-preview:large, max-video-preview:-1\" \/>\n<link rel=\"canonical\" href=\"https:\/\/puravall.com\/fr\/notre-territoire\/\" \/>\n<meta property=\"og:locale\" content=\"fr_FR\" \/>\n<meta property=\"og:type\" content=\"article\" \/>\n<meta property=\"og:title\" content=\"Engag\u00e9s avec Vall de Ribes,Vall de N\u00faria et Ripoll\u00e8s\" \/>\n<meta property=\"og:description\" content=\"Pura Vall, engag\u00e9s avec le territoire de Vall de Ribes, Vall de N\u00faria et Ripoll\u00e8s. Venez le d\u00e9couvrir, vous serez surpris !!!\" \/>\n<meta property=\"og:url\" content=\"https:\/\/puravall.com\/fr\/notre-territoire\/\" \/>\n<meta property=\"og:site_name\" content=\"Pura Vall\" \/>\n<meta property=\"article:modified_time\" content=\"2023-07-12T14:19:45+00:00\" \/>\n<meta name=\"twitter:card\" content=\"summary_large_image\" \/>\n<script type=\"application\/ld+json\" class=\"yoast-schema-graph\">{\"@context\":\"https:\/\/schema.org\",\"@graph\":[{\"@type\":\"WebPage\",\"@id\":\"https:\/\/puravall.com\/fr\/notre-territoire\/\",\"url\":\"https:\/\/puravall.com\/fr\/notre-territoire\/\",\"name\":\"Engag\u00e9s avec Vall de Ribes,Vall de N\u00faria et Ripoll\u00e8s\",\"isPartOf\":{\"@id\":\"https:\/\/puravall.com\/fr\/#website\"},\"datePublished\":\"2023-03-14T08:48:27+00:00\",\"dateModified\":\"2023-07-12T14:19:45+00:00\",\"description\":\"Pura Vall, engag\u00e9s avec le territoire de Vall de Ribes, Vall de N\u00faria et Ripoll\u00e8s. Venez le d\u00e9couvrir, vous serez surpris !!!\",\"breadcrumb\":{\"@id\":\"https:\/\/puravall.com\/fr\/notre-territoire\/#breadcrumb\"},\"inLanguage\":\"fr-FR\",\"potentialAction\":[{\"@type\":\"ReadAction\",\"target\":[\"https:\/\/puravall.com\/fr\/notre-territoire\/\"]}]},{\"@type\":\"BreadcrumbList\",\"@id\":\"https:\/\/puravall.com\/fr\/notre-territoire\/#breadcrumb\",\"itemListElement\":[{\"@type\":\"ListItem\",\"position\":1,\"name\":\"Portada\",\"item\":\"https:\/\/puravall.com\/fr\/\"},{\"@type\":\"ListItem\",\"position\":2,\"name\":\"Notre territoire\"}]},{\"@type\":\"WebSite\",\"@id\":\"https:\/\/puravall.com\/fr\/#website\",\"url\":\"https:\/\/puravall.com\/fr\/\",\"name\":\"Pura Vall\",\"description\":\"Garantim diversitat, comoditat, seguretat i diversi\u00f3 a la teva escapada!\",\"publisher\":{\"@id\":\"https:\/\/puravall.com\/fr\/#organization\"},\"potentialAction\":[{\"@type\":\"SearchAction\",\"target\":{\"@type\":\"EntryPoint\",\"urlTemplate\":\"https:\/\/puravall.com\/fr\/?s={search_term_string}\"},\"query-input\":{\"@type\":\"PropertyValueSpecification\",\"valueRequired\":true,\"valueName\":\"search_term_string\"}}],\"inLanguage\":\"fr-FR\"},{\"@type\":\"Organization\",\"@id\":\"https:\/\/puravall.com\/fr\/#organization\",\"name\":\"Pura Vall\",\"url\":\"https:\/\/puravall.com\/fr\/\",\"logo\":{\"@type\":\"ImageObject\",\"inLanguage\":\"fr-FR\",\"@id\":\"https:\/\/puravall.com\/fr\/#\/schema\/logo\/image\/\",\"url\":\"https:\/\/puravall.com\/wp-content\/uploads\/cropped-logo-positive.png\",\"contentUrl\":\"https:\/\/puravall.com\/wp-content\/uploads\/cropped-logo-positive.png\",\"width\":346,\"height\":409,\"caption\":\"Pura Vall\"},\"image\":{\"@id\":\"https:\/\/puravall.com\/fr\/#\/schema\/logo\/image\/\"}}]}<\/script>\n<!-- \/ Yoast SEO plugin. -->","yoast_head_json":{"title":"Engag\u00e9s avec Vall de Ribes,Vall de N\u00faria et Ripoll\u00e8s","description":"Pura Vall, engag\u00e9s avec le territoire de Vall de Ribes, Vall de N\u00faria et Ripoll\u00e8s. Venez le d\u00e9couvrir, vous serez surpris !!!","robots":{"index":"index","follow":"follow","max-snippet":"max-snippet:-1","max-image-preview":"max-image-preview:large","max-video-preview":"max-video-preview:-1"},"canonical":"https:\/\/puravall.com\/fr\/notre-territoire\/","og_locale":"fr_FR","og_type":"article","og_title":"Engag\u00e9s avec Vall de Ribes,Vall de N\u00faria et Ripoll\u00e8s","og_description":"Pura Vall, engag\u00e9s avec le territoire de Vall de Ribes, Vall de N\u00faria et Ripoll\u00e8s. Venez le d\u00e9couvrir, vous serez surpris !!!","og_url":"https:\/\/puravall.com\/fr\/notre-territoire\/","og_site_name":"Pura Vall","article_modified_time":"2023-07-12T14:19:45+00:00","twitter_card":"summary_large_image","schema":{"@context":"https:\/\/schema.org","@graph":[{"@type":"WebPage","@id":"https:\/\/puravall.com\/fr\/notre-territoire\/","url":"https:\/\/puravall.com\/fr\/notre-territoire\/","name":"Engag\u00e9s avec Vall de Ribes,Vall de N\u00faria et Ripoll\u00e8s","isPartOf":{"@id":"https:\/\/puravall.com\/fr\/#website"},"datePublished":"2023-03-14T08:48:27+00:00","dateModified":"2023-07-12T14:19:45+00:00","description":"Pura Vall, engag\u00e9s avec le territoire de Vall de Ribes, Vall de N\u00faria et Ripoll\u00e8s. Venez le d\u00e9couvrir, vous serez surpris !!!","breadcrumb":{"@id":"https:\/\/puravall.com\/fr\/notre-territoire\/#breadcrumb"},"inLanguage":"fr-FR","potentialAction":[{"@type":"ReadAction","target":["https:\/\/puravall.com\/fr\/notre-territoire\/"]}]},{"@type":"BreadcrumbList","@id":"https:\/\/puravall.com\/fr\/notre-territoire\/#breadcrumb","itemListElement":[{"@type":"ListItem","position":1,"name":"Portada","item":"https:\/\/puravall.com\/fr\/"},{"@type":"ListItem","position":2,"name":"Notre territoire"}]},{"@type":"WebSite","@id":"https:\/\/puravall.com\/fr\/#website","url":"https:\/\/puravall.com\/fr\/","name":"Pura Vall","description":"Garantim diversitat, comoditat, seguretat i diversi\u00f3 a la teva escapada!","publisher":{"@id":"https:\/\/puravall.com\/fr\/#organization"},"potentialAction":[{"@type":"SearchAction","target":{"@type":"EntryPoint","urlTemplate":"https:\/\/puravall.com\/fr\/?s={search_term_string}"},"query-input":{"@type":"PropertyValueSpecification","valueRequired":true,"valueName":"search_term_string"}}],"inLanguage":"fr-FR"},{"@type":"Organization","@id":"https:\/\/puravall.com\/fr\/#organization","name":"Pura Vall","url":"https:\/\/puravall.com\/fr\/","logo":{"@type":"ImageObject","inLanguage":"fr-FR","@id":"https:\/\/puravall.com\/fr\/#\/schema\/logo\/image\/","url":"https:\/\/puravall.com\/wp-content\/uploads\/cropped-logo-positive.png","contentUrl":"https:\/\/puravall.com\/wp-content\/uploads\/cropped-logo-positive.png","width":346,"height":409,"caption":"Pura Vall"},"image":{"@id":"https:\/\/puravall.com\/fr\/#\/schema\/logo\/image\/"}}]}},"_links":{"self":[{"href":"https:\/\/puravall.com\/fr\/wp-json\/wp\/v2\/pages\/1779","targetHints":{"allow":["GET"]}}],"collection":[{"href":"https:\/\/puravall.com\/fr\/wp-json\/wp\/v2\/pages"}],"about":[{"href":"https:\/\/puravall.com\/fr\/wp-json\/wp\/v2\/types\/page"}],"author":[{"embeddable":true,"href":"https:\/\/puravall.com\/fr\/wp-json\/wp\/v2\/users\/1"}],"replies":[{"embeddable":true,"href":"https:\/\/puravall.com\/fr\/wp-json\/wp\/v2\/comments?post=1779"}],"version-history":[{"count":0,"href":"https:\/\/puravall.com\/fr\/wp-json\/wp\/v2\/pages\/1779\/revisions"}],"wp:attachment":[{"href":"https:\/\/puravall.com\/fr\/wp-json\/wp\/v2\/media?parent=1779"}],"curies":[{"name":"wp","href":"https:\/\/api.w.org\/{rel}","templated":true}]}}