{"id":1849,"date":"2023-03-14T11:19:37","date_gmt":"2023-03-14T11:19:37","guid":{"rendered":"http:\/\/puravall.com\/avis-legal\/"},"modified":"2023-05-02T07:49:56","modified_gmt":"2023-05-02T07:49:56","slug":"avertissement-legal","status":"publish","type":"page","link":"https:\/\/puravall.com\/fr\/avertissement-legal\/","title":{"rendered":"Avertissement l\u00e9gal"},"content":{"rendered":"\n<p><strong>1. OBJET<\/strong><\/p>\n<p>Ces mentions l\u00e9gales r\u00e9gissent l&#8217;utilisation et l&#8217;utilisation du site Web <a href=\"http:\/\/puravall.com\/\">www.puravall.com<\/a> qui appartient \u00e0 <strong> AGENCIA DE VIATGES PURA VALL, S.L.<\/strong> ci-apr\u00e8s (PURA VALL)<\/p>\n<p>La navigation sur le site Web de PURA VALL attribue le statut d&#8217;utilisateur de celui-ci et implique l&#8217;acceptation pleine et enti\u00e8re de chacune des dispositions incluses dans le pr\u00e9sent avis juridique, qui peut subir des modifications sans pr\u00e9avis de PURA VALID cas dans lequel il proc\u00e9dera \u00e0 sa publication et \u00e0 ses avis dans les meilleurs d\u00e9lais.<\/p>\n<p>Il est conseill\u00e9 de lire attentivement son contenu si vous souhaitez acc\u00e9der et utiliser les informations et services propos\u00e9s sur ce site.<\/p>\n<p>L&#8217;utilisateur s&#8217;engage \u00e0 faire un usage correct du site Web conform\u00e9ment aux lois, \u00e0 la bonne foi, \u00e0 l&#8217;ordre public, aux usages de la circulation et aux pr\u00e9sentes mentions l\u00e9gales. L&#8217;utilisateur r\u00e9pondra \u00e0 PURA VALL ou \u00e0 des tiers, de tout dommage et\/ou pr\u00e9judice qu&#8217;ils pourraient causer du fait de la violation de cette obligation.<\/p>\n<p>Toute utilisation autre que celle autoris\u00e9e est express\u00e9ment interdite, pour laquelle PURA VALL se r\u00e9serve le droit de refuser ou de retirer l&#8217;acc\u00e8s et son utilisation \u00e0 tout moment.<\/p>\n<p><strong>2. IDENTIFICATION<\/strong><\/p>\n<p>PURA VALL, conform\u00e9ment \u00e0 la loi 34\/2002 du 11 juillet sur les services de la soci\u00e9t\u00e9 de l&#8217;information et le commerce \u00e9lectronique, vous informe de ce qui suit\u00a0:<\/p>\n<ul>\n<li>Sa d\u00e9nomination sociale est : AGENCIA DE VIATGES PURA VALL, S.L.<\/li>\n<li>B05366042<\/li>\n<li>Son si\u00e8ge social est \u00e0 : C\/ Puigcerda, n.\u00ba 4, 17534 Ribes de Freser \u2013 G\u00e9rone<\/li>\n<\/ul>\n<p><strong>3. COMMUNICATION<\/strong><\/p>\n<p>Pour communiquer avec nous, nous mettons \u00e0 votre disposition diff\u00e9rents moyens de contact d\u00e9taill\u00e9s ci-dessous\u00a0:<\/p>\n<ul>\n<li>T\u00e9l\u00e9phone\u00a0: 685940370 \u2013 685940375<\/li>\n<li>E-mail\u00a0: <a href=\"mailto:info@puravall.com\">info@puravall.com<\/a><\/li>\n<\/ul>\n<p>Toutes les notifications et communications entre les utilisateurs et PURA VALL seront consid\u00e9r\u00e9es comme effectives, \u00e0 toutes fins utiles, lorsqu&#8217;elles seront effectu\u00e9es par courrier postal ou par tout autre moyen d\u00e9taill\u00e9 ci-dessus.<\/p>\n<p>4. CONDITIONS D&#8217;ACC\u00c8S ET D&#8217;UTILISATION<\/p>\n<p>Le site Web et ses services sont ouverts et gratuits, cependant, PURA VALL conditionne l&#8217;utilisation de certains des services propos\u00e9s sur son site Web \u00e0 l&#8217;ach\u00e8vement pr\u00e9alable du formulaire correspondant.<\/p>\n<p>L&#8217;utilisateur garantit l&#8217;authenticit\u00e9 et l&#8217;actualit\u00e9 de toutes les donn\u00e9es qu&#8217;il communique \u00e0 PURA VALL et sera seul responsable des d\u00e9clarations fausses ou inexactes qu&#8217;il fera.<\/p>\n<p>L&#8217;utilisateur s&#8217;engage express\u00e9ment \u00e0 faire un usage appropri\u00e9 des contenus et services de PURA VALL et \u00e0 ne pas les utiliser pour, entre autres\u00a0:<\/p>\n<p>1. Diffuser des contenus criminels, violents, pornographiques, racistes, x\u00e9nophobes, offensants, faisant l&#8217;apologie du terrorisme ou, de mani\u00e8re g\u00e9n\u00e9rale, contraires \u00e0 la loi ou \u00e0 l&#8217;ordre public. 2. Introduire des virus informatiques dans le r\u00e9seau ou effectuer des actions susceptibles d&#8217;alt\u00e9rer, d&#8217;endommager, d&#8217;interrompre ou de g\u00e9n\u00e9rer des erreurs ou d&#8217;endommager les documents \u00e9lectroniques, les donn\u00e9es ou les syst\u00e8mes physiques et logiques de PURA VALL ou de tiers, ainsi que d&#8217;entraver l&#8217;acc\u00e8s d&#8217;autres utilisateurs \u00e0 le site Web et ses services par la consommation massive de ressources informatiques \u00e0 travers lesquelles PURA VALL fournit ses services. 3. Tenter d&#8217;acc\u00e9der aux comptes de messagerie d&#8217;autres utilisateurs ou \u00e0 des zones restreintes des syst\u00e8mes informatiques de PURA VALL ou de tiers et, le cas \u00e9ch\u00e9ant, extraire des informations. 4. Violer les droits de propri\u00e9t\u00e9 intellectuelle ou industrielle, ainsi que violer la confidentialit\u00e9 des informations de PURA VALL ou de tiers. 5. Usurper l&#8217;identit\u00e9 de tout autre utilisateur ou administration publique. 6. Reproduire, copier, distribuer, mettre \u00e0 disposition ou de toute autre mani\u00e8re communiquer publiquement, transformer ou modifier le contenu, sauf si vous avez l&#8217;autorisation du titulaire des droits correspondants ou si cela est l\u00e9galement autoris\u00e9. 7. Collecter des donn\u00e9es \u00e0 des fins publicitaires et envoyer des publicit\u00e9s de toute nature et des communications \u00e0 des fins de vente ou autres de nature commerciale sans demande pr\u00e9alable ou sans consentement.<\/p>\n<p>Tous les contenus du site Web, tels que textes, photographies, graphiques, images, ic\u00f4nes, technologies, logiciels, ainsi que sa conception graphique et ses codes sources, constituent une \u0153uvre dont la propri\u00e9t\u00e9 appartient au PROPRI\u00c9TAIRE DU WEB, sans pouvoir c\u00e9der \u00e0 l&#8217;utilisateur tous les droits d&#8217;exploitation sur ceux-ci au-del\u00e0 de ce qui est strictement n\u00e9cessaire \u00e0 la bonne utilisation du site.<\/p>\n<p>En bref, les utilisateurs qui acc\u00e8dent \u00e0 ce site Web peuvent visualiser le contenu et faire, le cas \u00e9ch\u00e9ant, des copies priv\u00e9es autoris\u00e9es tant que les \u00e9l\u00e9ments reproduits ne sont pas ult\u00e9rieurement transf\u00e9r\u00e9s \u00e0 des tiers, ni install\u00e9s sur des serveurs connect\u00e9s \u00e0 des r\u00e9seaux, ni \u00eatre l&#8217;objet de tout type d&#8217;exploitation.<\/p>\n<p>En outre, toutes les marques, noms commerciaux ou signes distinctifs de toute nature qui apparaissent sur le site sont la propri\u00e9t\u00e9 du PROPRI\u00c9TAIRE DU SITE, sans pouvoir comprendre que l&#8217;utilisation ou l&#8217;acc\u00e8s aux m\u00eames attributs \u00e0 l&#8217;utilisateur le droit certains \u00e0 leur sujet.<\/p>\n<p>La distribution, la modification, la cession ou la communication publique du contenu et tout autre acte non express\u00e9ment autoris\u00e9 par le titulaire des droits d&#8217;exploitation sont interdits.<\/p>\n<p>L&#8217;\u00e9tablissement d&#8217;un lien hypertexte n&#8217;implique en aucun cas l&#8217;existence de relations entre PURA VALL et le propri\u00e9taire du site Web sur lequel il est \u00e9tabli, ni l&#8217;acceptation et l&#8217;approbation par PURA VALL de son contenu ou de ses services.<\/p>\n<p>PURA VALL n&#8217;est pas responsable de l&#8217;utilisation que chaque utilisateur fait du mat\u00e9riel mis \u00e0 disposition sur ce site Web ou des actions qu&#8217;il entreprend en fonction de celui-ci.<\/p>\n<p><strong><em>4.1. EXCLUSION DE GARANTIES ET DE RESPONSABILIT\u00c9 POUR L&#8217;ACC\u00c8S ET L&#8217;UTILISATION<\/em><\/strong><\/p>\n<p>Le contenu de ce site Web est de nature g\u00e9n\u00e9rale et a un but purement informatif, sans garantir pleinement l&#8217;acc\u00e8s \u00e0 tout le contenu, ni son exhaustivit\u00e9, son exactitude, sa validit\u00e9 ou son actualit\u00e9, ni son ad\u00e9quation ou son utilit\u00e9 pour une cible sp\u00e9cifique.&lt; \/p&gt;<\/p>\n<p>PURA VALL exclut, dans la mesure permise par le syst\u00e8me juridique, toute responsabilit\u00e9 pour les dommages de toute nature r\u00e9sultant de\u00a0:<\/p>\n<p>1. L&#8217;impossibilit\u00e9 d&#8217;acc\u00e9der au site Web ou le manque de v\u00e9racit\u00e9, d&#8217;exactitude, d&#8217;exhaustivit\u00e9 et \/ ou d&#8217;actualit\u00e9 du contenu, ainsi que l&#8217;existence de vices et de d\u00e9fauts de toutes sortes dans le contenu transmis, diffus\u00e9, stock\u00e9, mis \u00e0 disposition auquel s&#8217; a acc\u00e9d\u00e9 via le site Web ou les services offerts.<\/p>\n<p>2. La pr\u00e9sence de virus ou d&#8217;autres \u00e9l\u00e9ments dans les contenus qui pourraient alt\u00e9rer les syst\u00e8mes informatiques, les documents \u00e9lectroniques ou les donn\u00e9es des utilisateurs. 3. La violation des lois, de la bonne foi, de l&#8217;ordre public, des usages du trafic et de la pr\u00e9sente notice l\u00e9gale r\u00e9sultant d&#8217;une mauvaise utilisation du site. En particulier, et \u00e0 titre d&#8217;exemple, PURA VALL n&#8217;est pas responsable des actions de tiers qui violent les droits de propri\u00e9t\u00e9 intellectuelle et industrielle, les secrets d&#8217;affaires, les droits \u00e0 l&#8217;honneur, la vie priv\u00e9e et familiale et l&#8217;image de soi , ainsi que la r\u00e9glementation sur concurrence d\u00e9loyale et publicit\u00e9 ill\u00e9gale.<\/p>\n<p>Aussi, PURA VALL d\u00e9cline toute responsabilit\u00e9 concernant les informations trouv\u00e9es en dehors de ce site Web et non g\u00e9r\u00e9es directement par notre ma\u00eetre de site Web. La fonction des liens qui apparaissent sur ce site est exclusivement d&#8217;informer l&#8217;utilisateur de l&#8217;existence d&#8217;autres sources capables d&#8217;\u00e9largir le contenu offert par ce site. PURA VALL ne peut garantir et n&#8217;est pas responsable du fonctionnement ou de l&#8217;accessibilit\u00e9 des sites li\u00e9s, ni ne sugg\u00e8re, n&#8217;invite ou ne recommande de les visiter, de sorte qu&#8217;elle ne sera pas non plus responsable du r\u00e9sultat obtenu. PURA VALL n&#8217;est pas responsable de la mise en place d&#8217;hyperliens par des tiers.<\/p>\n<p><strong><em>4.2. PROC\u00c9DURE EN CAS D&#8217;ACTIVIT\u00c9S ILL\u00c9GALES<\/em><\/strong><\/p>\n<p>Dans le cas o\u00f9 un utilisateur ou un tiers consid\u00e8re qu&#8217;il existe des faits ou des circonstances qui r\u00e9v\u00e8lent le caract\u00e8re ill\u00e9gal de l&#8217;utilisation de tout contenu et\/ou de l&#8217;ex\u00e9cution de toute activit\u00e9 sur les pages Web incluses ou accessibles via le site Web, vous devez envoyer une notification \u00e0 PURA VALL en identifiant d\u00fbment, en pr\u00e9cisant les violations all\u00e9gu\u00e9es et en d\u00e9clarant express\u00e9ment et sous votre responsabilit\u00e9 que les informations fournies dans la notification sont exactes.<\/p>\n<p><strong><em>4.3. PUBLICATIONS<\/em><\/strong><\/p>\n<p>Les informations administratives fournies via le site Web ne remplacent pas la publication l\u00e9gale des lois, r\u00e8glements, plans, dispositions g\u00e9n\u00e9rales et actes qui doivent \u00eatre formellement publi\u00e9s dans les journaux officiels des administrations publiques, qui constituent le seul instrument attestant de son authenticit\u00e9 et son contenu. Les informations disponibles sur ce site doivent \u00eatre comprises comme un guide sans but de validit\u00e9 juridique.<\/p>\n<p><strong>5. PROPRI\u00c9T\u00c9 INTELLECTUELLE ET INDUSTRIELLE<\/strong><\/p>\n<p>PURA VALL seule ou en qualit\u00e9 de cessionnaire, est titulaire de tous les droits de propri\u00e9t\u00e9 intellectuelle et industrielle de son site internet, ainsi que des \u00e9l\u00e9ments qui y sont contenus (\u00e0 titre informatif, images, sons, audio, vid\u00e9o, logiciels ou textes ; marques ou logotypes, combinaisons de couleurs, structure et conception, s\u00e9lection des mat\u00e9riaux utilis\u00e9s, programmes informatiques n\u00e9cessaires \u00e0 leur fonctionnement, acc\u00e8s et utilisation, etc.), propri\u00e9t\u00e9 de PURA VALL. Il s&#8217;agira donc d&#8217;\u0153uvres prot\u00e9g\u00e9es en tant que propri\u00e9t\u00e9 intellectuelle par le syst\u00e8me juridique espagnol, \u00e9tant applicables \u00e0 la fois la r\u00e9glementation espagnole et communautaire dans ce domaine, ainsi que les trait\u00e9s internationaux relatifs \u00e0 la mati\u00e8re et sign\u00e9s par l&#8217;Espagne.<\/p>\n<p>Tous droits r\u00e9serv\u00e9s. Conform\u00e9ment aux dispositions des articles 8 et 32.1, deuxi\u00e8me alin\u00e9a, de la loi sur la propri\u00e9t\u00e9 intellectuelle, la reproduction, la distribution et la communication publique, y compris son mode de mise \u00e0 disposition, de tout ou partie du contenu de cette page Web sont express\u00e9ment interdites, \u00e0 des fins commerciales, sur tout support et par tout moyen technique, sans l&#8217;autorisation de PURA VALL.<\/p>\n<p>L&#8217;utilisateur s&#8217;engage \u00e0 respecter les droits de propri\u00e9t\u00e9 intellectuelle et industrielle d\u00e9tenus par EL PURA VALL. Vous pourrez visualiser les \u00e9l\u00e9ments du portail et m\u00eame les imprimer, les copier et les stocker sur le disque dur de votre ordinateur ou sur tout autre support physique n&#8217;importe quand et n&#8217;importe o\u00f9, uniquement et exclusivement, pour votre usage personnel et priv\u00e9. L&#8217;utilisateur doit s&#8217;abstenir de supprimer, modifier, contourner ou manipuler tout dispositif de protection ou syst\u00e8me de s\u00e9curit\u00e9 install\u00e9 sur les pages du PROPRI\u00c9TAIRE DU WEB.<\/p>\n<p><strong>6. ACTIONS JURIDIQUES, DROIT APPLICABLE ET JURIDICTION\u00a0<\/strong><\/p>\n<p>PURA VALL se r\u00e9serve toutefois le droit d&#8217;intenter des poursuites civiles ou p\u00e9nales qu&#8217;elle juge appropri\u00e9es pour une utilisation abusive de son site Web et de son contenu, ou pour violation de ces conditions.<\/p>\n<p>La relation entre l&#8217;utilisateur et le fournisseur sera r\u00e9gie par la r\u00e9glementation en vigueur et applicable sur le territoire espagnol. En cas de litige, les parties pourront soumettre leurs conflits \u00e0 l&#8217;arbitrage ou recourir \u00e0 la juridiction de droit commun dans le respect des r\u00e8gles de juridiction et de comp\u00e9tence en la mati\u00e8re. PURA VALL a son adresse \u00e0 (GIRONA), Espagne.<\/p>\n","protected":false},"excerpt":{"rendered":"<p>1. OBJET Ces mentions l\u00e9gales r\u00e9gissent l&#8217;utilisation et l&#8217;utilisation du site Web www.puravall.com qui appartient \u00e0 AGENCIA DE VIATGES PURA VALL, S.L. ci-apr\u00e8s (PURA VALL) La navigation sur le site &hellip;<\/p>\n","protected":false},"author":1,"featured_media":0,"parent":0,"menu_order":10,"comment_status":"closed","ping_status":"closed","template":"","meta":{"_acf_changed":false,"footnotes":""},"class_list":["post-1849","page","type-page","status-publish","hentry"],"acf":[],"yoast_head":"<!-- This site is optimized with the Yoast SEO plugin v23.8 - https:\/\/yoast.com\/wordpress\/plugins\/seo\/ -->\n<title>Avertissement l\u00e9gal - Pura Vall<\/title>\n<meta name=\"robots\" content=\"index, follow, max-snippet:-1, max-image-preview:large, max-video-preview:-1\" \/>\n<link rel=\"canonical\" href=\"https:\/\/puravall.com\/fr\/avertissement-legal\/\" \/>\n<meta property=\"og:locale\" content=\"fr_FR\" \/>\n<meta property=\"og:type\" content=\"article\" \/>\n<meta property=\"og:title\" content=\"Avertissement l\u00e9gal - Pura Vall\" \/>\n<meta property=\"og:url\" content=\"https:\/\/puravall.com\/fr\/avertissement-legal\/\" \/>\n<meta property=\"og:site_name\" content=\"Pura Vall\" \/>\n<meta property=\"article:modified_time\" content=\"2023-05-02T07:49:56+00:00\" \/>\n<meta name=\"twitter:card\" content=\"summary_large_image\" \/>\n<meta name=\"twitter:label1\" content=\"Dur\u00e9e de lecture estim\u00e9e\" \/>\n\t<meta name=\"twitter:data1\" content=\"10 minutes\" \/>\n<script type=\"application\/ld+json\" class=\"yoast-schema-graph\">{\"@context\":\"https:\/\/schema.org\",\"@graph\":[{\"@type\":\"WebPage\",\"@id\":\"https:\/\/puravall.com\/fr\/avertissement-legal\/\",\"url\":\"https:\/\/puravall.com\/fr\/avertissement-legal\/\",\"name\":\"Avertissement l\u00e9gal - Pura Vall\",\"isPartOf\":{\"@id\":\"https:\/\/puravall.com\/fr\/#website\"},\"datePublished\":\"2023-03-14T11:19:37+00:00\",\"dateModified\":\"2023-05-02T07:49:56+00:00\",\"breadcrumb\":{\"@id\":\"https:\/\/puravall.com\/fr\/avertissement-legal\/#breadcrumb\"},\"inLanguage\":\"fr-FR\",\"potentialAction\":[{\"@type\":\"ReadAction\",\"target\":[\"https:\/\/puravall.com\/fr\/avertissement-legal\/\"]}]},{\"@type\":\"BreadcrumbList\",\"@id\":\"https:\/\/puravall.com\/fr\/avertissement-legal\/#breadcrumb\",\"itemListElement\":[{\"@type\":\"ListItem\",\"position\":1,\"name\":\"Portada\",\"item\":\"https:\/\/puravall.com\/fr\/\"},{\"@type\":\"ListItem\",\"position\":2,\"name\":\"Avertissement l\u00e9gal\"}]},{\"@type\":\"WebSite\",\"@id\":\"https:\/\/puravall.com\/fr\/#website\",\"url\":\"https:\/\/puravall.com\/fr\/\",\"name\":\"Pura Vall\",\"description\":\"Garantim diversitat, comoditat, seguretat i diversi\u00f3 a la teva escapada!\",\"publisher\":{\"@id\":\"https:\/\/puravall.com\/fr\/#organization\"},\"potentialAction\":[{\"@type\":\"SearchAction\",\"target\":{\"@type\":\"EntryPoint\",\"urlTemplate\":\"https:\/\/puravall.com\/fr\/?s={search_term_string}\"},\"query-input\":{\"@type\":\"PropertyValueSpecification\",\"valueRequired\":true,\"valueName\":\"search_term_string\"}}],\"inLanguage\":\"fr-FR\"},{\"@type\":\"Organization\",\"@id\":\"https:\/\/puravall.com\/fr\/#organization\",\"name\":\"Pura Vall\",\"url\":\"https:\/\/puravall.com\/fr\/\",\"logo\":{\"@type\":\"ImageObject\",\"inLanguage\":\"fr-FR\",\"@id\":\"https:\/\/puravall.com\/fr\/#\/schema\/logo\/image\/\",\"url\":\"https:\/\/puravall.com\/wp-content\/uploads\/cropped-logo-positive.png\",\"contentUrl\":\"https:\/\/puravall.com\/wp-content\/uploads\/cropped-logo-positive.png\",\"width\":346,\"height\":409,\"caption\":\"Pura Vall\"},\"image\":{\"@id\":\"https:\/\/puravall.com\/fr\/#\/schema\/logo\/image\/\"}}]}<\/script>\n<!-- \/ Yoast SEO plugin. -->","yoast_head_json":{"title":"Avertissement l\u00e9gal - Pura Vall","robots":{"index":"index","follow":"follow","max-snippet":"max-snippet:-1","max-image-preview":"max-image-preview:large","max-video-preview":"max-video-preview:-1"},"canonical":"https:\/\/puravall.com\/fr\/avertissement-legal\/","og_locale":"fr_FR","og_type":"article","og_title":"Avertissement l\u00e9gal - Pura Vall","og_url":"https:\/\/puravall.com\/fr\/avertissement-legal\/","og_site_name":"Pura Vall","article_modified_time":"2023-05-02T07:49:56+00:00","twitter_card":"summary_large_image","twitter_misc":{"Dur\u00e9e de lecture estim\u00e9e":"10 minutes"},"schema":{"@context":"https:\/\/schema.org","@graph":[{"@type":"WebPage","@id":"https:\/\/puravall.com\/fr\/avertissement-legal\/","url":"https:\/\/puravall.com\/fr\/avertissement-legal\/","name":"Avertissement l\u00e9gal - Pura Vall","isPartOf":{"@id":"https:\/\/puravall.com\/fr\/#website"},"datePublished":"2023-03-14T11:19:37+00:00","dateModified":"2023-05-02T07:49:56+00:00","breadcrumb":{"@id":"https:\/\/puravall.com\/fr\/avertissement-legal\/#breadcrumb"},"inLanguage":"fr-FR","potentialAction":[{"@type":"ReadAction","target":["https:\/\/puravall.com\/fr\/avertissement-legal\/"]}]},{"@type":"BreadcrumbList","@id":"https:\/\/puravall.com\/fr\/avertissement-legal\/#breadcrumb","itemListElement":[{"@type":"ListItem","position":1,"name":"Portada","item":"https:\/\/puravall.com\/fr\/"},{"@type":"ListItem","position":2,"name":"Avertissement l\u00e9gal"}]},{"@type":"WebSite","@id":"https:\/\/puravall.com\/fr\/#website","url":"https:\/\/puravall.com\/fr\/","name":"Pura Vall","description":"Garantim diversitat, comoditat, seguretat i diversi\u00f3 a la teva escapada!","publisher":{"@id":"https:\/\/puravall.com\/fr\/#organization"},"potentialAction":[{"@type":"SearchAction","target":{"@type":"EntryPoint","urlTemplate":"https:\/\/puravall.com\/fr\/?s={search_term_string}"},"query-input":{"@type":"PropertyValueSpecification","valueRequired":true,"valueName":"search_term_string"}}],"inLanguage":"fr-FR"},{"@type":"Organization","@id":"https:\/\/puravall.com\/fr\/#organization","name":"Pura Vall","url":"https:\/\/puravall.com\/fr\/","logo":{"@type":"ImageObject","inLanguage":"fr-FR","@id":"https:\/\/puravall.com\/fr\/#\/schema\/logo\/image\/","url":"https:\/\/puravall.com\/wp-content\/uploads\/cropped-logo-positive.png","contentUrl":"https:\/\/puravall.com\/wp-content\/uploads\/cropped-logo-positive.png","width":346,"height":409,"caption":"Pura Vall"},"image":{"@id":"https:\/\/puravall.com\/fr\/#\/schema\/logo\/image\/"}}]}},"_links":{"self":[{"href":"https:\/\/puravall.com\/fr\/wp-json\/wp\/v2\/pages\/1849","targetHints":{"allow":["GET"]}}],"collection":[{"href":"https:\/\/puravall.com\/fr\/wp-json\/wp\/v2\/pages"}],"about":[{"href":"https:\/\/puravall.com\/fr\/wp-json\/wp\/v2\/types\/page"}],"author":[{"embeddable":true,"href":"https:\/\/puravall.com\/fr\/wp-json\/wp\/v2\/users\/1"}],"replies":[{"embeddable":true,"href":"https:\/\/puravall.com\/fr\/wp-json\/wp\/v2\/comments?post=1849"}],"version-history":[{"count":0,"href":"https:\/\/puravall.com\/fr\/wp-json\/wp\/v2\/pages\/1849\/revisions"}],"wp:attachment":[{"href":"https:\/\/puravall.com\/fr\/wp-json\/wp\/v2\/media?parent=1849"}],"curies":[{"name":"wp","href":"https:\/\/api.w.org\/{rel}","templated":true}]}}