{"id":1860,"date":"2022-03-30T09:27:15","date_gmt":"2022-03-30T09:27:15","guid":{"rendered":"http:\/\/puravall.com\/politica-privacitat\/"},"modified":"2023-05-02T08:18:59","modified_gmt":"2023-05-02T08:18:59","slug":"politique-de-confidentialite","status":"publish","type":"page","link":"https:\/\/puravall.com\/fr\/politique-de-confidentialite\/","title":{"rendered":"Politique de confidentialit\u00e9"},"content":{"rendered":"\n<p>UNE AGENCE DE VOYAGE PURA VALL, S.L. nous nous soucions de votre vie priv\u00e9e et de votre transparence. Ensuite, nous indiquons en d\u00e9tail le traitement des donn\u00e9es personnelles que nous effectuons, ainsi que toutes les informations les concernant conform\u00e9ment \u00e0 ce qui est \u00e9tabli par le R\u00c8GLEMENT (UE) 2016\/679 du 27 avril 2016 du Parlement europ\u00e9en, et du Conseil relative \u00e0 la protection des personnes physiques \u00e0 l&#8217;\u00e9gard du traitement de leurs donn\u00e9es personnelles et par la loi organique 3\/2018, du 5 d\u00e9cembre, sur la protection des donn\u00e9es personnelles et la garantie des droits num\u00e9riques.&lt;\/p &gt;<\/p>\n<figure class=\"wp-block-table\">\n<table>\n<tbody>\n<tr>\n<td><strong>Informations de base sur la protection des donn\u00e9es<\/strong><\/td>\n<\/tr>\n<tr>\n<td><strong>Responsable\u00a0:<\/strong><\/td>\n<td>AGENCIA DE VIATGES PURA VALL, S.L.<\/td>\n<\/tr>\n<tr>\n<td><strong>Objectif :<\/strong><\/td>\n<td>Effectuer la gestion administrative, comptable et fiscale, ainsi que vous envoyer des communications commerciales sur nos produits et services.<\/td>\n<\/tr>\n<tr>\n<td><strong>Droits\u00a0:<\/strong>\u00a0<\/td>\n<td>Vous disposez d&#8217;un droit d&#8217;acc\u00e8s, de rectification et de suppression des donn\u00e9es, ainsi que d&#8217;autres droits, indiqu\u00e9s dans les informations compl\u00e9mentaires.<\/td>\n<\/tr>\n<tr>\n<td><strong>Provenance :<\/strong><\/td>\n<td>L&#8217;int\u00e9ress\u00e9 lui-m\u00eame.<\/td>\n<\/tr>\n<\/tbody>\n<\/table>\n<\/figure>\n<p><strong>INFORMATIONS COMPL\u00c8TES SUR LA PROTECTION DES DONN\u00c9ES\u00a0:<\/strong><\/p>\n<p><strong>1. QUI EST RESPONSABLE DU TRAITEMENT DE VOS DONN\u00c9ES\u00a0?<\/strong><\/p>\n<p>AGENCE DE VOYAGE PURA VALL, S.L.<\/p>\n<p>B05366042<\/p>\n<p>C\/ Puigcerda, n.\u00ba 4, 17534 Ribes de Freser \u2013 G\u00e9rone<\/p>\n<p>685940370 \u2013 685940375 <a href=\"mailto:info@puravall.com\">info@puravall.com<\/a><\/p>\n<p><strong>2. POUR QUELLES FINS TRAITONS-NOUS VOS DONN\u00c9ES PERSONNELLES\u00a0?<\/strong><\/p>\n<p>UNE AGENCE DE VOYAGE PURA VALL, S.L. nous traitons les informations qui nous sont fournies par les parties int\u00e9ress\u00e9es afin d&#8217;effectuer la gestion administrative, comptable et fiscale, ainsi que pour vous envoyer des communications commerciales sur nos produits et\/ou services.<\/p>\n<p><strong>3. COMBIEN DE TEMPS CONSERVONS-NOUS VOS DONN\u00c9ES\u00a0?<\/strong><\/p>\n<p>Pendant 5 ans ou lorsqu&#8217;elles ne sont plus n\u00e9cessaires aux fins pour lesquelles elles ont \u00e9t\u00e9 collect\u00e9es ou jusqu&#8217;\u00e0 ce que l&#8217;int\u00e9ress\u00e9 demande leur suppression.<\/p>\n<p>4. QUELLE EST LA L\u00c9GITIMATION POUR LE TRAITEMENT DE VOS DONN\u00c9ES\u00a0?<\/p>\n<p>Nous indiquons la base juridique pour le traitement de vos donn\u00e9es\u00a0: loi 34\/2002, du 11 juillet, sur les services de la soci\u00e9t\u00e9 de l&#8217;information et du commerce \u00e9lectronique\u00a0; Loi 56\/2007 du 28 d\u00e9cembre sur les mesures de promotion de la soci\u00e9t\u00e9 de l&#8217;information\u00a0; D\u00e9cret royal l\u00e9gislatif 1\/2007, du 16 novembre, approuvant le texte consolid\u00e9 de la loi g\u00e9n\u00e9rale sur la protection des consommateurs et des utilisateurs.<\/p>\n<p>Consentement de l&#8217;int\u00e9ress\u00e9 : R\u00c8GLEMENT (UE) 2016\/679 du 27 avril 2016 du Parlement europ\u00e9en et du Conseil relatif \u00e0 la protection des personnes physiques \u00e0 l&#8217;\u00e9gard du traitement de leurs donn\u00e9es \u00e0 caract\u00e8re personnel et \u00e0 la Loi 3\/2018, du 5 d\u00e9cembre, sur la protection des donn\u00e9es personnelles et la garantie des droits num\u00e9riques.<\/p>\n<p><strong>5. \u00c0 QUELS DESTINATAIRES VOS DONN\u00c9ES SERONT-ELLES COMMUNIQU\u00c9ES\u00a0?<\/strong><\/p>\n<p>Les donn\u00e9es ne seront pas transf\u00e9r\u00e9es \u00e0 des tiers, sauf obligation l\u00e9gale.<\/p>\n<p><strong>6. TRANSFERTS DE DONN\u00c9ES VERS DES PAYS TIERS<\/strong><\/p>\n<p>Les transferts de donn\u00e9es vers des pays tiers ne sont pas pr\u00e9vus.<\/p>\n<p><strong>7. QUELS SONT VOS DROITS LORSQUE VOUS NOUS FOURNISSEZ VOS DONN\u00c9ES ?<\/strong><\/p>\n<p>Toute personne a le droit d&#8217;obtenir la confirmation que AGENCIA DE VIATGES PURA VALL, S.L. nous traitons des donn\u00e9es personnelles qui les concernent ou non.<\/p>\n<p>Les personnes int\u00e9ress\u00e9es ont le droit d&#8217;acc\u00e9der \u00e0 leurs donn\u00e9es personnelles, ainsi que de demander la rectification de donn\u00e9es inexactes ou, le cas \u00e9ch\u00e9ant, de demander leur suppression lorsque, entre autres raisons, les donn\u00e9es ne sont plus n\u00e9cessaires aux fins pour lesquelles ils ont \u00e9t\u00e9 collect\u00e9s.<\/p>\n<p>Dans certaines circonstances, les parties int\u00e9ress\u00e9es peuvent demander la limitation du traitement de leurs donn\u00e9es, auquel cas nous ne les conserverons que pour l&#8217;exercice ou la d\u00e9fense de r\u00e9clamations.<\/p>\n<p>Dans certaines circonstances et pour des raisons li\u00e9es \u00e0 leur situation particuli\u00e8re, les parties int\u00e9ress\u00e9es peuvent s&#8217;opposer au traitement de leurs donn\u00e9es. Dans ce cas, AGENCIA DE VIATGES PURA VALL, S.L. cessera de traiter les donn\u00e9es, sauf pour des raisons l\u00e9gitimes imp\u00e9rieuses, ou l&#8217;exercice ou la d\u00e9fense d&#8217;\u00e9ventuelles r\u00e9clamations.<\/p>\n<p>Si vous avez donn\u00e9 votre consentement dans un but pr\u00e9cis, vous avez le droit de retirer le consentement donn\u00e9 \u00e0 tout moment, sans que cela n&#8217;affecte la l\u00e9galit\u00e9 du traitement fond\u00e9 sur le consentement avant son retrait.<\/p>\n<p>Vous pouvez exercer vos droits en envoyant un e-mail \u00e0 <a href=\"mailto:info@puravall.com\">info@puravall.com<\/a> ou un courrier postal \u00e0 l&#8217;adresse du responsable, indiqu\u00e9e au point 1 .<\/p>\n<p>Si vous estimez que vos droits ont \u00e9t\u00e9 viol\u00e9s au regard de la protection de vos donn\u00e9es personnelles, notamment lorsque vous n&#8217;avez pas obtenu de r\u00e9ponse satisfaisante dans l&#8217;exercice de vos droits, vous pouvez introduire une r\u00e9clamation aupr\u00e8s de l&#8217;Autorit\u00e9 de contr\u00f4le en la mati\u00e8re de la protection des donn\u00e9es comp\u00e9tente via son site Web\u00a0: <a href=\"http:\/\/www.agpd.es\">www.agpd.es<\/a>.<\/p>\n<p><strong>8. COMMENT AVONS-NOUS OBTENU VOS DONN\u00c9ES\u00a0?<\/strong><\/p>\n<p>Les donn\u00e9es personnelles que nous traitons chez AGENCIA DE VIATGES PURA VALL, S.L. elles proviennent de la personne concern\u00e9e.<\/p>\n<p>Les cat\u00e9gories de donn\u00e9es trait\u00e9es sont\u00a0:<\/p>\n<ul>\n<li>Adresses postales et \u00e9lectroniques<\/li>\n<li>Informations commerciales<\/li>\n<li>Donn\u00e9es d&#8217;identification du client<\/li>\n<\/ul>\n<p>Les cat\u00e9gories particuli\u00e8res de donn\u00e9es personnelles ne sont pas trait\u00e9es (ce sont les donn\u00e9es qui r\u00e9v\u00e8lent l&#8217;origine ethnique ou raciale, les opinions politiques, les convictions religieuses ou philosophiques ou l&#8217;affiliation syndicale, les donn\u00e9es g\u00e9n\u00e9tiques, les donn\u00e9es biom\u00e9triques visant \u00e0 identifier sans ambigu\u00eft\u00e9 \u00e0 une personne physique, donn\u00e9es relatives \u00e0 la sant\u00e9 ou donn\u00e9es relatives \u00e0 la vie sexuelle ou \u00e0 l&#8217;orientation sexuelle d&#8217;une personne physique).<\/p>\n","protected":false},"excerpt":{"rendered":"<p>UNE AGENCE DE VOYAGE PURA VALL, S.L. nous nous soucions de votre vie priv\u00e9e et de votre transparence. Ensuite, nous indiquons en d\u00e9tail le traitement des donn\u00e9es personnelles que nous &hellip;<\/p>\n","protected":false},"author":1,"featured_media":0,"parent":0,"menu_order":11,"comment_status":"closed","ping_status":"closed","template":"","meta":{"_acf_changed":false,"footnotes":""},"class_list":["post-1860","page","type-page","status-publish","hentry"],"acf":[],"yoast_head":"<!-- This site is optimized with the Yoast SEO plugin v23.8 - https:\/\/yoast.com\/wordpress\/plugins\/seo\/ -->\n<title>Politique de confidentialit\u00e9 - Pura Vall<\/title>\n<meta name=\"description\" content=\"UNE AGENCE DE VOYAGE PURA VALL, S.L. nous nous soucions de votre vie priv\u00e9e et de votre transparence. Ensuite, nous indiquons en d\u00e9tail le traitement des\" \/>\n<meta name=\"robots\" content=\"index, follow, max-snippet:-1, max-image-preview:large, max-video-preview:-1\" \/>\n<link rel=\"canonical\" href=\"https:\/\/puravall.com\/fr\/politique-de-confidentialite\/\" \/>\n<meta property=\"og:locale\" content=\"fr_FR\" \/>\n<meta property=\"og:type\" content=\"article\" \/>\n<meta property=\"og:title\" content=\"Politique de confidentialit\u00e9 - Pura Vall\" \/>\n<meta property=\"og:description\" content=\"UNE AGENCE DE VOYAGE PURA VALL, S.L. nous nous soucions de votre vie priv\u00e9e et de votre transparence. Ensuite, nous indiquons en d\u00e9tail le traitement des\" \/>\n<meta property=\"og:url\" content=\"https:\/\/puravall.com\/fr\/politique-de-confidentialite\/\" \/>\n<meta property=\"og:site_name\" content=\"Pura Vall\" \/>\n<meta property=\"article:modified_time\" content=\"2023-05-02T08:18:59+00:00\" \/>\n<meta name=\"twitter:card\" content=\"summary_large_image\" \/>\n<meta name=\"twitter:label1\" content=\"Dur\u00e9e de lecture estim\u00e9e\" \/>\n\t<meta name=\"twitter:data1\" content=\"5 minutes\" \/>\n<script type=\"application\/ld+json\" class=\"yoast-schema-graph\">{\"@context\":\"https:\/\/schema.org\",\"@graph\":[{\"@type\":\"WebPage\",\"@id\":\"https:\/\/puravall.com\/fr\/politique-de-confidentialite\/\",\"url\":\"https:\/\/puravall.com\/fr\/politique-de-confidentialite\/\",\"name\":\"Politique de confidentialit\u00e9 - Pura Vall\",\"isPartOf\":{\"@id\":\"https:\/\/puravall.com\/fr\/#website\"},\"datePublished\":\"2022-03-30T09:27:15+00:00\",\"dateModified\":\"2023-05-02T08:18:59+00:00\",\"description\":\"UNE AGENCE DE VOYAGE PURA VALL, S.L. nous nous soucions de votre vie priv\u00e9e et de votre transparence. Ensuite, nous indiquons en d\u00e9tail le traitement des\",\"breadcrumb\":{\"@id\":\"https:\/\/puravall.com\/fr\/politique-de-confidentialite\/#breadcrumb\"},\"inLanguage\":\"fr-FR\",\"potentialAction\":[{\"@type\":\"ReadAction\",\"target\":[\"https:\/\/puravall.com\/fr\/politique-de-confidentialite\/\"]}]},{\"@type\":\"BreadcrumbList\",\"@id\":\"https:\/\/puravall.com\/fr\/politique-de-confidentialite\/#breadcrumb\",\"itemListElement\":[{\"@type\":\"ListItem\",\"position\":1,\"name\":\"Portada\",\"item\":\"https:\/\/puravall.com\/fr\/\"},{\"@type\":\"ListItem\",\"position\":2,\"name\":\"Politique de confidentialit\u00e9\"}]},{\"@type\":\"WebSite\",\"@id\":\"https:\/\/puravall.com\/fr\/#website\",\"url\":\"https:\/\/puravall.com\/fr\/\",\"name\":\"Pura Vall\",\"description\":\"Garantim diversitat, comoditat, seguretat i diversi\u00f3 a la teva escapada!\",\"publisher\":{\"@id\":\"https:\/\/puravall.com\/fr\/#organization\"},\"potentialAction\":[{\"@type\":\"SearchAction\",\"target\":{\"@type\":\"EntryPoint\",\"urlTemplate\":\"https:\/\/puravall.com\/fr\/?s={search_term_string}\"},\"query-input\":{\"@type\":\"PropertyValueSpecification\",\"valueRequired\":true,\"valueName\":\"search_term_string\"}}],\"inLanguage\":\"fr-FR\"},{\"@type\":\"Organization\",\"@id\":\"https:\/\/puravall.com\/fr\/#organization\",\"name\":\"Pura Vall\",\"url\":\"https:\/\/puravall.com\/fr\/\",\"logo\":{\"@type\":\"ImageObject\",\"inLanguage\":\"fr-FR\",\"@id\":\"https:\/\/puravall.com\/fr\/#\/schema\/logo\/image\/\",\"url\":\"https:\/\/puravall.com\/wp-content\/uploads\/cropped-logo-positive.png\",\"contentUrl\":\"https:\/\/puravall.com\/wp-content\/uploads\/cropped-logo-positive.png\",\"width\":346,\"height\":409,\"caption\":\"Pura Vall\"},\"image\":{\"@id\":\"https:\/\/puravall.com\/fr\/#\/schema\/logo\/image\/\"}}]}<\/script>\n<!-- \/ Yoast SEO plugin. -->","yoast_head_json":{"title":"Politique de confidentialit\u00e9 - Pura Vall","description":"UNE AGENCE DE VOYAGE PURA VALL, S.L. nous nous soucions de votre vie priv\u00e9e et de votre transparence. Ensuite, nous indiquons en d\u00e9tail le traitement des","robots":{"index":"index","follow":"follow","max-snippet":"max-snippet:-1","max-image-preview":"max-image-preview:large","max-video-preview":"max-video-preview:-1"},"canonical":"https:\/\/puravall.com\/fr\/politique-de-confidentialite\/","og_locale":"fr_FR","og_type":"article","og_title":"Politique de confidentialit\u00e9 - Pura Vall","og_description":"UNE AGENCE DE VOYAGE PURA VALL, S.L. nous nous soucions de votre vie priv\u00e9e et de votre transparence. Ensuite, nous indiquons en d\u00e9tail le traitement des","og_url":"https:\/\/puravall.com\/fr\/politique-de-confidentialite\/","og_site_name":"Pura Vall","article_modified_time":"2023-05-02T08:18:59+00:00","twitter_card":"summary_large_image","twitter_misc":{"Dur\u00e9e de lecture estim\u00e9e":"5 minutes"},"schema":{"@context":"https:\/\/schema.org","@graph":[{"@type":"WebPage","@id":"https:\/\/puravall.com\/fr\/politique-de-confidentialite\/","url":"https:\/\/puravall.com\/fr\/politique-de-confidentialite\/","name":"Politique de confidentialit\u00e9 - Pura Vall","isPartOf":{"@id":"https:\/\/puravall.com\/fr\/#website"},"datePublished":"2022-03-30T09:27:15+00:00","dateModified":"2023-05-02T08:18:59+00:00","description":"UNE AGENCE DE VOYAGE PURA VALL, S.L. nous nous soucions de votre vie priv\u00e9e et de votre transparence. Ensuite, nous indiquons en d\u00e9tail le traitement des","breadcrumb":{"@id":"https:\/\/puravall.com\/fr\/politique-de-confidentialite\/#breadcrumb"},"inLanguage":"fr-FR","potentialAction":[{"@type":"ReadAction","target":["https:\/\/puravall.com\/fr\/politique-de-confidentialite\/"]}]},{"@type":"BreadcrumbList","@id":"https:\/\/puravall.com\/fr\/politique-de-confidentialite\/#breadcrumb","itemListElement":[{"@type":"ListItem","position":1,"name":"Portada","item":"https:\/\/puravall.com\/fr\/"},{"@type":"ListItem","position":2,"name":"Politique de confidentialit\u00e9"}]},{"@type":"WebSite","@id":"https:\/\/puravall.com\/fr\/#website","url":"https:\/\/puravall.com\/fr\/","name":"Pura Vall","description":"Garantim diversitat, comoditat, seguretat i diversi\u00f3 a la teva escapada!","publisher":{"@id":"https:\/\/puravall.com\/fr\/#organization"},"potentialAction":[{"@type":"SearchAction","target":{"@type":"EntryPoint","urlTemplate":"https:\/\/puravall.com\/fr\/?s={search_term_string}"},"query-input":{"@type":"PropertyValueSpecification","valueRequired":true,"valueName":"search_term_string"}}],"inLanguage":"fr-FR"},{"@type":"Organization","@id":"https:\/\/puravall.com\/fr\/#organization","name":"Pura Vall","url":"https:\/\/puravall.com\/fr\/","logo":{"@type":"ImageObject","inLanguage":"fr-FR","@id":"https:\/\/puravall.com\/fr\/#\/schema\/logo\/image\/","url":"https:\/\/puravall.com\/wp-content\/uploads\/cropped-logo-positive.png","contentUrl":"https:\/\/puravall.com\/wp-content\/uploads\/cropped-logo-positive.png","width":346,"height":409,"caption":"Pura Vall"},"image":{"@id":"https:\/\/puravall.com\/fr\/#\/schema\/logo\/image\/"}}]}},"_links":{"self":[{"href":"https:\/\/puravall.com\/fr\/wp-json\/wp\/v2\/pages\/1860","targetHints":{"allow":["GET"]}}],"collection":[{"href":"https:\/\/puravall.com\/fr\/wp-json\/wp\/v2\/pages"}],"about":[{"href":"https:\/\/puravall.com\/fr\/wp-json\/wp\/v2\/types\/page"}],"author":[{"embeddable":true,"href":"https:\/\/puravall.com\/fr\/wp-json\/wp\/v2\/users\/1"}],"replies":[{"embeddable":true,"href":"https:\/\/puravall.com\/fr\/wp-json\/wp\/v2\/comments?post=1860"}],"version-history":[{"count":0,"href":"https:\/\/puravall.com\/fr\/wp-json\/wp\/v2\/pages\/1860\/revisions"}],"wp:attachment":[{"href":"https:\/\/puravall.com\/fr\/wp-json\/wp\/v2\/media?parent=1860"}],"curies":[{"name":"wp","href":"https:\/\/api.w.org\/{rel}","templated":true}]}}