{"id":1876,"date":"2023-03-14T11:19:43","date_gmt":"2023-03-14T11:19:43","guid":{"rendered":"http:\/\/puravall.com\/politica-de-cookies\/"},"modified":"2023-06-22T10:47:48","modified_gmt":"2023-06-22T10:47:48","slug":"politique-de-cookies","status":"publish","type":"page","link":"https:\/\/puravall.com\/fr\/politique-de-cookies\/","title":{"rendered":"Politique de cookies"},"content":{"rendered":"\n<p><strong>Que sont les cookies\u00a0?<\/strong><\/p>\n<p>Un cookie est un fichier t\u00e9l\u00e9charg\u00e9 sur votre ordinateur lorsque vous acc\u00e9dez \u00e0 certaines pages Web. Les cookies permettent, entre autres, \u00e0 une page Web de stocker et de r\u00e9cup\u00e9rer des informations sur les habitudes de navigation d&#8217;un utilisateur ou de son ordinateur et, en fonction des informations qu&#8217;ils contiennent et de la mani\u00e8re dont ils utilisent leur ordinateur, ils peuvent \u00eatre utilis\u00e9s pour reconna\u00eetre l&#8217;utilisateur.<\/p>\n<p><strong>Pourquoi ce site Web utilise-t-il des cookies et \u00e0 quoi servent-ils\u00a0?<\/strong><\/p>\n<p>Ce site Web utilise des cookies \u00e0 plusieurs fins, notamment\u00a0:<\/p>\n<ul>\n<li>Analyse\u00a0: ce sont ces cookies qui, qu&#8217;ils soient trait\u00e9s par nous ou par des tiers, nous permettent de quantifier le nombre d&#8217;utilisateurs et ainsi d&#8217;effectuer la mesure et l&#8217;analyse statistique de l&#8217;utilisation faite par les utilisateurs du service. Pour cela, votre navigation sur notre site est analys\u00e9e afin d&#8217;am\u00e9liorer l&#8217;exp\u00e9rience utilisateur.<\/li>\n<\/ul>\n<p>Les d\u00e9tails des cookies utilis\u00e9s sur ce site Web sont les suivants\u00a0:<\/p>\n<figure class=\"wp-block-table\"><strong>Cookies<\/strong><strong>Nom<\/strong><strong>Tapez<\/strong><strong>Objectif<\/strong><strong>Plus d&#8217;informations<\/strong>__utma __utmb __utmc __utmz _ga _gatGoogle AnalyticsDe tiersRecueillir des informations sur les utilisateurs naviguant sur le site afin de conna\u00eetre l&#8217;origine des visites et d&#8217;autres donn\u00e9es similaires \u00e0 un niveau statistique. Il n&#8217;obtient pas de donn\u00e9es \u00e0 partir des noms ou pr\u00e9noms des utilisateurs ou de l&#8217;adresse postale sp\u00e9cifique \u00e0 partir de laquelle ils se connectentCentre de confidentialit\u00e9 de Google Analytics\u00a0: http:\/\/www.google.com\/intl\/es\/policies\/privacy\/\n<p>Remarque\u00a0: Les cookies &#8220;propres&#8221; sont utilis\u00e9s uniquement par le propri\u00e9taire de ce site Web et les cookies &#8220;tiers&#8221; sont utilis\u00e9s par le fournisseur de services d\u00e9taill\u00e9 dans l&#8217;encadr\u00e9 pr\u00e9c\u00e9dent.<\/p>\n<p><strong>Comment puis-je d\u00e9sactiver ou supprimer ces cookies\u00a0?<\/strong><\/p>\n<p>Vous pouvez autoriser, bloquer ou supprimer les cookies install\u00e9s sur votre ordinateur en configurant les options du navigateur install\u00e9 sur votre ordinateur\u00a0:<\/p>\n<p><strong>Firefox\u00a0:<\/strong>http:\/\/support.mozilla.org\/es\/kb\/habilitar-y-deshabilitar-cookies-que-los-sitios-we<\/p>\n<p><strong>Chrome\u00a0:<\/strong>http:\/\/support.google.com\/chrome\/bin\/answer.py?hl=es&amp;answer=95647<\/p>\n<p><strong>Explorateur\u00a0:<\/strong>http:\/\/windows.microsoft.com\/es-es\/windows7\/how-to-manage-cookies-in-internet-explorer-9<\/p>\n<p><strong>Safari\u00a0:<\/strong>http:\/\/support.apple.com\/kb\/ph5042<\/p>\n<p><strong>Op\u00e9ra\u00a0:<\/strong>http:\/\/help.opera.com\/Windows\/11.50\/es-ES\/cookies.html<\/p>\n<p><strong>Autres navigateurs<\/strong><\/p>\n<p>Consultez la documentation du navigateur que vous avez install\u00e9.<\/p>\n<p><strong>Plug-in de d\u00e9sactivation du navigateur Google Analytics<\/strong><\/p>\n<p>Si vous souhaitez refuser les cookies analytiques de Google Analytics dans tous les navigateurs, afin que vos informations ne soient pas envoy\u00e9es \u00e0 Google Analytics, vous pouvez t\u00e9l\u00e9charger un plug-in qui remplit cette fonction \u00e0 partir de ce lien\u00a0:<\/p>\n<figure class=\"wp-block-embed\">\n<div class=\"wp-block-embed__wrapper\">https:\/\/tools.google.com\/dlpage\/gaoptout.<\/div>\n<p><strong>Exercice des droits<\/strong><\/p>\n<p>Vous pouvez conna\u00eetre et exercer vos droits en mati\u00e8re de protection des donn\u00e9es en acc\u00e9dant \u00e0 notre politique de confidentialit\u00e9.<\/p>\n<\/figure>\n<div><a id=\"wt-cli-settings-btn\" tabindex=\"0\" role='button' style=\"border-bottom:1px solid; text-decoration:none;\" class=\"wt-cli-element cli_settings_button\"  >D\u00c9FINIR LES BISCUITS<\/a><\/div>\n<\/figure>\n\n\n\n<p><\/p>\n","protected":false},"excerpt":{"rendered":"<p>Que sont les cookies\u00a0? Un cookie est un fichier t\u00e9l\u00e9charg\u00e9 sur votre ordinateur lorsque vous acc\u00e9dez \u00e0 certaines pages Web. Les cookies permettent, entre autres, \u00e0 une page Web de &hellip;<\/p>\n","protected":false},"author":1,"featured_media":0,"parent":0,"menu_order":6,"comment_status":"closed","ping_status":"closed","template":"","meta":{"_acf_changed":false,"footnotes":""},"class_list":["post-1876","page","type-page","status-publish","hentry"],"acf":[],"yoast_head":"<!-- This site is optimized with the Yoast SEO plugin v23.8 - https:\/\/yoast.com\/wordpress\/plugins\/seo\/ -->\n<title>Politique de cookies - Pura Vall<\/title>\n<meta name=\"description\" content=\"Que sont les cookies\u00a0? Un cookie est un fichier t\u00e9l\u00e9charg\u00e9 sur votre ordinateur lorsque vous acc\u00e9dez \u00e0 certaines pages Web. Les cookies permettent, entre\" \/>\n<meta name=\"robots\" content=\"index, follow, max-snippet:-1, max-image-preview:large, max-video-preview:-1\" \/>\n<link rel=\"canonical\" href=\"https:\/\/puravall.com\/fr\/politique-de-cookies\/\" \/>\n<meta property=\"og:locale\" content=\"fr_FR\" \/>\n<meta property=\"og:type\" content=\"article\" \/>\n<meta property=\"og:title\" content=\"Politique de cookies - Pura Vall\" \/>\n<meta property=\"og:description\" content=\"Que sont les cookies\u00a0? Un cookie est un fichier t\u00e9l\u00e9charg\u00e9 sur votre ordinateur lorsque vous acc\u00e9dez \u00e0 certaines pages Web. Les cookies permettent, entre\" \/>\n<meta property=\"og:url\" content=\"https:\/\/puravall.com\/fr\/politique-de-cookies\/\" \/>\n<meta property=\"og:site_name\" content=\"Pura Vall\" \/>\n<meta property=\"article:modified_time\" content=\"2023-06-22T10:47:48+00:00\" \/>\n<meta name=\"twitter:card\" content=\"summary_large_image\" \/>\n<meta name=\"twitter:label1\" content=\"Dur\u00e9e de lecture estim\u00e9e\" \/>\n\t<meta name=\"twitter:data1\" content=\"2 minutes\" \/>\n<script type=\"application\/ld+json\" class=\"yoast-schema-graph\">{\"@context\":\"https:\/\/schema.org\",\"@graph\":[{\"@type\":\"WebPage\",\"@id\":\"https:\/\/puravall.com\/fr\/politique-de-cookies\/\",\"url\":\"https:\/\/puravall.com\/fr\/politique-de-cookies\/\",\"name\":\"Politique de cookies - Pura Vall\",\"isPartOf\":{\"@id\":\"https:\/\/puravall.com\/fr\/#website\"},\"datePublished\":\"2023-03-14T11:19:43+00:00\",\"dateModified\":\"2023-06-22T10:47:48+00:00\",\"description\":\"Que sont les cookies\u00a0? Un cookie est un fichier t\u00e9l\u00e9charg\u00e9 sur votre ordinateur lorsque vous acc\u00e9dez \u00e0 certaines pages Web. Les cookies permettent, entre\",\"breadcrumb\":{\"@id\":\"https:\/\/puravall.com\/fr\/politique-de-cookies\/#breadcrumb\"},\"inLanguage\":\"fr-FR\",\"potentialAction\":[{\"@type\":\"ReadAction\",\"target\":[\"https:\/\/puravall.com\/fr\/politique-de-cookies\/\"]}]},{\"@type\":\"BreadcrumbList\",\"@id\":\"https:\/\/puravall.com\/fr\/politique-de-cookies\/#breadcrumb\",\"itemListElement\":[{\"@type\":\"ListItem\",\"position\":1,\"name\":\"Portada\",\"item\":\"https:\/\/puravall.com\/fr\/\"},{\"@type\":\"ListItem\",\"position\":2,\"name\":\"Politique de cookies\"}]},{\"@type\":\"WebSite\",\"@id\":\"https:\/\/puravall.com\/fr\/#website\",\"url\":\"https:\/\/puravall.com\/fr\/\",\"name\":\"Pura Vall\",\"description\":\"Garantim diversitat, comoditat, seguretat i diversi\u00f3 a la teva escapada!\",\"publisher\":{\"@id\":\"https:\/\/puravall.com\/fr\/#organization\"},\"potentialAction\":[{\"@type\":\"SearchAction\",\"target\":{\"@type\":\"EntryPoint\",\"urlTemplate\":\"https:\/\/puravall.com\/fr\/?s={search_term_string}\"},\"query-input\":{\"@type\":\"PropertyValueSpecification\",\"valueRequired\":true,\"valueName\":\"search_term_string\"}}],\"inLanguage\":\"fr-FR\"},{\"@type\":\"Organization\",\"@id\":\"https:\/\/puravall.com\/fr\/#organization\",\"name\":\"Pura Vall\",\"url\":\"https:\/\/puravall.com\/fr\/\",\"logo\":{\"@type\":\"ImageObject\",\"inLanguage\":\"fr-FR\",\"@id\":\"https:\/\/puravall.com\/fr\/#\/schema\/logo\/image\/\",\"url\":\"https:\/\/puravall.com\/wp-content\/uploads\/cropped-logo-positive.png\",\"contentUrl\":\"https:\/\/puravall.com\/wp-content\/uploads\/cropped-logo-positive.png\",\"width\":346,\"height\":409,\"caption\":\"Pura Vall\"},\"image\":{\"@id\":\"https:\/\/puravall.com\/fr\/#\/schema\/logo\/image\/\"}}]}<\/script>\n<!-- \/ Yoast SEO plugin. -->","yoast_head_json":{"title":"Politique de cookies - Pura Vall","description":"Que sont les cookies\u00a0? Un cookie est un fichier t\u00e9l\u00e9charg\u00e9 sur votre ordinateur lorsque vous acc\u00e9dez \u00e0 certaines pages Web. Les cookies permettent, entre","robots":{"index":"index","follow":"follow","max-snippet":"max-snippet:-1","max-image-preview":"max-image-preview:large","max-video-preview":"max-video-preview:-1"},"canonical":"https:\/\/puravall.com\/fr\/politique-de-cookies\/","og_locale":"fr_FR","og_type":"article","og_title":"Politique de cookies - Pura Vall","og_description":"Que sont les cookies\u00a0? Un cookie est un fichier t\u00e9l\u00e9charg\u00e9 sur votre ordinateur lorsque vous acc\u00e9dez \u00e0 certaines pages Web. Les cookies permettent, entre","og_url":"https:\/\/puravall.com\/fr\/politique-de-cookies\/","og_site_name":"Pura Vall","article_modified_time":"2023-06-22T10:47:48+00:00","twitter_card":"summary_large_image","twitter_misc":{"Dur\u00e9e de lecture estim\u00e9e":"2 minutes"},"schema":{"@context":"https:\/\/schema.org","@graph":[{"@type":"WebPage","@id":"https:\/\/puravall.com\/fr\/politique-de-cookies\/","url":"https:\/\/puravall.com\/fr\/politique-de-cookies\/","name":"Politique de cookies - Pura Vall","isPartOf":{"@id":"https:\/\/puravall.com\/fr\/#website"},"datePublished":"2023-03-14T11:19:43+00:00","dateModified":"2023-06-22T10:47:48+00:00","description":"Que sont les cookies\u00a0? Un cookie est un fichier t\u00e9l\u00e9charg\u00e9 sur votre ordinateur lorsque vous acc\u00e9dez \u00e0 certaines pages Web. Les cookies permettent, entre","breadcrumb":{"@id":"https:\/\/puravall.com\/fr\/politique-de-cookies\/#breadcrumb"},"inLanguage":"fr-FR","potentialAction":[{"@type":"ReadAction","target":["https:\/\/puravall.com\/fr\/politique-de-cookies\/"]}]},{"@type":"BreadcrumbList","@id":"https:\/\/puravall.com\/fr\/politique-de-cookies\/#breadcrumb","itemListElement":[{"@type":"ListItem","position":1,"name":"Portada","item":"https:\/\/puravall.com\/fr\/"},{"@type":"ListItem","position":2,"name":"Politique de cookies"}]},{"@type":"WebSite","@id":"https:\/\/puravall.com\/fr\/#website","url":"https:\/\/puravall.com\/fr\/","name":"Pura Vall","description":"Garantim diversitat, comoditat, seguretat i diversi\u00f3 a la teva escapada!","publisher":{"@id":"https:\/\/puravall.com\/fr\/#organization"},"potentialAction":[{"@type":"SearchAction","target":{"@type":"EntryPoint","urlTemplate":"https:\/\/puravall.com\/fr\/?s={search_term_string}"},"query-input":{"@type":"PropertyValueSpecification","valueRequired":true,"valueName":"search_term_string"}}],"inLanguage":"fr-FR"},{"@type":"Organization","@id":"https:\/\/puravall.com\/fr\/#organization","name":"Pura Vall","url":"https:\/\/puravall.com\/fr\/","logo":{"@type":"ImageObject","inLanguage":"fr-FR","@id":"https:\/\/puravall.com\/fr\/#\/schema\/logo\/image\/","url":"https:\/\/puravall.com\/wp-content\/uploads\/cropped-logo-positive.png","contentUrl":"https:\/\/puravall.com\/wp-content\/uploads\/cropped-logo-positive.png","width":346,"height":409,"caption":"Pura Vall"},"image":{"@id":"https:\/\/puravall.com\/fr\/#\/schema\/logo\/image\/"}}]}},"_links":{"self":[{"href":"https:\/\/puravall.com\/fr\/wp-json\/wp\/v2\/pages\/1876","targetHints":{"allow":["GET"]}}],"collection":[{"href":"https:\/\/puravall.com\/fr\/wp-json\/wp\/v2\/pages"}],"about":[{"href":"https:\/\/puravall.com\/fr\/wp-json\/wp\/v2\/types\/page"}],"author":[{"embeddable":true,"href":"https:\/\/puravall.com\/fr\/wp-json\/wp\/v2\/users\/1"}],"replies":[{"embeddable":true,"href":"https:\/\/puravall.com\/fr\/wp-json\/wp\/v2\/comments?post=1876"}],"version-history":[{"count":0,"href":"https:\/\/puravall.com\/fr\/wp-json\/wp\/v2\/pages\/1876\/revisions"}],"wp:attachment":[{"href":"https:\/\/puravall.com\/fr\/wp-json\/wp\/v2\/media?parent=1876"}],"curies":[{"name":"wp","href":"https:\/\/api.w.org\/{rel}","templated":true}]}}